{"id":2277,"date":"2016-11-15T09:21:11","date_gmt":"2016-11-15T08:21:11","guid":{"rendered":"https:\/\/billingensstugby.se.tuana.hemsida.eu\/bokningsformulaer\/"},"modified":"2021-06-15T15:04:53","modified_gmt":"2021-06-15T14:04:53","slug":"bokningsformulaer","status":"publish","type":"page","link":"https:\/\/billingensstugby.se\/de\/bokningsformulaer\/","title":{"rendered":"Reserveren"},"content":{"rendered":"\t\t<div data-elementor-type=\"wp-page\" data-elementor-id=\"2277\" class=\"elementor elementor-2277 elementor-15\" data-elementor-post-type=\"page\">\n\t\t\t\t\t\t<section class=\"elementor-section elementor-top-section elementor-element elementor-element-448ba64 elementor-section-boxed elementor-section-height-default elementor-section-height-default\" data-id=\"448ba64\" data-element_type=\"section\" data-e-type=\"section\">\n\t\t\t\t\t\t<div class=\"elementor-container elementor-column-gap-default\">\n\t\t\t\t\t<div class=\"elementor-column elementor-col-100 elementor-top-column elementor-element elementor-element-5af435d\" data-id=\"5af435d\" data-element_type=\"column\" data-e-type=\"column\">\n\t\t\t<div class=\"elementor-widget-wrap elementor-element-populated\">\n\t\t\t\t\t\t<div class=\"elementor-element elementor-element-d1e3b79 elementor-widget elementor-widget-spacer\" data-id=\"d1e3b79\" data-element_type=\"widget\" data-e-type=\"widget\" data-widget_type=\"spacer.default\">\n\t\t\t\t<div class=\"elementor-widget-container\">\n\t\t\t\t\t\t\t<div class=\"elementor-spacer\">\n\t\t\t<div class=\"elementor-spacer-inner\"><\/div>\n\t\t<\/div>\n\t\t\t\t\t\t<\/div>\n\t\t\t\t<\/div>\n\t\t\t\t\t<\/div>\n\t\t<\/div>\n\t\t\t\t\t<\/div>\n\t\t<\/section>\n\t\t\t\t<section class=\"elementor-section elementor-top-section elementor-element elementor-element-f6404d8 elementor-section-boxed elementor-section-height-default elementor-section-height-default\" data-id=\"f6404d8\" data-element_type=\"section\" data-e-type=\"section\">\n\t\t\t\t\t\t<div class=\"elementor-container elementor-column-gap-default\">\n\t\t\t\t\t<div class=\"elementor-column elementor-col-100 elementor-top-column elementor-element elementor-element-cac1fa8\" data-id=\"cac1fa8\" data-element_type=\"column\" data-e-type=\"column\">\n\t\t\t<div class=\"elementor-widget-wrap elementor-element-populated\">\n\t\t\t\t\t\t<div class=\"elementor-element elementor-element-23c6243 elementor-widget elementor-widget-html\" data-id=\"23c6243\" data-element_type=\"widget\" data-e-type=\"widget\" data-widget_type=\"html.default\">\n\t\t\t\t<div class=\"elementor-widget-container\">\n\t\t\t\t\t<iframe src=\"https:\/\/booking.billingensstugby.se:446\/billingen2\" titl=\"Boka\" height=\"900px\"><\/iframe>\t\t\t\t<\/div>\n\t\t\t\t<\/div>\n\t\t\t\t\t<\/div>\n\t\t<\/div>\n\t\t\t\t\t<\/div>\n\t\t<\/section>\n\t\t\t\t<section class=\"elementor-section elementor-top-section elementor-element elementor-element-3fd27cc elementor-section-boxed elementor-section-height-default elementor-section-height-default\" data-id=\"3fd27cc\" data-element_type=\"section\" data-e-type=\"section\">\n\t\t\t\t\t\t<div class=\"elementor-container elementor-column-gap-default\">\n\t\t\t\t\t<div class=\"elementor-column elementor-col-100 elementor-top-column elementor-element elementor-element-1b89a214\" data-id=\"1b89a214\" data-element_type=\"column\" data-e-type=\"column\">\n\t\t\t<div class=\"elementor-widget-wrap elementor-element-populated\">\n\t\t\t\t\t\t<div class=\"elementor-element elementor-element-1d14069a elementor-widget elementor-widget-text-editor\" data-id=\"1d14069a\" data-element_type=\"widget\" data-e-type=\"widget\" data-widget_type=\"text-editor.default\">\n\t\t\t\t<div class=\"elementor-widget-container\">\n\t\t\t\t\t\t\t\t\t<p>Se <a href=\"https:\/\/billingensstugby.se\/bokningsvillkor\/\" target=\"_blank\" rel=\"noreferrer noopener\" aria-label=\" (\u00f6ppnas i en ny flik)\">Bokningsvillkor<\/a><\/p>\t\t\t\t\t\t\t\t<\/div>\n\t\t\t\t<\/div>\n\t\t\t\t\t<\/div>\n\t\t<\/div>\n\t\t\t\t\t<\/div>\n\t\t<\/section>\n\t\t\t\t<section class=\"elementor-section elementor-top-section elementor-element elementor-element-6104d5d elementor-section-boxed elementor-section-height-default elementor-section-height-default\" data-id=\"6104d5d\" data-element_type=\"section\" data-e-type=\"section\">\n\t\t\t\t\t\t<div class=\"elementor-container elementor-column-gap-default\">\n\t\t\t\t\t<div class=\"elementor-column elementor-col-100 elementor-top-column elementor-element elementor-element-619251a\" data-id=\"619251a\" data-element_type=\"column\" data-e-type=\"column\">\n\t\t\t<div class=\"elementor-widget-wrap elementor-element-populated\">\n\t\t\t\t\t\t<div class=\"elementor-element elementor-element-6125bec elementor-widget elementor-widget-spacer\" data-id=\"6125bec\" data-element_type=\"widget\" data-e-type=\"widget\" data-widget_type=\"spacer.default\">\n\t\t\t\t<div class=\"elementor-widget-container\">\n\t\t\t\t\t\t\t<div class=\"elementor-spacer\">\n\t\t\t<div class=\"elementor-spacer-inner\"><\/div>\n\t\t<\/div>\n\t\t\t\t\t\t<\/div>\n\t\t\t\t<\/div>\n\t\t\t\t\t<\/div>\n\t\t<\/div>\n\t\t\t\t\t<\/div>\n\t\t<\/section>\n\t\t\t\t<\/div>\n\t\t","protected":false},"excerpt":{"rendered":"<p>Se Bokningsvillkor<\/p>\n","protected":false},"author":12,"featured_media":912,"parent":0,"menu_order":0,"comment_status":"closed","ping_status":"closed","template":"elementor_header_footer","meta":{"_acf_changed":false,"_genesis_hide_title":false,"_genesis_hide_breadcrumbs":false,"_genesis_hide_singular_image":false,"_genesis_hide_footer_widgets":false,"_genesis_custom_body_class":"","_genesis_custom_post_class":"","_genesis_layout":"","footnotes":""},"class_list":{"0":"post-2277","1":"page","2":"type-page","3":"status-publish","4":"has-post-thumbnail","6":"entry"},"acf":[],"yoast_head":"<!-- This site is optimized with the Yoast SEO plugin v27.3 - https:\/\/yoast.com\/product\/yoast-seo-wordpress\/ -->\n<title>Reserveren - Billingens stugby &amp; camping<\/title>\n<meta name=\"description\" content=\"Bokningsformul\u00e4r f\u00f6r att fr\u00e5ga om ledigt boende b\u00e5de vad g\u00e4ller stugor, vandarhem och camping.\" \/>\n<meta name=\"robots\" content=\"index, follow, max-snippet:-1, max-image-preview:large, max-video-preview:-1\" \/>\n<link rel=\"canonical\" href=\"https:\/\/billingensstugby.se\/de\/bokningsformulaer\/\" \/>\n<meta property=\"og:locale\" content=\"de_DE\" \/>\n<meta property=\"og:type\" content=\"article\" \/>\n<meta property=\"og:title\" content=\"Reserveren - Billingens stugby &amp; camping\" \/>\n<meta property=\"og:description\" content=\"Bokningsformul\u00e4r f\u00f6r att fr\u00e5ga om ledigt boende b\u00e5de vad g\u00e4ller stugor, vandarhem och camping.\" \/>\n<meta property=\"og:url\" content=\"https:\/\/billingensstugby.se\/de\/bokningsformulaer\/\" \/>\n<meta property=\"og:site_name\" content=\"Billingens stugby &amp; camping\" \/>\n<meta property=\"article:modified_time\" content=\"2021-06-15T14:04:53+00:00\" \/>\n<meta property=\"og:image\" content=\"https:\/\/billingensstugby.se\/wp-content\/uploads\/2020\/07\/Ryds-grottor_-Foto-Jessica-Bergstrand_3-kopiera-e1593720217715.jpg\" \/>\n\t<meta property=\"og:image:width\" content=\"1100\" \/>\n\t<meta property=\"og:image:height\" content=\"750\" \/>\n\t<meta property=\"og:image:type\" content=\"image\/jpeg\" \/>\n<meta name=\"twitter:card\" content=\"summary_large_image\" \/>\n<meta name=\"twitter:label1\" content=\"Gesch\u00e4tzte Lesezeit\" \/>\n\t<meta name=\"twitter:data1\" content=\"1\u00a0Minute\" \/>\n<script type=\"application\/ld+json\" class=\"yoast-schema-graph\">{\"@context\":\"https:\\\/\\\/schema.org\",\"@graph\":[{\"@type\":\"WebPage\",\"@id\":\"https:\\\/\\\/billingensstugby.se\\\/de\\\/bokningsformulaer\\\/\",\"url\":\"https:\\\/\\\/billingensstugby.se\\\/de\\\/bokningsformulaer\\\/\",\"name\":\"Reserveren - Billingens stugby &amp; camping\",\"isPartOf\":{\"@id\":\"https:\\\/\\\/billingensstugby.se\\\/de\\\/#website\"},\"primaryImageOfPage\":{\"@id\":\"https:\\\/\\\/billingensstugby.se\\\/de\\\/bokningsformulaer\\\/#primaryimage\"},\"image\":{\"@id\":\"https:\\\/\\\/billingensstugby.se\\\/de\\\/bokningsformulaer\\\/#primaryimage\"},\"thumbnailUrl\":\"https:\\\/\\\/billingensstugby.se\\\/wp-content\\\/uploads\\\/2020\\\/07\\\/Ryds-grottor_-Foto-Jessica-Bergstrand_3-kopiera-e1593720217715.jpg\",\"datePublished\":\"2016-11-15T08:21:11+00:00\",\"dateModified\":\"2021-06-15T14:04:53+00:00\",\"description\":\"Bokningsformul\u00e4r f\u00f6r att fr\u00e5ga om ledigt boende b\u00e5de vad g\u00e4ller stugor, vandarhem och camping.\",\"breadcrumb\":{\"@id\":\"https:\\\/\\\/billingensstugby.se\\\/de\\\/bokningsformulaer\\\/#breadcrumb\"},\"inLanguage\":\"de\",\"potentialAction\":[{\"@type\":\"ReadAction\",\"target\":[\"https:\\\/\\\/billingensstugby.se\\\/de\\\/bokningsformulaer\\\/\"]}]},{\"@type\":\"ImageObject\",\"inLanguage\":\"de\",\"@id\":\"https:\\\/\\\/billingensstugby.se\\\/de\\\/bokningsformulaer\\\/#primaryimage\",\"url\":\"https:\\\/\\\/billingensstugby.se\\\/wp-content\\\/uploads\\\/2020\\\/07\\\/Ryds-grottor_-Foto-Jessica-Bergstrand_3-kopiera-e1593720217715.jpg\",\"contentUrl\":\"https:\\\/\\\/billingensstugby.se\\\/wp-content\\\/uploads\\\/2020\\\/07\\\/Ryds-grottor_-Foto-Jessica-Bergstrand_3-kopiera-e1593720217715.jpg\",\"width\":1100,\"height\":750,\"caption\":\"Vy fr\u00e5n Ryds grottor \u00f6ver Sk\u00f6vde.Foto: Jessica Bergstrand\"},{\"@type\":\"BreadcrumbList\",\"@id\":\"https:\\\/\\\/billingensstugby.se\\\/de\\\/bokningsformulaer\\\/#breadcrumb\",\"itemListElement\":[{\"@type\":\"ListItem\",\"position\":1,\"name\":\"Hem\",\"item\":\"https:\\\/\\\/billingensstugby.se\\\/de\\\/\"},{\"@type\":\"ListItem\",\"position\":2,\"name\":\"Reserveren\"}]},{\"@type\":\"WebSite\",\"@id\":\"https:\\\/\\\/billingensstugby.se\\\/de\\\/#website\",\"url\":\"https:\\\/\\\/billingensstugby.se\\\/de\\\/\",\"name\":\"Billingens stugby &amp; camping\",\"description\":\"Natursk\u00f6n stugby &amp; camping bel\u00e4gen 3,5 km fr\u00e5n centrum, p\u00e5 berget Billingen. Hyr ut stugor \u00e5ret runt. STF vandrarhem och SCR camping.\",\"publisher\":{\"@id\":\"https:\\\/\\\/billingensstugby.se\\\/de\\\/#organization\"},\"potentialAction\":[{\"@type\":\"SearchAction\",\"target\":{\"@type\":\"EntryPoint\",\"urlTemplate\":\"https:\\\/\\\/billingensstugby.se\\\/de\\\/?s={search_term_string}\"},\"query-input\":{\"@type\":\"PropertyValueSpecification\",\"valueRequired\":true,\"valueName\":\"search_term_string\"}}],\"inLanguage\":\"de\"},{\"@type\":\"Organization\",\"@id\":\"https:\\\/\\\/billingensstugby.se\\\/de\\\/#organization\",\"name\":\"Billingens stugby och camping\",\"url\":\"https:\\\/\\\/billingensstugby.se\\\/de\\\/\",\"logo\":{\"@type\":\"ImageObject\",\"inLanguage\":\"de\",\"@id\":\"https:\\\/\\\/billingensstugby.se\\\/de\\\/#\\\/schema\\\/logo\\\/image\\\/\",\"url\":\"https:\\\/\\\/billingensstugby.se\\\/wp-content\\\/uploads\\\/2016\\\/11\\\/loggabillingen-e1611223751434.png\",\"contentUrl\":\"https:\\\/\\\/billingensstugby.se\\\/wp-content\\\/uploads\\\/2016\\\/11\\\/loggabillingen-e1611223751434.png\",\"width\":402,\"height\":123,\"caption\":\"Billingens stugby och camping\"},\"image\":{\"@id\":\"https:\\\/\\\/billingensstugby.se\\\/de\\\/#\\\/schema\\\/logo\\\/image\\\/\"},\"sameAs\":[\"https:\\\/\\\/www.instagram.com\\\/billingensstugby\\\/\"]}]}<\/script>\n<!-- \/ Yoast SEO plugin. -->","yoast_head_json":{"title":"Reserveren - Billingens stugby &amp; camping","description":"Bokningsformul\u00e4r f\u00f6r att fr\u00e5ga om ledigt boende b\u00e5de vad g\u00e4ller stugor, vandarhem och camping.","robots":{"index":"index","follow":"follow","max-snippet":"max-snippet:-1","max-image-preview":"max-image-preview:large","max-video-preview":"max-video-preview:-1"},"canonical":"https:\/\/billingensstugby.se\/de\/bokningsformulaer\/","og_locale":"de_DE","og_type":"article","og_title":"Reserveren - Billingens stugby &amp; camping","og_description":"Bokningsformul\u00e4r f\u00f6r att fr\u00e5ga om ledigt boende b\u00e5de vad g\u00e4ller stugor, vandarhem och camping.","og_url":"https:\/\/billingensstugby.se\/de\/bokningsformulaer\/","og_site_name":"Billingens stugby &amp; camping","article_modified_time":"2021-06-15T14:04:53+00:00","og_image":[{"width":1100,"height":750,"url":"https:\/\/billingensstugby.se\/wp-content\/uploads\/2020\/07\/Ryds-grottor_-Foto-Jessica-Bergstrand_3-kopiera-e1593720217715.jpg","type":"image\/jpeg"}],"twitter_card":"summary_large_image","twitter_misc":{"Gesch\u00e4tzte Lesezeit":"1\u00a0Minute"},"schema":{"@context":"https:\/\/schema.org","@graph":[{"@type":"WebPage","@id":"https:\/\/billingensstugby.se\/de\/bokningsformulaer\/","url":"https:\/\/billingensstugby.se\/de\/bokningsformulaer\/","name":"Reserveren - Billingens stugby &amp; camping","isPartOf":{"@id":"https:\/\/billingensstugby.se\/de\/#website"},"primaryImageOfPage":{"@id":"https:\/\/billingensstugby.se\/de\/bokningsformulaer\/#primaryimage"},"image":{"@id":"https:\/\/billingensstugby.se\/de\/bokningsformulaer\/#primaryimage"},"thumbnailUrl":"https:\/\/billingensstugby.se\/wp-content\/uploads\/2020\/07\/Ryds-grottor_-Foto-Jessica-Bergstrand_3-kopiera-e1593720217715.jpg","datePublished":"2016-11-15T08:21:11+00:00","dateModified":"2021-06-15T14:04:53+00:00","description":"Bokningsformul\u00e4r f\u00f6r att fr\u00e5ga om ledigt boende b\u00e5de vad g\u00e4ller stugor, vandarhem och camping.","breadcrumb":{"@id":"https:\/\/billingensstugby.se\/de\/bokningsformulaer\/#breadcrumb"},"inLanguage":"de","potentialAction":[{"@type":"ReadAction","target":["https:\/\/billingensstugby.se\/de\/bokningsformulaer\/"]}]},{"@type":"ImageObject","inLanguage":"de","@id":"https:\/\/billingensstugby.se\/de\/bokningsformulaer\/#primaryimage","url":"https:\/\/billingensstugby.se\/wp-content\/uploads\/2020\/07\/Ryds-grottor_-Foto-Jessica-Bergstrand_3-kopiera-e1593720217715.jpg","contentUrl":"https:\/\/billingensstugby.se\/wp-content\/uploads\/2020\/07\/Ryds-grottor_-Foto-Jessica-Bergstrand_3-kopiera-e1593720217715.jpg","width":1100,"height":750,"caption":"Vy fr\u00e5n Ryds grottor \u00f6ver Sk\u00f6vde.Foto: Jessica Bergstrand"},{"@type":"BreadcrumbList","@id":"https:\/\/billingensstugby.se\/de\/bokningsformulaer\/#breadcrumb","itemListElement":[{"@type":"ListItem","position":1,"name":"Hem","item":"https:\/\/billingensstugby.se\/de\/"},{"@type":"ListItem","position":2,"name":"Reserveren"}]},{"@type":"WebSite","@id":"https:\/\/billingensstugby.se\/de\/#website","url":"https:\/\/billingensstugby.se\/de\/","name":"Billingens stugby &amp; camping","description":"Natursk\u00f6n stugby &amp; camping bel\u00e4gen 3,5 km fr\u00e5n centrum, p\u00e5 berget Billingen. Hyr ut stugor \u00e5ret runt. STF vandrarhem och SCR camping.","publisher":{"@id":"https:\/\/billingensstugby.se\/de\/#organization"},"potentialAction":[{"@type":"SearchAction","target":{"@type":"EntryPoint","urlTemplate":"https:\/\/billingensstugby.se\/de\/?s={search_term_string}"},"query-input":{"@type":"PropertyValueSpecification","valueRequired":true,"valueName":"search_term_string"}}],"inLanguage":"de"},{"@type":"Organization","@id":"https:\/\/billingensstugby.se\/de\/#organization","name":"Billingens stugby och camping","url":"https:\/\/billingensstugby.se\/de\/","logo":{"@type":"ImageObject","inLanguage":"de","@id":"https:\/\/billingensstugby.se\/de\/#\/schema\/logo\/image\/","url":"https:\/\/billingensstugby.se\/wp-content\/uploads\/2016\/11\/loggabillingen-e1611223751434.png","contentUrl":"https:\/\/billingensstugby.se\/wp-content\/uploads\/2016\/11\/loggabillingen-e1611223751434.png","width":402,"height":123,"caption":"Billingens stugby och camping"},"image":{"@id":"https:\/\/billingensstugby.se\/de\/#\/schema\/logo\/image\/"},"sameAs":["https:\/\/www.instagram.com\/billingensstugby\/"]}]}},"_links":{"self":[{"href":"https:\/\/billingensstugby.se\/de\/wp-json\/wp\/v2\/pages\/2277","targetHints":{"allow":["GET"]}}],"collection":[{"href":"https:\/\/billingensstugby.se\/de\/wp-json\/wp\/v2\/pages"}],"about":[{"href":"https:\/\/billingensstugby.se\/de\/wp-json\/wp\/v2\/types\/page"}],"author":[{"embeddable":true,"href":"https:\/\/billingensstugby.se\/de\/wp-json\/wp\/v2\/users\/12"}],"replies":[{"embeddable":true,"href":"https:\/\/billingensstugby.se\/de\/wp-json\/wp\/v2\/comments?post=2277"}],"version-history":[{"count":11,"href":"https:\/\/billingensstugby.se\/de\/wp-json\/wp\/v2\/pages\/2277\/revisions"}],"predecessor-version":[{"id":2496,"href":"https:\/\/billingensstugby.se\/de\/wp-json\/wp\/v2\/pages\/2277\/revisions\/2496"}],"wp:featuredmedia":[{"embeddable":true,"href":"https:\/\/billingensstugby.se\/de\/wp-json\/wp\/v2\/media\/912"}],"wp:attachment":[{"href":"https:\/\/billingensstugby.se\/de\/wp-json\/wp\/v2\/media?parent=2277"}],"curies":[{"name":"wp","href":"https:\/\/api.w.org\/{rel}","templated":true}]}}