{"id":2285,"date":"2017-01-19T12:13:30","date_gmt":"2017-01-19T11:13:30","guid":{"rendered":"https:\/\/billingensstugby.se.tuana.hemsida.eu\/bokningsvillkor\/"},"modified":"2021-06-15T11:16:48","modified_gmt":"2021-06-15T10:16:48","slug":"bokningsvillkor","status":"publish","type":"page","link":"https:\/\/billingensstugby.se\/de\/bokningsvillkor\/","title":{"rendered":"Kondition Buchung"},"content":{"rendered":"<p><strong>Stornierung<\/strong><\/p>\n<p>Im Falle einer Stornierung:<br \/>\n-mehr als drei Tage vor Ankunft werden keine Kosten berechnet.<br \/>\n-1-3 Tage vor Ankunft berechnen wir 50% am ersten Tag und 25% am zweiten Tag.<br \/>\n-tag der Ankunft, berechnen wir 100% am ersten Tag, 50% am zweiten Tag und 25% am dritten Tag.<\/p>\n<p><strong>Stornierung Wichtige Buchungen gelten f\u00fcr andere Regeln!<\/strong><\/p>\n<p><strong>Check-in und Check-out<\/strong><\/p>\n<p>Cottages und Hostels sind von kl erh\u00e4ltlich. 15:00 der Ankunftstag bis kl. 11:00 Uhr am Tag der Abreise.<br \/>\nBeim Check-out muss das Zimmer oder Cottage f\u00fcr den n\u00e4chsten Gast gereinigt und frisch sein.<br \/>\nCampingplatz ist verf\u00fcgbar unter 15:00 Uhr am Tag der Abreise.<br \/>\nDer Check-out nach der angegebenen Zeit wird f\u00fcr die n\u00e4chste Nacht berechnet.<\/p>\n<p><strong>Ein- und Ausfahrten.<\/strong><\/p>\n<p>In der Gegend betr\u00e4gt die Geschwindigkeit h\u00f6chstens 10 km\/h.<br \/>\nVermeiden Sie es, unn\u00f6tig in der Gegend zu fahren, da wir versuchen, unseren G\u00e4sten ein hohes Ma\u00df an Sicherheit zu bieten.<br \/>\nZwischen 23:00 bis 07:00 Uhr sind die Bars gesperrt.<\/p>\n<p><strong>Standort des wohnwagens.<\/strong><\/p>\n<p>Gesch\u00fctzte Zelte, Wohnwagen und Wohnmobile m\u00fcssen sich an einem ausgewiesenen Ort mit einem Sicherheitsabstand von 4 Metern befinden.<br \/>\nDer Wohnwagen sollte auf der Kiesoberfl\u00e4che mit einer Anh\u00e4ngerkupplung in Richtung der Stra\u00dfe aufgestellt werden und der Wagen steht auf der Kiesfl\u00e4che vor dem Haus.<br \/>\nCaravan muss auf der Kiesoberfl\u00e4che platziert werden.<\/p>\n<p><strong>Steckdosen<\/strong>.<\/p>\n<p>Es gibt 10A oder 16A Schlie\u00dff\u00e4cher je nach Standort.<\/p>\n<p>Kabelloses Internet \/ Wi-Fi.<\/p>\n<p>Erh\u00e4ltlich an der Rezeption zu kaufen. Preis 20sek\/Tag oder 35sek\/Woche.<br \/>\n2 Ger\u00e4te k\u00f6nnen an einen Code angeschlossen werden.<\/p>\n<p><strong>Zahlung<\/strong>.<\/p>\n<p>Sie k\u00f6nnen mit SEK oder EURO sowie den meisten Debitkarten bezahlen.<\/p>\n<p><strong>W\u00e4scherei<\/strong>.<\/p>\n<p>Es gibt zwei Waschmaschinen und zwei Trockner im Service-Haus.<br \/>\nDiese werden \u00fcber die Rezeption gebucht.<\/p>\n<p><strong>Minigolf<\/strong>.<\/p>\n<p>Wir haben einen klassischen 10-Loch-Platz in guter Qualit\u00e4t.<br \/>\nSchl\u00e4ger und B\u00e4lle sind an der Rezeption erh\u00e4ltlich.<\/p>\n<p><strong>Sauna<\/strong>.<\/p>\n<p>Sauna kann f\u00fcr jeden gemietet werden und es gibt genug Platz f\u00fcr 8 Personen.<br \/>\nDie Dusche befindet sich im selben Geb\u00e4ude.<br \/>\nGebucht \u00fcber die Rezeption f\u00fcr 60sek\/Stunde.<br \/>\nDas ganze Jahr ge\u00f6ffnet.<\/p>\n<p><strong>Zufriedenheit Politik.<\/strong><\/p>\n<p>Auf dem Campingplatz herrscht an jedem Tag der Woche Ruhe zwischen 23:00 und 07:00 Uhr.<\/p>\n<p><strong>Haustier.<\/strong><\/p>\n<p>Bleiben Sie immer in Verbindung und ruhen Sie au\u00dferhalb des Bereichs!<\/p>\n<p><strong>Umwelt entfernt.<\/strong><\/p>\n<p>Im Service-Haus gibt es eine Umweltstation, wo Sie M\u00fcll f\u00fcr Glas, Metall und Haushaltsabf\u00e4lle sortieren k\u00f6nnen.<\/p>\n","protected":false},"excerpt":{"rendered":"<p>Stornierung Im Falle einer Stornierung: -mehr als drei Tage vor Ankunft werden keine Kosten berechnet. -1-3 Tage vor Ankunft berechnen wir 50% am ersten Tag und 25% am zweiten Tag. -tag der Ankunft, berechnen wir 100% am ersten Tag, 50% am zweiten Tag und 25% am dritten Tag. Stornierung Wichtige Buchungen gelten f\u00fcr andere Regeln! [&hellip;]<\/p>\n","protected":false},"author":12,"featured_media":0,"parent":0,"menu_order":0,"comment_status":"closed","ping_status":"closed","template":"elementor_header_footer","meta":{"_acf_changed":false,"_genesis_hide_title":false,"_genesis_hide_breadcrumbs":false,"_genesis_hide_singular_image":false,"_genesis_hide_footer_widgets":false,"_genesis_custom_body_class":"","_genesis_custom_post_class":"","_genesis_layout":"","footnotes":""},"class_list":{"0":"post-2285","1":"page","2":"type-page","3":"status-publish","5":"entry"},"acf":[],"yoast_head":"<!-- This site is optimized with the Yoast SEO plugin v27.4 - https:\/\/yoast.com\/product\/yoast-seo-wordpress\/ -->\n<title>Kondition Buchung - Billingens stugby &amp; camping<\/title>\n<meta name=\"description\" content=\"H\u00e4r ser du vilka bokningsvilkor som g\u00e4ller f\u00f6r Billingens stugby och camping.\" \/>\n<meta name=\"robots\" content=\"index, follow, max-snippet:-1, max-image-preview:large, max-video-preview:-1\" \/>\n<link rel=\"canonical\" href=\"https:\/\/billingensstugby.se\/de\/bokningsvillkor\/\" \/>\n<meta property=\"og:locale\" content=\"de_DE\" \/>\n<meta property=\"og:type\" content=\"article\" \/>\n<meta property=\"og:title\" content=\"Kondition Buchung - Billingens stugby &amp; camping\" \/>\n<meta property=\"og:description\" content=\"H\u00e4r ser du vilka bokningsvilkor som g\u00e4ller f\u00f6r Billingens stugby och camping.\" \/>\n<meta property=\"og:url\" content=\"https:\/\/billingensstugby.se\/de\/bokningsvillkor\/\" \/>\n<meta property=\"og:site_name\" content=\"Billingens stugby &amp; camping\" \/>\n<meta property=\"article:modified_time\" content=\"2021-06-15T10:16:48+00:00\" \/>\n<meta name=\"twitter:card\" content=\"summary_large_image\" \/>\n<meta name=\"twitter:label1\" content=\"Gesch\u00e4tzte Lesezeit\" \/>\n\t<meta name=\"twitter:data1\" content=\"2\u00a0Minuten\" \/>\n<script type=\"application\/ld+json\" class=\"yoast-schema-graph\">{\"@context\":\"https:\\\/\\\/schema.org\",\"@graph\":[{\"@type\":\"WebPage\",\"@id\":\"https:\\\/\\\/billingensstugby.se\\\/de\\\/bokningsvillkor\\\/\",\"url\":\"https:\\\/\\\/billingensstugby.se\\\/de\\\/bokningsvillkor\\\/\",\"name\":\"Kondition Buchung - Billingens stugby &amp; camping\",\"isPartOf\":{\"@id\":\"https:\\\/\\\/billingensstugby.se\\\/de\\\/#website\"},\"datePublished\":\"2017-01-19T11:13:30+00:00\",\"dateModified\":\"2021-06-15T10:16:48+00:00\",\"description\":\"H\u00e4r ser du vilka bokningsvilkor som g\u00e4ller f\u00f6r Billingens stugby och camping.\",\"breadcrumb\":{\"@id\":\"https:\\\/\\\/billingensstugby.se\\\/de\\\/bokningsvillkor\\\/#breadcrumb\"},\"inLanguage\":\"de\",\"potentialAction\":[{\"@type\":\"ReadAction\",\"target\":[\"https:\\\/\\\/billingensstugby.se\\\/de\\\/bokningsvillkor\\\/\"]}]},{\"@type\":\"BreadcrumbList\",\"@id\":\"https:\\\/\\\/billingensstugby.se\\\/de\\\/bokningsvillkor\\\/#breadcrumb\",\"itemListElement\":[{\"@type\":\"ListItem\",\"position\":1,\"name\":\"Hem\",\"item\":\"https:\\\/\\\/billingensstugby.se\\\/de\\\/\"},{\"@type\":\"ListItem\",\"position\":2,\"name\":\"Kondition Buchung\"}]},{\"@type\":\"WebSite\",\"@id\":\"https:\\\/\\\/billingensstugby.se\\\/de\\\/#website\",\"url\":\"https:\\\/\\\/billingensstugby.se\\\/de\\\/\",\"name\":\"Billingens stugby &amp; camping\",\"description\":\"Natursk\u00f6n stugby &amp; camping bel\u00e4gen 3,5 km fr\u00e5n centrum, p\u00e5 berget Billingen. Hyr ut stugor \u00e5ret runt. STF vandrarhem och SCR camping.\",\"publisher\":{\"@id\":\"https:\\\/\\\/billingensstugby.se\\\/de\\\/#organization\"},\"potentialAction\":[{\"@type\":\"SearchAction\",\"target\":{\"@type\":\"EntryPoint\",\"urlTemplate\":\"https:\\\/\\\/billingensstugby.se\\\/de\\\/?s={search_term_string}\"},\"query-input\":{\"@type\":\"PropertyValueSpecification\",\"valueRequired\":true,\"valueName\":\"search_term_string\"}}],\"inLanguage\":\"de\"},{\"@type\":\"Organization\",\"@id\":\"https:\\\/\\\/billingensstugby.se\\\/de\\\/#organization\",\"name\":\"Billingens stugby och camping\",\"url\":\"https:\\\/\\\/billingensstugby.se\\\/de\\\/\",\"logo\":{\"@type\":\"ImageObject\",\"inLanguage\":\"de\",\"@id\":\"https:\\\/\\\/billingensstugby.se\\\/de\\\/#\\\/schema\\\/logo\\\/image\\\/\",\"url\":\"https:\\\/\\\/billingensstugby.se\\\/wp-content\\\/uploads\\\/2016\\\/11\\\/loggabillingen-e1611223751434.png\",\"contentUrl\":\"https:\\\/\\\/billingensstugby.se\\\/wp-content\\\/uploads\\\/2016\\\/11\\\/loggabillingen-e1611223751434.png\",\"width\":402,\"height\":123,\"caption\":\"Billingens stugby och camping\"},\"image\":{\"@id\":\"https:\\\/\\\/billingensstugby.se\\\/de\\\/#\\\/schema\\\/logo\\\/image\\\/\"},\"sameAs\":[\"https:\\\/\\\/www.instagram.com\\\/billingensstugby\\\/\"]}]}<\/script>\n<!-- \/ Yoast SEO plugin. -->","yoast_head_json":{"title":"Kondition Buchung - Billingens stugby &amp; camping","description":"H\u00e4r ser du vilka bokningsvilkor som g\u00e4ller f\u00f6r Billingens stugby och camping.","robots":{"index":"index","follow":"follow","max-snippet":"max-snippet:-1","max-image-preview":"max-image-preview:large","max-video-preview":"max-video-preview:-1"},"canonical":"https:\/\/billingensstugby.se\/de\/bokningsvillkor\/","og_locale":"de_DE","og_type":"article","og_title":"Kondition Buchung - Billingens stugby &amp; camping","og_description":"H\u00e4r ser du vilka bokningsvilkor som g\u00e4ller f\u00f6r Billingens stugby och camping.","og_url":"https:\/\/billingensstugby.se\/de\/bokningsvillkor\/","og_site_name":"Billingens stugby &amp; camping","article_modified_time":"2021-06-15T10:16:48+00:00","twitter_card":"summary_large_image","twitter_misc":{"Gesch\u00e4tzte Lesezeit":"2\u00a0Minuten"},"schema":{"@context":"https:\/\/schema.org","@graph":[{"@type":"WebPage","@id":"https:\/\/billingensstugby.se\/de\/bokningsvillkor\/","url":"https:\/\/billingensstugby.se\/de\/bokningsvillkor\/","name":"Kondition Buchung - Billingens stugby &amp; camping","isPartOf":{"@id":"https:\/\/billingensstugby.se\/de\/#website"},"datePublished":"2017-01-19T11:13:30+00:00","dateModified":"2021-06-15T10:16:48+00:00","description":"H\u00e4r ser du vilka bokningsvilkor som g\u00e4ller f\u00f6r Billingens stugby och camping.","breadcrumb":{"@id":"https:\/\/billingensstugby.se\/de\/bokningsvillkor\/#breadcrumb"},"inLanguage":"de","potentialAction":[{"@type":"ReadAction","target":["https:\/\/billingensstugby.se\/de\/bokningsvillkor\/"]}]},{"@type":"BreadcrumbList","@id":"https:\/\/billingensstugby.se\/de\/bokningsvillkor\/#breadcrumb","itemListElement":[{"@type":"ListItem","position":1,"name":"Hem","item":"https:\/\/billingensstugby.se\/de\/"},{"@type":"ListItem","position":2,"name":"Kondition Buchung"}]},{"@type":"WebSite","@id":"https:\/\/billingensstugby.se\/de\/#website","url":"https:\/\/billingensstugby.se\/de\/","name":"Billingens stugby &amp; camping","description":"Natursk\u00f6n stugby &amp; camping bel\u00e4gen 3,5 km fr\u00e5n centrum, p\u00e5 berget Billingen. Hyr ut stugor \u00e5ret runt. STF vandrarhem och SCR camping.","publisher":{"@id":"https:\/\/billingensstugby.se\/de\/#organization"},"potentialAction":[{"@type":"SearchAction","target":{"@type":"EntryPoint","urlTemplate":"https:\/\/billingensstugby.se\/de\/?s={search_term_string}"},"query-input":{"@type":"PropertyValueSpecification","valueRequired":true,"valueName":"search_term_string"}}],"inLanguage":"de"},{"@type":"Organization","@id":"https:\/\/billingensstugby.se\/de\/#organization","name":"Billingens stugby och camping","url":"https:\/\/billingensstugby.se\/de\/","logo":{"@type":"ImageObject","inLanguage":"de","@id":"https:\/\/billingensstugby.se\/de\/#\/schema\/logo\/image\/","url":"https:\/\/billingensstugby.se\/wp-content\/uploads\/2016\/11\/loggabillingen-e1611223751434.png","contentUrl":"https:\/\/billingensstugby.se\/wp-content\/uploads\/2016\/11\/loggabillingen-e1611223751434.png","width":402,"height":123,"caption":"Billingens stugby och camping"},"image":{"@id":"https:\/\/billingensstugby.se\/de\/#\/schema\/logo\/image\/"},"sameAs":["https:\/\/www.instagram.com\/billingensstugby\/"]}]}},"_links":{"self":[{"href":"https:\/\/billingensstugby.se\/de\/wp-json\/wp\/v2\/pages\/2285","targetHints":{"allow":["GET"]}}],"collection":[{"href":"https:\/\/billingensstugby.se\/de\/wp-json\/wp\/v2\/pages"}],"about":[{"href":"https:\/\/billingensstugby.se\/de\/wp-json\/wp\/v2\/types\/page"}],"author":[{"embeddable":true,"href":"https:\/\/billingensstugby.se\/de\/wp-json\/wp\/v2\/users\/12"}],"replies":[{"embeddable":true,"href":"https:\/\/billingensstugby.se\/de\/wp-json\/wp\/v2\/comments?post=2285"}],"version-history":[{"count":2,"href":"https:\/\/billingensstugby.se\/de\/wp-json\/wp\/v2\/pages\/2285\/revisions"}],"predecessor-version":[{"id":2293,"href":"https:\/\/billingensstugby.se\/de\/wp-json\/wp\/v2\/pages\/2285\/revisions\/2293"}],"wp:attachment":[{"href":"https:\/\/billingensstugby.se\/de\/wp-json\/wp\/v2\/media?parent=2285"}],"curies":[{"name":"wp","href":"https:\/\/api.w.org\/{rel}","templated":true}]}}