{"id":2295,"date":"2016-11-15T09:20:21","date_gmt":"2016-11-15T08:20:21","guid":{"rendered":"https:\/\/billingensstugby.se.tuana.hemsida.eu\/camping\/"},"modified":"2021-09-16T15:10:17","modified_gmt":"2021-09-16T14:10:17","slug":"camping","status":"publish","type":"page","link":"https:\/\/billingensstugby.se\/de\/camping\/","title":{"rendered":"Camping"},"content":{"rendered":"\t\t<div data-elementor-type=\"wp-page\" data-elementor-id=\"2295\" class=\"elementor elementor-2295 elementor-12\" data-elementor-post-type=\"page\">\n\t\t\t\t\t\t<section class=\"elementor-section elementor-top-section elementor-element elementor-element-57b093c elementor-section-height-min-height elementor-section-boxed elementor-section-height-default elementor-section-items-middle\" data-id=\"57b093c\" data-element_type=\"section\" data-e-type=\"section\">\n\t\t\t\t\t\t\t<div class=\"elementor-background-overlay\"><\/div>\n\t\t\t\t\t\t\t<div class=\"elementor-container elementor-column-gap-default\">\n\t\t\t\t\t<div class=\"elementor-column elementor-col-100 elementor-top-column elementor-element elementor-element-5414512\" data-id=\"5414512\" data-element_type=\"column\" data-e-type=\"column\">\n\t\t\t<div class=\"elementor-widget-wrap elementor-element-populated\">\n\t\t\t\t\t\t<div class=\"elementor-element elementor-element-ec28749 elementor-widget elementor-widget-heading\" data-id=\"ec28749\" data-element_type=\"widget\" data-e-type=\"widget\" data-widget_type=\"heading.default\">\n\t\t\t\t<div class=\"elementor-widget-container\">\n\t\t\t\t\t<h1 class=\"elementor-heading-title elementor-size-default\">Camping<\/h1>\t\t\t\t<\/div>\n\t\t\t\t<\/div>\n\t\t\t\t<div class=\"elementor-element elementor-element-4f1836f elementor-align-center elementor-widget elementor-widget-button\" data-id=\"4f1836f\" data-element_type=\"widget\" data-e-type=\"widget\" data-widget_type=\"button.default\">\n\t\t\t\t<div class=\"elementor-widget-container\">\n\t\t\t\t\t\t\t\t\t<div class=\"elementor-button-wrapper\">\n\t\t\t\t\t<a class=\"elementor-button elementor-button-link elementor-size-sm\" href=\"https:\/\/billingensstugby.se\/bokningsformulaer\/\">\n\t\t\t\t\t\t<span class=\"elementor-button-content-wrapper\">\n\t\t\t\t\t\t<span class=\"elementor-button-icon\">\n\t\t\t\t<i aria-hidden=\"true\" class=\"far fa-calendar-alt\"><\/i>\t\t\t<\/span>\n\t\t\t\t\t\t\t\t\t<span class=\"elementor-button-text\">Bokningsf\u00f6rfr\u00e5gan<\/span>\n\t\t\t\t\t<\/span>\n\t\t\t\t\t<\/a>\n\t\t\t\t<\/div>\n\t\t\t\t\t\t\t\t<\/div>\n\t\t\t\t<\/div>\n\t\t\t\t\t<\/div>\n\t\t<\/div>\n\t\t\t\t\t<\/div>\n\t\t<\/section>\n\t\t\t\t<section class=\"elementor-section elementor-top-section elementor-element elementor-element-368fe1a elementor-section-boxed elementor-section-height-default elementor-section-height-default\" data-id=\"368fe1a\" data-element_type=\"section\" data-e-type=\"section\">\n\t\t\t\t\t\t<div class=\"elementor-container elementor-column-gap-default\">\n\t\t\t\t\t<div class=\"elementor-column elementor-col-100 elementor-top-column elementor-element elementor-element-d2b1855\" data-id=\"d2b1855\" data-element_type=\"column\" data-e-type=\"column\">\n\t\t\t<div class=\"elementor-widget-wrap elementor-element-populated\">\n\t\t\t\t\t\t<div class=\"elementor-element elementor-element-a369be8 elementor-widget elementor-widget-spacer\" data-id=\"a369be8\" data-element_type=\"widget\" data-e-type=\"widget\" data-widget_type=\"spacer.default\">\n\t\t\t\t<div class=\"elementor-widget-container\">\n\t\t\t\t\t\t\t<div class=\"elementor-spacer\">\n\t\t\t<div class=\"elementor-spacer-inner\"><\/div>\n\t\t<\/div>\n\t\t\t\t\t\t<\/div>\n\t\t\t\t<\/div>\n\t\t\t\t\t<\/div>\n\t\t<\/div>\n\t\t\t\t\t<\/div>\n\t\t<\/section>\n\t\t\t\t<section class=\"elementor-section elementor-top-section elementor-element elementor-element-96307a0 elementor-section-boxed elementor-section-height-default elementor-section-height-default\" data-id=\"96307a0\" data-element_type=\"section\" data-e-type=\"section\">\n\t\t\t\t\t\t<div class=\"elementor-container elementor-column-gap-default\">\n\t\t\t\t\t<div class=\"elementor-column elementor-col-50 elementor-top-column elementor-element elementor-element-5eba38e\" data-id=\"5eba38e\" data-element_type=\"column\" data-e-type=\"column\">\n\t\t\t<div class=\"elementor-widget-wrap elementor-element-populated\">\n\t\t\t\t\t\t<div class=\"elementor-element elementor-element-cb6d50a elementor-widget elementor-widget-text-editor\" data-id=\"cb6d50a\" data-element_type=\"widget\" data-e-type=\"widget\" data-widget_type=\"text-editor.default\">\n\t\t\t\t<div class=\"elementor-widget-container\">\n\t\t\t\t\t\t\t\t\t<p>Der campingplatz liegt in einem sch\u00f6nen und ruhigen naturgebiet mit vielen m\u00f6glichkeiten zur erholung. Es ist nur 3,5 km vom zentrum von Sk\u00f6vde entfernt.<\/p><p>Der campingplatz wurde von Schwedens nationaler campingorganisation (SCR) mit 4 von 5 m\u00f6glichen sternen ausgezeichnet. Dies wurde durch den hohen standard des campingplatzes erreicht.<br \/>Wir sind das ganze Jahr ge\u00f6ffnet.<\/p><p>Das servicehaus ist mit gefliesten sanit\u00e4ranlagen und duschen ausgestattet.<br \/>Behinderte sind mit behindertengerechten einrichtungen ausgestattet.<br \/>Im servicegeb\u00e4ude finden sie auch eine waschk\u00fcche und eine k\u00fcche mit herd, backofen und mikrowelle.<\/p><p>M\u00f6chten sie etwas mehr genie\u00dfen, so buchen sie eine sauna, die ganzj\u00e4hrig ge\u00f6ffnet ist!<\/p><p>Die rund 100 markierten und nummerierten wohnmobilstellpl\u00e4tze sind entweder mit 10 Ampere oder 16 Ampere stromversorgung ausgestattet. Alle wohnwagen- und zeltpl\u00e4tze befinden sich in ebenen rasenfl\u00e4chen.<\/p><p><strong>Preise: 1\/5-31\/8<\/strong><br \/>Campingplatz mit Strom 260 SEK\/Nacht, ohne Strom 200 SEK\/Nacht.<br \/>1 Woche 1530 SEK mit Strom.<\/p><p>&lt;strong&gt;Zeltplatz ohne Strom:&lt;\/strong&gt;<br \/>2 Personen: 110 SEK\/Nacht.<br \/>3-5 Pers: 150 SEK\/Nacht.<br \/>6-8 Personen: 170 SEK\/Nacht.<\/p><p><strong>Preise: 1 \/ 9-31 \/ 4<\/strong><br \/>Campingplatz mit Strom 260 SEK\/Nacht, ohne Strom 200 SEK\/Nacht.<\/p><p><strong>Willkommen bei Billingens Stugby &amp; Camping.<\/strong><\/p>\t\t\t\t\t\t\t\t<\/div>\n\t\t\t\t<\/div>\n\t\t\t\t\t<\/div>\n\t\t<\/div>\n\t\t\t\t<div class=\"elementor-column elementor-col-50 elementor-top-column elementor-element elementor-element-f5bd027\" data-id=\"f5bd027\" data-element_type=\"column\" data-e-type=\"column\">\n\t\t\t<div class=\"elementor-widget-wrap elementor-element-populated\">\n\t\t\t\t\t\t<div class=\"elementor-element elementor-element-fa51199 elementor-skin-carousel elementor-arrows-yes elementor-pagination-type-bullets elementor-pagination-position-outside elementor-widget elementor-widget-media-carousel\" data-id=\"fa51199\" data-element_type=\"widget\" data-e-type=\"widget\" data-settings=\"{&quot;slides_per_view&quot;:&quot;1&quot;,&quot;skin&quot;:&quot;carousel&quot;,&quot;effect&quot;:&quot;slide&quot;,&quot;show_arrows&quot;:&quot;yes&quot;,&quot;pagination&quot;:&quot;bullets&quot;,&quot;speed&quot;:500,&quot;autoplay&quot;:&quot;yes&quot;,&quot;autoplay_speed&quot;:5000,&quot;loop&quot;:&quot;yes&quot;,&quot;pause_on_hover&quot;:&quot;yes&quot;,&quot;pause_on_interaction&quot;:&quot;yes&quot;,&quot;space_between&quot;:{&quot;unit&quot;:&quot;px&quot;,&quot;size&quot;:10,&quot;sizes&quot;:[]},&quot;space_between_tablet&quot;:{&quot;unit&quot;:&quot;px&quot;,&quot;size&quot;:10,&quot;sizes&quot;:[]},&quot;space_between_mobile&quot;:{&quot;unit&quot;:&quot;px&quot;,&quot;size&quot;:10,&quot;sizes&quot;:[]}}\" data-widget_type=\"media-carousel.default\">\n\t\t\t\t<div class=\"elementor-widget-container\">\n\t\t\t\t\t\t\t\t\t<div class=\"elementor-swiper\">\n\t\t\t\t\t<div class=\"elementor-main-swiper swiper\" role=\"region\" aria-roledescription=\"carousel\" aria-label=\"Slider\">\n\t\t\t\t<div class=\"swiper-wrapper\">\n\t\t\t\t\t\t\t\t\t\t\t<div class=\"swiper-slide\" role=\"group\" aria-roledescription=\"slide\">\n\t\t\t\t\t\t\t\t\t<div class=\"elementor-carousel-image\" role=\"img\" aria-label=\"dsc_0015\" style=\"background-image: url(&#039;https:\/\/billingensstugby.se\/wp-content\/uploads\/2016\/11\/dsc_0015-scaled.jpg&#039;)\">\n\n\t\t\t\n\t\t\t\t\t<\/div>\n\t\t\t\t\t\t\t\t<\/div>\n\t\t\t\t\t\t\t\t\t\t\t<div class=\"swiper-slide\" role=\"group\" aria-roledescription=\"slide\">\n\t\t\t\t\t\t\t\t\t<div class=\"elementor-carousel-image\" role=\"img\" aria-label=\"dsc_0020\" style=\"background-image: url(&#039;https:\/\/billingensstugby.se\/wp-content\/uploads\/2016\/11\/DSC_0020-scaled.jpg&#039;)\">\n\n\t\t\t\n\t\t\t\t\t<\/div>\n\t\t\t\t\t\t\t\t<\/div>\n\t\t\t\t\t\t\t\t\t\t\t<div class=\"swiper-slide\" role=\"group\" aria-roledescription=\"slide\">\n\t\t\t\t\t\t\t\t\t<div class=\"elementor-carousel-image\" role=\"img\" aria-label=\"receptionbra\" style=\"background-image: url(&#039;https:\/\/billingensstugby.se\/wp-content\/uploads\/2016\/11\/ReceptionBra.jpg&#039;)\">\n\n\t\t\t\n\t\t\t\t\t<\/div>\n\t\t\t\t\t\t\t\t<\/div>\n\t\t\t\t\t\t\t\t\t\t\t<div class=\"swiper-slide\" role=\"group\" aria-roledescription=\"slide\">\n\t\t\t\t\t\t\t\t\t<div class=\"elementor-carousel-image\" role=\"img\" aria-label=\"Servicebyggnad\" style=\"background-image: url(&#039;https:\/\/billingensstugby.se\/wp-content\/uploads\/2018\/02\/DSC_0017-scaled.jpg&#039;)\">\n\n\t\t\t\n\t\t\t\t\t<\/div>\n\t\t\t\t\t\t\t\t<\/div>\n\t\t\t\t\t\t\t\t\t\t\t<div class=\"swiper-slide\" role=\"group\" aria-roledescription=\"slide\">\n\t\t\t\t\t\t\t\t\t<div class=\"elementor-carousel-image\" role=\"img\" aria-label=\"entreskylt\" style=\"background-image: url(&#039;https:\/\/billingensstugby.se\/wp-content\/uploads\/2016\/11\/DSC_0063-scaled.jpg&#039;)\">\n\n\t\t\t\n\t\t\t\t\t<\/div>\n\t\t\t\t\t\t\t\t<\/div>\n\t\t\t\t\t\t\t\t\t\t\t<div class=\"swiper-slide\" role=\"group\" aria-roledescription=\"slide\">\n\t\t\t\t\t\t\t\t\t<div class=\"elementor-carousel-image\" role=\"img\" aria-label=\"Vy \u00f6ver campingomr\u00e5det\" style=\"background-image: url(&#039;https:\/\/billingensstugby.se\/wp-content\/uploads\/2016\/11\/HittaHit1100x750.jpg&#039;)\">\n\n\t\t\t\n\t\t\t\t\t<\/div>\n\t\t\t\t\t\t\t\t<\/div>\n\t\t\t\t\t\t\t\t\t<\/div>\n\t\t\t\t\t\t\t\t\t\t\t\t\t\t\t<div class=\"elementor-swiper-button elementor-swiper-button-prev\" role=\"button\" tabindex=\"0\" aria-label=\"Voriger\">\n\t\t\t\t\t\t\t<i aria-hidden=\"true\" class=\"eicon-chevron-left\"><\/i>\t\t\t\t\t\t<\/div>\n\t\t\t\t\t\t<div class=\"elementor-swiper-button elementor-swiper-button-next\" role=\"button\" tabindex=\"0\" aria-label=\"N\u00e4chster\">\n\t\t\t\t\t\t\t<i aria-hidden=\"true\" class=\"eicon-chevron-right\"><\/i>\t\t\t\t\t\t<\/div>\n\t\t\t\t\t\t\t\t\t\t\t\t\t\t\t\t<div class=\"swiper-pagination\"><\/div>\n\t\t\t\t\t\t\t\t\t\t\t\t<\/div>\n\t\t\t\t<\/div>\n\t\t\t\t\t\t\t\t<\/div>\n\t\t\t\t<\/div>\n\t\t\t\t\t<\/div>\n\t\t<\/div>\n\t\t\t\t\t<\/div>\n\t\t<\/section>\n\t\t\t\t<section class=\"elementor-section elementor-top-section elementor-element elementor-element-b66f124 elementor-section-boxed elementor-section-height-default elementor-section-height-default\" data-id=\"b66f124\" data-element_type=\"section\" data-e-type=\"section\">\n\t\t\t\t\t\t<div class=\"elementor-container elementor-column-gap-default\">\n\t\t\t\t\t<div class=\"elementor-column elementor-col-100 elementor-top-column elementor-element elementor-element-74daf99\" data-id=\"74daf99\" data-element_type=\"column\" data-e-type=\"column\">\n\t\t\t<div class=\"elementor-widget-wrap elementor-element-populated\">\n\t\t\t\t\t\t<div class=\"elementor-element elementor-element-42a69c8 elementor-widget elementor-widget-spacer\" data-id=\"42a69c8\" data-element_type=\"widget\" data-e-type=\"widget\" data-widget_type=\"spacer.default\">\n\t\t\t\t<div class=\"elementor-widget-container\">\n\t\t\t\t\t\t\t<div class=\"elementor-spacer\">\n\t\t\t<div class=\"elementor-spacer-inner\"><\/div>\n\t\t<\/div>\n\t\t\t\t\t\t<\/div>\n\t\t\t\t<\/div>\n\t\t\t\t\t<\/div>\n\t\t<\/div>\n\t\t\t\t\t<\/div>\n\t\t<\/section>\n\t\t\t\t<\/div>\n\t\t","protected":false},"excerpt":{"rendered":"<p>Bokningsf\u00f6rfr\u00e5gan Der campingplatz liegt in einem sch\u00f6nen und ruhigen naturgebiet mit vielen m\u00f6glichkeiten zur erholung. Es ist nur 3,5 km vom zentrum von Sk\u00f6vde entfernt. Der campingplatz wurde von Schwedens nationaler campingorganisation (SCR) mit 4 von 5 m\u00f6glichen sternen ausgezeichnet. Dies wurde durch den hohen standard des campingplatzes erreicht.Wir sind das ganze Jahr ge\u00f6ffnet. Das [&hellip;]<\/p>\n","protected":false},"author":12,"featured_media":0,"parent":0,"menu_order":0,"comment_status":"closed","ping_status":"closed","template":"elementor_header_footer","meta":{"_acf_changed":false,"_genesis_hide_title":false,"_genesis_hide_breadcrumbs":false,"_genesis_hide_singular_image":false,"_genesis_hide_footer_widgets":false,"_genesis_custom_body_class":"","_genesis_custom_post_class":"","_genesis_layout":"","footnotes":""},"class_list":{"0":"post-2295","1":"page","2":"type-page","3":"status-publish","5":"entry"},"acf":[],"yoast_head":"<!-- This site is optimized with the Yoast SEO plugin v27.3 - https:\/\/yoast.com\/product\/yoast-seo-wordpress\/ -->\n<title>Camping - Billingens stugby &amp; camping<\/title>\n<meta name=\"description\" content=\"Naturn\u00e4ra camping med friluftsliv och outdooraktiviteter intill men \u00e4nd\u00e5 endast 3,5 km fr\u00e5n Sk\u00f6vde centrum med stort utbud av restauranger och shopping.\" \/>\n<meta name=\"robots\" content=\"index, follow, max-snippet:-1, max-image-preview:large, max-video-preview:-1\" \/>\n<link rel=\"canonical\" href=\"https:\/\/billingensstugby.se\/de\/camping\/\" \/>\n<meta property=\"og:locale\" content=\"de_DE\" \/>\n<meta property=\"og:type\" content=\"article\" \/>\n<meta property=\"og:title\" content=\"Camping - Billingens stugby &amp; camping\" \/>\n<meta property=\"og:description\" content=\"Naturn\u00e4ra camping med friluftsliv och outdooraktiviteter intill men \u00e4nd\u00e5 endast 3,5 km fr\u00e5n Sk\u00f6vde centrum med stort utbud av restauranger och shopping.\" \/>\n<meta property=\"og:url\" content=\"https:\/\/billingensstugby.se\/de\/camping\/\" \/>\n<meta property=\"og:site_name\" content=\"Billingens stugby &amp; camping\" \/>\n<meta property=\"article:modified_time\" content=\"2021-09-16T14:10:17+00:00\" \/>\n<meta name=\"twitter:card\" content=\"summary_large_image\" \/>\n<meta name=\"twitter:label1\" content=\"Gesch\u00e4tzte Lesezeit\" \/>\n\t<meta name=\"twitter:data1\" content=\"1\u00a0Minute\" \/>\n<script type=\"application\/ld+json\" class=\"yoast-schema-graph\">{\"@context\":\"https:\\\/\\\/schema.org\",\"@graph\":[{\"@type\":\"WebPage\",\"@id\":\"https:\\\/\\\/billingensstugby.se\\\/de\\\/camping\\\/\",\"url\":\"https:\\\/\\\/billingensstugby.se\\\/de\\\/camping\\\/\",\"name\":\"Camping - Billingens stugby &amp; camping\",\"isPartOf\":{\"@id\":\"https:\\\/\\\/billingensstugby.se\\\/de\\\/#website\"},\"datePublished\":\"2016-11-15T08:20:21+00:00\",\"dateModified\":\"2021-09-16T14:10:17+00:00\",\"description\":\"Naturn\u00e4ra camping med friluftsliv och outdooraktiviteter intill men \u00e4nd\u00e5 endast 3,5 km fr\u00e5n Sk\u00f6vde centrum med stort utbud av restauranger och shopping.\",\"breadcrumb\":{\"@id\":\"https:\\\/\\\/billingensstugby.se\\\/de\\\/camping\\\/#breadcrumb\"},\"inLanguage\":\"de\",\"potentialAction\":[{\"@type\":\"ReadAction\",\"target\":[\"https:\\\/\\\/billingensstugby.se\\\/de\\\/camping\\\/\"]}]},{\"@type\":\"BreadcrumbList\",\"@id\":\"https:\\\/\\\/billingensstugby.se\\\/de\\\/camping\\\/#breadcrumb\",\"itemListElement\":[{\"@type\":\"ListItem\",\"position\":1,\"name\":\"Hem\",\"item\":\"https:\\\/\\\/billingensstugby.se\\\/de\\\/\"},{\"@type\":\"ListItem\",\"position\":2,\"name\":\"Camping\"}]},{\"@type\":\"WebSite\",\"@id\":\"https:\\\/\\\/billingensstugby.se\\\/de\\\/#website\",\"url\":\"https:\\\/\\\/billingensstugby.se\\\/de\\\/\",\"name\":\"Billingens stugby &amp; camping\",\"description\":\"Natursk\u00f6n stugby &amp; camping bel\u00e4gen 3,5 km fr\u00e5n centrum, p\u00e5 berget Billingen. Hyr ut stugor \u00e5ret runt. STF vandrarhem och SCR camping.\",\"publisher\":{\"@id\":\"https:\\\/\\\/billingensstugby.se\\\/de\\\/#organization\"},\"potentialAction\":[{\"@type\":\"SearchAction\",\"target\":{\"@type\":\"EntryPoint\",\"urlTemplate\":\"https:\\\/\\\/billingensstugby.se\\\/de\\\/?s={search_term_string}\"},\"query-input\":{\"@type\":\"PropertyValueSpecification\",\"valueRequired\":true,\"valueName\":\"search_term_string\"}}],\"inLanguage\":\"de\"},{\"@type\":\"Organization\",\"@id\":\"https:\\\/\\\/billingensstugby.se\\\/de\\\/#organization\",\"name\":\"Billingens stugby och camping\",\"url\":\"https:\\\/\\\/billingensstugby.se\\\/de\\\/\",\"logo\":{\"@type\":\"ImageObject\",\"inLanguage\":\"de\",\"@id\":\"https:\\\/\\\/billingensstugby.se\\\/de\\\/#\\\/schema\\\/logo\\\/image\\\/\",\"url\":\"https:\\\/\\\/billingensstugby.se\\\/wp-content\\\/uploads\\\/2016\\\/11\\\/loggabillingen-e1611223751434.png\",\"contentUrl\":\"https:\\\/\\\/billingensstugby.se\\\/wp-content\\\/uploads\\\/2016\\\/11\\\/loggabillingen-e1611223751434.png\",\"width\":402,\"height\":123,\"caption\":\"Billingens stugby och camping\"},\"image\":{\"@id\":\"https:\\\/\\\/billingensstugby.se\\\/de\\\/#\\\/schema\\\/logo\\\/image\\\/\"},\"sameAs\":[\"https:\\\/\\\/www.instagram.com\\\/billingensstugby\\\/\"]}]}<\/script>\n<!-- \/ Yoast SEO plugin. -->","yoast_head_json":{"title":"Camping - Billingens stugby &amp; camping","description":"Naturn\u00e4ra camping med friluftsliv och outdooraktiviteter intill men \u00e4nd\u00e5 endast 3,5 km fr\u00e5n Sk\u00f6vde centrum med stort utbud av restauranger och shopping.","robots":{"index":"index","follow":"follow","max-snippet":"max-snippet:-1","max-image-preview":"max-image-preview:large","max-video-preview":"max-video-preview:-1"},"canonical":"https:\/\/billingensstugby.se\/de\/camping\/","og_locale":"de_DE","og_type":"article","og_title":"Camping - Billingens stugby &amp; camping","og_description":"Naturn\u00e4ra camping med friluftsliv och outdooraktiviteter intill men \u00e4nd\u00e5 endast 3,5 km fr\u00e5n Sk\u00f6vde centrum med stort utbud av restauranger och shopping.","og_url":"https:\/\/billingensstugby.se\/de\/camping\/","og_site_name":"Billingens stugby &amp; camping","article_modified_time":"2021-09-16T14:10:17+00:00","twitter_card":"summary_large_image","twitter_misc":{"Gesch\u00e4tzte Lesezeit":"1\u00a0Minute"},"schema":{"@context":"https:\/\/schema.org","@graph":[{"@type":"WebPage","@id":"https:\/\/billingensstugby.se\/de\/camping\/","url":"https:\/\/billingensstugby.se\/de\/camping\/","name":"Camping - Billingens stugby &amp; camping","isPartOf":{"@id":"https:\/\/billingensstugby.se\/de\/#website"},"datePublished":"2016-11-15T08:20:21+00:00","dateModified":"2021-09-16T14:10:17+00:00","description":"Naturn\u00e4ra camping med friluftsliv och outdooraktiviteter intill men \u00e4nd\u00e5 endast 3,5 km fr\u00e5n Sk\u00f6vde centrum med stort utbud av restauranger och shopping.","breadcrumb":{"@id":"https:\/\/billingensstugby.se\/de\/camping\/#breadcrumb"},"inLanguage":"de","potentialAction":[{"@type":"ReadAction","target":["https:\/\/billingensstugby.se\/de\/camping\/"]}]},{"@type":"BreadcrumbList","@id":"https:\/\/billingensstugby.se\/de\/camping\/#breadcrumb","itemListElement":[{"@type":"ListItem","position":1,"name":"Hem","item":"https:\/\/billingensstugby.se\/de\/"},{"@type":"ListItem","position":2,"name":"Camping"}]},{"@type":"WebSite","@id":"https:\/\/billingensstugby.se\/de\/#website","url":"https:\/\/billingensstugby.se\/de\/","name":"Billingens stugby &amp; camping","description":"Natursk\u00f6n stugby &amp; camping bel\u00e4gen 3,5 km fr\u00e5n centrum, p\u00e5 berget Billingen. Hyr ut stugor \u00e5ret runt. STF vandrarhem och SCR camping.","publisher":{"@id":"https:\/\/billingensstugby.se\/de\/#organization"},"potentialAction":[{"@type":"SearchAction","target":{"@type":"EntryPoint","urlTemplate":"https:\/\/billingensstugby.se\/de\/?s={search_term_string}"},"query-input":{"@type":"PropertyValueSpecification","valueRequired":true,"valueName":"search_term_string"}}],"inLanguage":"de"},{"@type":"Organization","@id":"https:\/\/billingensstugby.se\/de\/#organization","name":"Billingens stugby och camping","url":"https:\/\/billingensstugby.se\/de\/","logo":{"@type":"ImageObject","inLanguage":"de","@id":"https:\/\/billingensstugby.se\/de\/#\/schema\/logo\/image\/","url":"https:\/\/billingensstugby.se\/wp-content\/uploads\/2016\/11\/loggabillingen-e1611223751434.png","contentUrl":"https:\/\/billingensstugby.se\/wp-content\/uploads\/2016\/11\/loggabillingen-e1611223751434.png","width":402,"height":123,"caption":"Billingens stugby och camping"},"image":{"@id":"https:\/\/billingensstugby.se\/de\/#\/schema\/logo\/image\/"},"sameAs":["https:\/\/www.instagram.com\/billingensstugby\/"]}]}},"_links":{"self":[{"href":"https:\/\/billingensstugby.se\/de\/wp-json\/wp\/v2\/pages\/2295","targetHints":{"allow":["GET"]}}],"collection":[{"href":"https:\/\/billingensstugby.se\/de\/wp-json\/wp\/v2\/pages"}],"about":[{"href":"https:\/\/billingensstugby.se\/de\/wp-json\/wp\/v2\/types\/page"}],"author":[{"embeddable":true,"href":"https:\/\/billingensstugby.se\/de\/wp-json\/wp\/v2\/users\/12"}],"replies":[{"embeddable":true,"href":"https:\/\/billingensstugby.se\/de\/wp-json\/wp\/v2\/comments?post=2295"}],"version-history":[{"count":8,"href":"https:\/\/billingensstugby.se\/de\/wp-json\/wp\/v2\/pages\/2295\/revisions"}],"predecessor-version":[{"id":2730,"href":"https:\/\/billingensstugby.se\/de\/wp-json\/wp\/v2\/pages\/2295\/revisions\/2730"}],"wp:attachment":[{"href":"https:\/\/billingensstugby.se\/de\/wp-json\/wp\/v2\/media?parent=2295"}],"curies":[{"name":"wp","href":"https:\/\/api.w.org\/{rel}","templated":true}]}}