{"id":2310,"date":"2021-02-08T17:30:55","date_gmt":"2021-02-08T16:30:55","guid":{"rendered":"https:\/\/billingensstugby.se.tuana.hemsida.eu\/pa-billingens-stugby-camping-jobbar-vi-for-en-hallbar-utveckling\/"},"modified":"2021-06-15T11:23:30","modified_gmt":"2021-06-15T10:23:30","slug":"pa-billingens-stugby-camping-jobbar-vi-for-en-hallbar-utveckling","status":"publish","type":"page","link":"https:\/\/billingensstugby.se\/de\/pa-billingens-stugby-camping-jobbar-vi-for-en-hallbar-utveckling\/","title":{"rendered":"H\u00e5llbarhet"},"content":{"rendered":"\n<h2 class=\"wp-block-heading\">P\u00e5 Billingens stugby &amp; camping jobbar vi f\u00f6r en h\u00e5llbar utveckling.<br><\/h2>\n\n\n\n<p>De f\u00f6rsta tio stugorna p\u00e5 Billingen stugby &amp; camping b\u00f6rjade byggas redan 1985, d\u00e4refter ut\u00f6kades anl\u00e4ggningen med flera olika varianter av stugor och senare \u00e4ven vandrarhem. Vi jobbar med ett l\u00f6pande underh\u00e5ll av hela anl\u00e4ggningen f\u00f6r att lokaliteterna ska f\u00f6rbli fr\u00e4scha och h\u00e5lla i l\u00e4ngden.<br>P\u00e5 servicebyggnadens tak har vi sedan flera \u00e5r tillbaka solpaneler som f\u00f6rs\u00f6rjer hela servicehuset som rymmer duschar, k\u00f6k, tv\u00e4ttstuga med det varmvatten som g\u00e5r \u00e5t under den ljusa delen av \u00e5ret. I servicehus och p\u00e5 vandrarhem finns \u00e4ven sn\u00e5lspolande duschmunstycken, n\u00e5got som vi tittar p\u00e5 att \u00e4ven s\u00e4tta in i stugorna n\u00e4r vi hittar r\u00e4tt modell.<br>I stort sett all belysning vi anv\u00e4nder \u00e4r numera av led modell.<br>Inom omr\u00e5det transporterar vi oss med en eldriven \u201dgolfbil\u201d b\u00e5de f\u00f6r att spara p\u00e5 benen och milj\u00f6n.<br>De flesta reparationer som beh\u00f6ver g\u00f6ras utf\u00f6r v\u00e5ra egna vaktm\u00e4stare men beh\u00f6ver vi anlita hantverkare anlitar vi helst lokala hantverkare och v\u00e4ljer i st\u00f6rsta m\u00f6jliga m\u00e5n lokala leverant\u00f6rer. Personalen som jobbar hos oss bor i huvudsak i n\u00e4romr\u00e5det.<br>Vi jobbar aktivt med v\u00e5r ekonomiska l\u00f6nsamhet d\u00e5 den \u00e4r viktig f\u00f6r att kunna investera i framtiden b\u00e5de vad g\u00e4ller personal och h\u00e5llbara l\u00f6sningar.<\/p>\n\n\n\n<p><\/p>\n","protected":false},"excerpt":{"rendered":"<p>P\u00e5 Billingens stugby &amp; camping jobbar vi f\u00f6r en h\u00e5llbar utveckling. De f\u00f6rsta tio stugorna p\u00e5 Billingen stugby &amp; camping b\u00f6rjade byggas redan 1985, d\u00e4refter ut\u00f6kades anl\u00e4ggningen med flera olika varianter av stugor och senare \u00e4ven vandrarhem. Vi jobbar med ett l\u00f6pande underh\u00e5ll av hela anl\u00e4ggningen f\u00f6r att lokaliteterna ska f\u00f6rbli fr\u00e4scha och h\u00e5lla i [&hellip;]<\/p>\n","protected":false},"author":6,"featured_media":0,"parent":0,"menu_order":0,"comment_status":"closed","ping_status":"closed","template":"","meta":{"_acf_changed":false,"_genesis_hide_title":false,"_genesis_hide_breadcrumbs":false,"_genesis_hide_singular_image":false,"_genesis_hide_footer_widgets":false,"_genesis_custom_body_class":"","_genesis_custom_post_class":"","_genesis_layout":"","footnotes":""},"class_list":{"0":"post-2310","1":"page","2":"type-page","3":"status-publish","5":"entry"},"acf":[],"yoast_head":"<!-- This site is optimized with the Yoast SEO plugin v27.4 - https:\/\/yoast.com\/product\/yoast-seo-wordpress\/ -->\n<title>H\u00e5llbarhet - Billingens stugby &amp; camping<\/title>\n<meta name=\"robots\" content=\"index, follow, max-snippet:-1, max-image-preview:large, max-video-preview:-1\" \/>\n<link rel=\"canonical\" href=\"https:\/\/billingensstugby.se\/de\/pa-billingens-stugby-camping-jobbar-vi-for-en-hallbar-utveckling\/\" \/>\n<meta property=\"og:locale\" content=\"de_DE\" \/>\n<meta property=\"og:type\" content=\"article\" \/>\n<meta property=\"og:title\" content=\"H\u00e5llbarhet - Billingens stugby &amp; camping\" \/>\n<meta property=\"og:description\" content=\"P\u00e5 Billingens stugby &amp; camping jobbar vi f\u00f6r en h\u00e5llbar utveckling. De f\u00f6rsta tio stugorna p\u00e5 Billingen stugby &amp; camping b\u00f6rjade byggas redan 1985, d\u00e4refter ut\u00f6kades anl\u00e4ggningen med flera olika varianter av stugor och senare \u00e4ven vandrarhem. Vi jobbar med ett l\u00f6pande underh\u00e5ll av hela anl\u00e4ggningen f\u00f6r att lokaliteterna ska f\u00f6rbli fr\u00e4scha och h\u00e5lla i [&hellip;]\" \/>\n<meta property=\"og:url\" content=\"https:\/\/billingensstugby.se\/de\/pa-billingens-stugby-camping-jobbar-vi-for-en-hallbar-utveckling\/\" \/>\n<meta property=\"og:site_name\" content=\"Billingens stugby &amp; camping\" \/>\n<meta property=\"article:modified_time\" content=\"2021-06-15T10:23:30+00:00\" \/>\n<meta name=\"twitter:card\" content=\"summary_large_image\" \/>\n<meta name=\"twitter:label1\" content=\"Gesch\u00e4tzte Lesezeit\" \/>\n\t<meta name=\"twitter:data1\" content=\"1\u00a0Minute\" \/>\n<script type=\"application\/ld+json\" class=\"yoast-schema-graph\">{\"@context\":\"https:\\\/\\\/schema.org\",\"@graph\":[{\"@type\":\"WebPage\",\"@id\":\"https:\\\/\\\/billingensstugby.se\\\/de\\\/pa-billingens-stugby-camping-jobbar-vi-for-en-hallbar-utveckling\\\/\",\"url\":\"https:\\\/\\\/billingensstugby.se\\\/de\\\/pa-billingens-stugby-camping-jobbar-vi-for-en-hallbar-utveckling\\\/\",\"name\":\"H\u00e5llbarhet - Billingens stugby &amp; camping\",\"isPartOf\":{\"@id\":\"https:\\\/\\\/billingensstugby.se\\\/de\\\/#website\"},\"datePublished\":\"2021-02-08T16:30:55+00:00\",\"dateModified\":\"2021-06-15T10:23:30+00:00\",\"breadcrumb\":{\"@id\":\"https:\\\/\\\/billingensstugby.se\\\/de\\\/pa-billingens-stugby-camping-jobbar-vi-for-en-hallbar-utveckling\\\/#breadcrumb\"},\"inLanguage\":\"de\",\"potentialAction\":[{\"@type\":\"ReadAction\",\"target\":[\"https:\\\/\\\/billingensstugby.se\\\/de\\\/pa-billingens-stugby-camping-jobbar-vi-for-en-hallbar-utveckling\\\/\"]}]},{\"@type\":\"BreadcrumbList\",\"@id\":\"https:\\\/\\\/billingensstugby.se\\\/de\\\/pa-billingens-stugby-camping-jobbar-vi-for-en-hallbar-utveckling\\\/#breadcrumb\",\"itemListElement\":[{\"@type\":\"ListItem\",\"position\":1,\"name\":\"Hem\",\"item\":\"https:\\\/\\\/billingensstugby.se\\\/de\\\/\"},{\"@type\":\"ListItem\",\"position\":2,\"name\":\"H\u00e5llbarhet\"}]},{\"@type\":\"WebSite\",\"@id\":\"https:\\\/\\\/billingensstugby.se\\\/de\\\/#website\",\"url\":\"https:\\\/\\\/billingensstugby.se\\\/de\\\/\",\"name\":\"Billingens stugby &amp; camping\",\"description\":\"Natursk\u00f6n stugby &amp; camping bel\u00e4gen 3,5 km fr\u00e5n centrum, p\u00e5 berget Billingen. Hyr ut stugor \u00e5ret runt. STF vandrarhem och SCR camping.\",\"publisher\":{\"@id\":\"https:\\\/\\\/billingensstugby.se\\\/de\\\/#organization\"},\"potentialAction\":[{\"@type\":\"SearchAction\",\"target\":{\"@type\":\"EntryPoint\",\"urlTemplate\":\"https:\\\/\\\/billingensstugby.se\\\/de\\\/?s={search_term_string}\"},\"query-input\":{\"@type\":\"PropertyValueSpecification\",\"valueRequired\":true,\"valueName\":\"search_term_string\"}}],\"inLanguage\":\"de\"},{\"@type\":\"Organization\",\"@id\":\"https:\\\/\\\/billingensstugby.se\\\/de\\\/#organization\",\"name\":\"Billingens stugby och camping\",\"url\":\"https:\\\/\\\/billingensstugby.se\\\/de\\\/\",\"logo\":{\"@type\":\"ImageObject\",\"inLanguage\":\"de\",\"@id\":\"https:\\\/\\\/billingensstugby.se\\\/de\\\/#\\\/schema\\\/logo\\\/image\\\/\",\"url\":\"https:\\\/\\\/billingensstugby.se\\\/wp-content\\\/uploads\\\/2016\\\/11\\\/loggabillingen-e1611223751434.png\",\"contentUrl\":\"https:\\\/\\\/billingensstugby.se\\\/wp-content\\\/uploads\\\/2016\\\/11\\\/loggabillingen-e1611223751434.png\",\"width\":402,\"height\":123,\"caption\":\"Billingens stugby och camping\"},\"image\":{\"@id\":\"https:\\\/\\\/billingensstugby.se\\\/de\\\/#\\\/schema\\\/logo\\\/image\\\/\"},\"sameAs\":[\"https:\\\/\\\/www.instagram.com\\\/billingensstugby\\\/\"]}]}<\/script>\n<!-- \/ Yoast SEO plugin. -->","yoast_head_json":{"title":"H\u00e5llbarhet - Billingens stugby &amp; camping","robots":{"index":"index","follow":"follow","max-snippet":"max-snippet:-1","max-image-preview":"max-image-preview:large","max-video-preview":"max-video-preview:-1"},"canonical":"https:\/\/billingensstugby.se\/de\/pa-billingens-stugby-camping-jobbar-vi-for-en-hallbar-utveckling\/","og_locale":"de_DE","og_type":"article","og_title":"H\u00e5llbarhet - Billingens stugby &amp; camping","og_description":"P\u00e5 Billingens stugby &amp; camping jobbar vi f\u00f6r en h\u00e5llbar utveckling. De f\u00f6rsta tio stugorna p\u00e5 Billingen stugby &amp; camping b\u00f6rjade byggas redan 1985, d\u00e4refter ut\u00f6kades anl\u00e4ggningen med flera olika varianter av stugor och senare \u00e4ven vandrarhem. Vi jobbar med ett l\u00f6pande underh\u00e5ll av hela anl\u00e4ggningen f\u00f6r att lokaliteterna ska f\u00f6rbli fr\u00e4scha och h\u00e5lla i [&hellip;]","og_url":"https:\/\/billingensstugby.se\/de\/pa-billingens-stugby-camping-jobbar-vi-for-en-hallbar-utveckling\/","og_site_name":"Billingens stugby &amp; camping","article_modified_time":"2021-06-15T10:23:30+00:00","twitter_card":"summary_large_image","twitter_misc":{"Gesch\u00e4tzte Lesezeit":"1\u00a0Minute"},"schema":{"@context":"https:\/\/schema.org","@graph":[{"@type":"WebPage","@id":"https:\/\/billingensstugby.se\/de\/pa-billingens-stugby-camping-jobbar-vi-for-en-hallbar-utveckling\/","url":"https:\/\/billingensstugby.se\/de\/pa-billingens-stugby-camping-jobbar-vi-for-en-hallbar-utveckling\/","name":"H\u00e5llbarhet - Billingens stugby &amp; camping","isPartOf":{"@id":"https:\/\/billingensstugby.se\/de\/#website"},"datePublished":"2021-02-08T16:30:55+00:00","dateModified":"2021-06-15T10:23:30+00:00","breadcrumb":{"@id":"https:\/\/billingensstugby.se\/de\/pa-billingens-stugby-camping-jobbar-vi-for-en-hallbar-utveckling\/#breadcrumb"},"inLanguage":"de","potentialAction":[{"@type":"ReadAction","target":["https:\/\/billingensstugby.se\/de\/pa-billingens-stugby-camping-jobbar-vi-for-en-hallbar-utveckling\/"]}]},{"@type":"BreadcrumbList","@id":"https:\/\/billingensstugby.se\/de\/pa-billingens-stugby-camping-jobbar-vi-for-en-hallbar-utveckling\/#breadcrumb","itemListElement":[{"@type":"ListItem","position":1,"name":"Hem","item":"https:\/\/billingensstugby.se\/de\/"},{"@type":"ListItem","position":2,"name":"H\u00e5llbarhet"}]},{"@type":"WebSite","@id":"https:\/\/billingensstugby.se\/de\/#website","url":"https:\/\/billingensstugby.se\/de\/","name":"Billingens stugby &amp; camping","description":"Natursk\u00f6n stugby &amp; camping bel\u00e4gen 3,5 km fr\u00e5n centrum, p\u00e5 berget Billingen. Hyr ut stugor \u00e5ret runt. STF vandrarhem och SCR camping.","publisher":{"@id":"https:\/\/billingensstugby.se\/de\/#organization"},"potentialAction":[{"@type":"SearchAction","target":{"@type":"EntryPoint","urlTemplate":"https:\/\/billingensstugby.se\/de\/?s={search_term_string}"},"query-input":{"@type":"PropertyValueSpecification","valueRequired":true,"valueName":"search_term_string"}}],"inLanguage":"de"},{"@type":"Organization","@id":"https:\/\/billingensstugby.se\/de\/#organization","name":"Billingens stugby och camping","url":"https:\/\/billingensstugby.se\/de\/","logo":{"@type":"ImageObject","inLanguage":"de","@id":"https:\/\/billingensstugby.se\/de\/#\/schema\/logo\/image\/","url":"https:\/\/billingensstugby.se\/wp-content\/uploads\/2016\/11\/loggabillingen-e1611223751434.png","contentUrl":"https:\/\/billingensstugby.se\/wp-content\/uploads\/2016\/11\/loggabillingen-e1611223751434.png","width":402,"height":123,"caption":"Billingens stugby och camping"},"image":{"@id":"https:\/\/billingensstugby.se\/de\/#\/schema\/logo\/image\/"},"sameAs":["https:\/\/www.instagram.com\/billingensstugby\/"]}]}},"_links":{"self":[{"href":"https:\/\/billingensstugby.se\/de\/wp-json\/wp\/v2\/pages\/2310","targetHints":{"allow":["GET"]}}],"collection":[{"href":"https:\/\/billingensstugby.se\/de\/wp-json\/wp\/v2\/pages"}],"about":[{"href":"https:\/\/billingensstugby.se\/de\/wp-json\/wp\/v2\/types\/page"}],"author":[{"embeddable":true,"href":"https:\/\/billingensstugby.se\/de\/wp-json\/wp\/v2\/users\/6"}],"replies":[{"embeddable":true,"href":"https:\/\/billingensstugby.se\/de\/wp-json\/wp\/v2\/comments?post=2310"}],"version-history":[{"count":1,"href":"https:\/\/billingensstugby.se\/de\/wp-json\/wp\/v2\/pages\/2310\/revisions"}],"predecessor-version":[{"id":2311,"href":"https:\/\/billingensstugby.se\/de\/wp-json\/wp\/v2\/pages\/2310\/revisions\/2311"}],"wp:attachment":[{"href":"https:\/\/billingensstugby.se\/de\/wp-json\/wp\/v2\/media?parent=2310"}],"curies":[{"name":"wp","href":"https:\/\/api.w.org\/{rel}","templated":true}]}}