{"id":2314,"date":"2016-11-15T09:18:32","date_gmt":"2016-11-15T09:18:32","guid":{"rendered":"https:\/\/billingensstugby.se.tuana.hemsida.eu\/hem\/"},"modified":"2021-10-04T14:30:43","modified_gmt":"2021-10-04T13:30:43","slug":"hem","status":"publish","type":"page","link":"https:\/\/billingensstugby.se\/de\/","title":{"rendered":"Home"},"content":{"rendered":"\t\t<div data-elementor-type=\"wp-page\" data-elementor-id=\"2314\" class=\"elementor elementor-2314 elementor-9\" data-elementor-post-type=\"page\">\n\t\t\t\t\t\t<section class=\"elementor-section elementor-top-section elementor-element elementor-element-15f1fe8d elementor-section-full_width elementor-section-height-min-height elementor-section-items-stretch elementor-section-stretched elementor-section-height-default\" data-id=\"15f1fe8d\" data-element_type=\"section\" data-e-type=\"section\" data-settings=\"{&quot;stretch_section&quot;:&quot;section-stretched&quot;}\">\n\t\t\t\t\t\t<div class=\"elementor-container elementor-column-gap-no\">\n\t\t\t\t\t<div class=\"elementor-column elementor-col-100 elementor-top-column elementor-element elementor-element-311c1c6\" data-id=\"311c1c6\" data-element_type=\"column\" data-e-type=\"column\">\n\t\t\t<div class=\"elementor-widget-wrap elementor-element-populated\">\n\t\t\t\t\t\t<div class=\"elementor-element elementor-element-165121de elementor--h-position-center elementor--v-position-middle elementor-arrows-position-inside elementor-pagination-position-inside elementor-widget elementor-widget-slides\" data-id=\"165121de\" data-element_type=\"widget\" data-e-type=\"widget\" data-settings=\"{&quot;transition_speed&quot;:600,&quot;navigation&quot;:&quot;both&quot;,&quot;transition&quot;:&quot;slide&quot;}\" data-widget_type=\"slides.default\">\n\t\t\t\t<div class=\"elementor-widget-container\">\n\t\t\t\t\t\t\t\t\t<div class=\"elementor-swiper\">\n\t\t\t\t\t<div class=\"elementor-slides-wrapper elementor-main-swiper swiper\" role=\"region\" aria-roledescription=\"carousel\" aria-label=\"Slider\" dir=\"ltr\" data-animation=\"\">\n\t\t\t\t<div class=\"swiper-wrapper elementor-slides\">\n\t\t\t\t\t\t\t\t\t\t<div class=\"elementor-repeater-item-5fd187f swiper-slide\" role=\"group\" aria-roledescription=\"slide\"><div class=\"swiper-slide-bg\" role=\"img\" aria-label=\"Stuga modell C\"><\/div><div class=\"elementor-background-overlay\"><\/div><a class=\"swiper-slide-inner\" href=\"https:\/\/billingensstugby.se\/de\/stugor\/\"><div class=\"swiper-slide-contents\"><div class=\"elementor-slide-heading\">V\u00e4lkommen till Billingen!<\/div><div class=\"elementor-slide-description\">Hos oss bor du bekv\u00e4mt i egen stuga.<\/div><div  class=\"elementor-button elementor-slide-button elementor-size-sm\">Klicka h\u00e4r<\/div><\/div><\/a><\/div>\t\t\t\t<\/div>\n\t\t\t\t\t\t\t<\/div>\n\t\t\t\t<\/div>\n\t\t\t\t\t\t\t\t<\/div>\n\t\t\t\t<\/div>\n\t\t\t\t\t<\/div>\n\t\t<\/div>\n\t\t\t\t\t<\/div>\n\t\t<\/section>\n\t\t\t\t<section class=\"elementor-section elementor-top-section elementor-element elementor-element-32af838 elementor-section-boxed elementor-section-height-default elementor-section-height-default\" data-id=\"32af838\" data-element_type=\"section\" data-e-type=\"section\">\n\t\t\t\t\t\t<div class=\"elementor-container elementor-column-gap-default\">\n\t\t\t\t\t<div class=\"elementor-column elementor-col-100 elementor-top-column elementor-element elementor-element-53f31d2\" data-id=\"53f31d2\" data-element_type=\"column\" data-e-type=\"column\">\n\t\t\t<div class=\"elementor-widget-wrap elementor-element-populated\">\n\t\t\t\t\t\t<div class=\"elementor-element elementor-element-eae4dd1 elementor-widget elementor-widget-spacer\" data-id=\"eae4dd1\" data-element_type=\"widget\" data-e-type=\"widget\" data-widget_type=\"spacer.default\">\n\t\t\t\t<div class=\"elementor-widget-container\">\n\t\t\t\t\t\t\t<div class=\"elementor-spacer\">\n\t\t\t<div class=\"elementor-spacer-inner\"><\/div>\n\t\t<\/div>\n\t\t\t\t\t\t<\/div>\n\t\t\t\t<\/div>\n\t\t\t\t\t<\/div>\n\t\t<\/div>\n\t\t\t\t\t<\/div>\n\t\t<\/section>\n\t\t\t\t<section class=\"elementor-section elementor-top-section elementor-element elementor-element-51c7aaa elementor-section-boxed elementor-section-height-default elementor-section-height-default\" data-id=\"51c7aaa\" data-element_type=\"section\" data-e-type=\"section\">\n\t\t\t\t\t\t<div class=\"elementor-container elementor-column-gap-default\">\n\t\t\t\t\t<div class=\"elementor-column elementor-col-33 elementor-top-column elementor-element elementor-element-5f65b7a\" data-id=\"5f65b7a\" data-element_type=\"column\" data-e-type=\"column\">\n\t\t\t<div class=\"elementor-widget-wrap elementor-element-populated\">\n\t\t\t\t\t\t<div class=\"elementor-element elementor-element-b8fa173 elementor-cta--skin-classic elementor-animated-content elementor-widget elementor-widget-call-to-action\" data-id=\"b8fa173\" data-element_type=\"widget\" data-e-type=\"widget\" data-widget_type=\"call-to-action.default\">\n\t\t\t\t<div class=\"elementor-widget-container\">\n\t\t\t\t\t\t\t<div class=\"elementor-cta\">\n\t\t\t\t\t<div class=\"elementor-cta__bg-wrapper\">\n\t\t\t\t<div class=\"elementor-cta__bg elementor-bg\" style=\"background-image: url(https:\/\/billingensstugby.se\/wp-content\/uploads\/2021\/01\/20200806_121605-1024x576.jpg);\" role=\"img\" aria-label=\"Stuga modell C\"><\/div>\n\t\t\t\t<div class=\"elementor-cta__bg-overlay\"><\/div>\n\t\t\t<\/div>\n\t\t\t\t\t\t\t<div class=\"elementor-cta__content\">\n\t\t\t\t\n\t\t\t\t\n\t\t\t\t\n\t\t\t\t\t\t\t\t\t<div class=\"elementor-cta__button-wrapper elementor-cta__content-item elementor-content-item \">\n\t\t\t\t\t<a class=\"elementor-cta__button elementor-button elementor-size-\" href=\"https:\/\/billingensstugby.se\/bokningsformulaer\/\">\n\t\t\t\t\t\tBokningsf\u00f6rfr\u00e5gan\t\t\t\t\t<\/a>\n\t\t\t\t\t<\/div>\n\t\t\t\t\t\t\t<\/div>\n\t\t\t\t\t\t<\/div>\n\t\t\t\t\t\t<\/div>\n\t\t\t\t<\/div>\n\t\t\t\t\t<\/div>\n\t\t<\/div>\n\t\t\t\t<div class=\"elementor-column elementor-col-33 elementor-top-column elementor-element elementor-element-774878f\" data-id=\"774878f\" data-element_type=\"column\" data-e-type=\"column\">\n\t\t\t<div class=\"elementor-widget-wrap elementor-element-populated\">\n\t\t\t\t\t\t<div class=\"elementor-element elementor-element-525001e elementor-cta--skin-classic elementor-animated-content elementor-widget elementor-widget-call-to-action\" data-id=\"525001e\" data-element_type=\"widget\" data-e-type=\"widget\" data-widget_type=\"call-to-action.default\">\n\t\t\t\t<div class=\"elementor-widget-container\">\n\t\t\t\t\t\t\t<div class=\"elementor-cta\">\n\t\t\t\t\t<div class=\"elementor-cta__bg-wrapper\">\n\t\t\t\t<div class=\"elementor-cta__bg elementor-bg\" style=\"background-image: url(https:\/\/billingensstugby.se\/wp-content\/uploads\/2020\/06\/3-Fotograf-Tobias-Andersson-1-1024x683.jpg);\" role=\"img\" aria-label=\"Billingen Bikepark. Foto: Tobias Andersson\"><\/div>\n\t\t\t\t<div class=\"elementor-cta__bg-overlay\"><\/div>\n\t\t\t<\/div>\n\t\t\t\t\t\t\t<div class=\"elementor-cta__content\">\n\t\t\t\t\n\t\t\t\t\n\t\t\t\t\n\t\t\t\t\t\t\t\t\t<div class=\"elementor-cta__button-wrapper elementor-cta__content-item elementor-content-item \">\n\t\t\t\t\t<a class=\"elementor-cta__button elementor-button elementor-size-\" href=\"https:\/\/billingensstugby.se\/se-gora\/\">\n\t\t\t\t\t\tSe &amp; G\u00f6ra\t\t\t\t\t<\/a>\n\t\t\t\t\t<\/div>\n\t\t\t\t\t\t\t<\/div>\n\t\t\t\t\t\t<\/div>\n\t\t\t\t\t\t<\/div>\n\t\t\t\t<\/div>\n\t\t\t\t\t<\/div>\n\t\t<\/div>\n\t\t\t\t<div class=\"elementor-column elementor-col-33 elementor-top-column elementor-element elementor-element-53dc96f\" data-id=\"53dc96f\" data-element_type=\"column\" data-e-type=\"column\">\n\t\t\t<div class=\"elementor-widget-wrap elementor-element-populated\">\n\t\t\t\t\t\t<div class=\"elementor-element elementor-element-99dadbd elementor-cta--skin-classic elementor-animated-content elementor-widget elementor-widget-call-to-action\" data-id=\"99dadbd\" data-element_type=\"widget\" data-e-type=\"widget\" data-widget_type=\"call-to-action.default\">\n\t\t\t\t<div class=\"elementor-widget-container\">\n\t\t\t\t\t\t\t<div class=\"elementor-cta\">\n\t\t\t\t\t<div class=\"elementor-cta__bg-wrapper\">\n\t\t\t\t<div class=\"elementor-cta__bg elementor-bg\" style=\"background-image: url(https:\/\/billingensstugby.se\/wp-content\/uploads\/2021\/02\/Alexander-Arnholm-Camping-21-1024x683.jpg);\" role=\"img\" aria-label=\"Receptionen\"><\/div>\n\t\t\t\t<div class=\"elementor-cta__bg-overlay\"><\/div>\n\t\t\t<\/div>\n\t\t\t\t\t\t\t<div class=\"elementor-cta__content\">\n\t\t\t\t\n\t\t\t\t\n\t\t\t\t\n\t\t\t\t\t\t\t\t\t<div class=\"elementor-cta__button-wrapper elementor-cta__content-item elementor-content-item \">\n\t\t\t\t\t<a class=\"elementor-cta__button elementor-button elementor-size-\" href=\"https:\/\/billingensstugby.se\/hitta-hit\/\">\n\t\t\t\t\t\tKontakta oss\t\t\t\t\t<\/a>\n\t\t\t\t\t<\/div>\n\t\t\t\t\t\t\t<\/div>\n\t\t\t\t\t\t<\/div>\n\t\t\t\t\t\t<\/div>\n\t\t\t\t<\/div>\n\t\t\t\t\t<\/div>\n\t\t<\/div>\n\t\t\t\t\t<\/div>\n\t\t<\/section>\n\t\t\t\t<section class=\"elementor-section elementor-top-section elementor-element elementor-element-ffe143b elementor-section-boxed elementor-section-height-default elementor-section-height-default\" data-id=\"ffe143b\" data-element_type=\"section\" data-e-type=\"section\">\n\t\t\t\t\t\t<div class=\"elementor-container elementor-column-gap-default\">\n\t\t\t\t\t<div class=\"elementor-column elementor-col-100 elementor-top-column elementor-element elementor-element-18acd7a\" data-id=\"18acd7a\" data-element_type=\"column\" data-e-type=\"column\">\n\t\t\t<div class=\"elementor-widget-wrap elementor-element-populated\">\n\t\t\t\t\t\t<div class=\"elementor-element elementor-element-41c27d4 elementor-widget elementor-widget-spacer\" data-id=\"41c27d4\" data-element_type=\"widget\" data-e-type=\"widget\" data-widget_type=\"spacer.default\">\n\t\t\t\t<div class=\"elementor-widget-container\">\n\t\t\t\t\t\t\t<div class=\"elementor-spacer\">\n\t\t\t<div class=\"elementor-spacer-inner\"><\/div>\n\t\t<\/div>\n\t\t\t\t\t\t<\/div>\n\t\t\t\t<\/div>\n\t\t\t\t\t<\/div>\n\t\t<\/div>\n\t\t\t\t\t<\/div>\n\t\t<\/section>\n\t\t\t\t<section class=\"elementor-section elementor-top-section elementor-element elementor-element-85be352 elementor-section-stretched elementor-section-boxed elementor-section-height-default elementor-section-height-default\" data-id=\"85be352\" data-element_type=\"section\" data-e-type=\"section\" data-settings=\"{&quot;stretch_section&quot;:&quot;section-stretched&quot;}\">\n\t\t\t\t\t\t<div class=\"elementor-container elementor-column-gap-default\">\n\t\t\t\t\t<div class=\"elementor-column elementor-col-100 elementor-top-column elementor-element elementor-element-7b7775e\" data-id=\"7b7775e\" data-element_type=\"column\" data-e-type=\"column\">\n\t\t\t<div class=\"elementor-widget-wrap elementor-element-populated\">\n\t\t\t\t\t\t<div class=\"elementor-element elementor-element-8a6985c elementor-widget elementor-widget-text-editor\" data-id=\"8a6985c\" data-element_type=\"widget\" data-e-type=\"widget\" data-widget_type=\"text-editor.default\">\n\t\t\t\t<div class=\"elementor-widget-container\">\n\t\t\t\t\t\t\t\t\t<h2 style=\"text-align: left;\">V\u00e4lkommen till Billingen!<\/h2><p>Billingens stugby &amp; camping ligger endast tre kilometer fr\u00e5n Sk\u00f6vde centrum men \u00e4nd\u00e5 med naturen utanf\u00f6r knuten.<br \/>H\u00e4r kan du knyta p\u00e5 dig l\u00f6parskorna eller p\u00e5 vintern l\u00e4ngdskidorna och bege dig ut i sp\u00e5ren som g\u00e5r precis utanf\u00f6r campingen. Billingen \u00e4r ett Officiellt Vasaloppscenter inom l\u00f6pning, cykel och l\u00e4ngdskidor. H\u00e4r finns grillplatser, sj\u00f6ar, utomhusbad, aktivitetsplats, Skogsmullerike, vandringsleder, Pumptrack banor som inbjuder till sp\u00e4nnande och roliga aktiviteter och tr\u00e4ningsm\u00f6jligheter f\u00f6r hela familjen.<br \/>Dessutom har du tillg\u00e5ng till n\u00e5gra av V\u00e4stsveriges st\u00f6rsta bes\u00f6ksm\u00e5l n\u00e4r du bor hos oss. H\u00e4r finns Arena Sk\u00f6vde \u00e4ventyrsbad, Skara Sommarland, G\u00f6ta Kanal, Karlsborgs f\u00e4stning, L\u00e4ck\u00f6 slott, Hornborgasj\u00f6n, Varnhems klosterkyrka med Kata g\u00e5rd och m\u00e5nga fler bes\u00f6ksm\u00e5l.<\/p><p>V\u00e4lkommen till Billingens stugby &amp; camping \u2013 ett perfekt utg\u00e5ngsl\u00e4ge f\u00f6r att uppt\u00e4cka Skaraborg!<\/p>\t\t\t\t\t\t\t\t<\/div>\n\t\t\t\t<\/div>\n\t\t\t\t\t<\/div>\n\t\t<\/div>\n\t\t\t\t\t<\/div>\n\t\t<\/section>\n\t\t\t\t<section class=\"elementor-section elementor-top-section elementor-element elementor-element-c4e3650 elementor-section-boxed elementor-section-height-default elementor-section-height-default\" data-id=\"c4e3650\" data-element_type=\"section\" data-e-type=\"section\">\n\t\t\t\t\t\t<div class=\"elementor-container elementor-column-gap-default\">\n\t\t\t\t\t<div class=\"elementor-column elementor-col-100 elementor-top-column elementor-element elementor-element-1ec0432\" data-id=\"1ec0432\" data-element_type=\"column\" data-e-type=\"column\">\n\t\t\t<div class=\"elementor-widget-wrap elementor-element-populated\">\n\t\t\t\t\t\t<div class=\"elementor-element elementor-element-034e63b elementor-widget elementor-widget-spacer\" data-id=\"034e63b\" data-element_type=\"widget\" data-e-type=\"widget\" data-widget_type=\"spacer.default\">\n\t\t\t\t<div class=\"elementor-widget-container\">\n\t\t\t\t\t\t\t<div class=\"elementor-spacer\">\n\t\t\t<div class=\"elementor-spacer-inner\"><\/div>\n\t\t<\/div>\n\t\t\t\t\t\t<\/div>\n\t\t\t\t<\/div>\n\t\t\t\t\t<\/div>\n\t\t<\/div>\n\t\t\t\t\t<\/div>\n\t\t<\/section>\n\t\t\t\t<\/div>\n\t\t","protected":false},"excerpt":{"rendered":"<p>V\u00e4lkommen till Billingen!Hos oss bor du bekv\u00e4mt i egen stuga.Klicka h\u00e4r Bokningsf\u00f6rfr\u00e5gan Se &#038; G\u00f6ra Kontakta oss V\u00e4lkommen till Billingen! Billingens stugby &amp; camping ligger endast tre kilometer fr\u00e5n Sk\u00f6vde centrum men \u00e4nd\u00e5 med naturen utanf\u00f6r knuten.H\u00e4r kan du knyta p\u00e5 dig l\u00f6parskorna eller p\u00e5 vintern l\u00e4ngdskidorna och bege dig ut i sp\u00e5ren som g\u00e5r [&hellip;]<\/p>\n","protected":false},"author":12,"featured_media":0,"parent":0,"menu_order":0,"comment_status":"closed","ping_status":"closed","template":"","meta":{"_acf_changed":false,"_genesis_hide_title":false,"_genesis_hide_breadcrumbs":false,"_genesis_hide_singular_image":false,"_genesis_hide_footer_widgets":false,"_genesis_custom_body_class":"","_genesis_custom_post_class":"","_genesis_layout":"","footnotes":""},"class_list":{"0":"post-2314","1":"page","2":"type-page","3":"status-publish","5":"entry"},"acf":[],"yoast_head":"<!-- This site is optimized with the Yoast SEO plugin v27.4 - https:\/\/yoast.com\/product\/yoast-seo-wordpress\/ -->\n<title>Billingens stugby &amp; camping<\/title>\n<meta name=\"description\" content=\"V\u00e4lkommen till Sk\u00f6vde och Billingen - en p\u00e4rla i V\u00e4sterg\u00f6tland! Billingens stugby och camping ligger med naturen utanf\u00f6r knuten men \u00e4nd\u00e5 n\u00e4ra Sk\u00f6vde centrum\" \/>\n<meta name=\"robots\" content=\"index, follow, max-snippet:-1, max-image-preview:large, max-video-preview:-1\" \/>\n<link rel=\"canonical\" href=\"https:\/\/billingensstugby.se\/de\/\" \/>\n<meta property=\"og:locale\" content=\"de_DE\" \/>\n<meta property=\"og:type\" content=\"article\" \/>\n<meta property=\"og:title\" content=\"Billingens stugby &amp; camping\" \/>\n<meta property=\"og:description\" content=\"V\u00e4lkommen till Sk\u00f6vde och Billingen - en p\u00e4rla i V\u00e4sterg\u00f6tland! Billingens stugby och camping ligger med naturen utanf\u00f6r knuten men \u00e4nd\u00e5 n\u00e4ra Sk\u00f6vde centrum\" \/>\n<meta property=\"og:url\" content=\"https:\/\/billingensstugby.se\/de\/\" \/>\n<meta property=\"og:site_name\" content=\"Billingens stugby &amp; camping\" \/>\n<meta property=\"article:modified_time\" content=\"2021-10-04T13:30:43+00:00\" \/>\n<meta name=\"twitter:card\" content=\"summary_large_image\" \/>\n<meta name=\"twitter:label1\" content=\"Gesch\u00e4tzte Lesezeit\" \/>\n\t<meta name=\"twitter:data1\" content=\"1\u00a0Minute\" \/>\n<script type=\"application\/ld+json\" class=\"yoast-schema-graph\">{\"@context\":\"https:\\\/\\\/schema.org\",\"@graph\":[{\"@type\":\"WebPage\",\"@id\":\"https:\\\/\\\/billingensstugby.se\\\/de\\\/\",\"url\":\"https:\\\/\\\/billingensstugby.se\\\/de\\\/\",\"name\":\"Billingens stugby & camping\",\"isPartOf\":{\"@id\":\"https:\\\/\\\/billingensstugby.se\\\/de\\\/#website\"},\"datePublished\":\"2016-11-15T09:18:32+00:00\",\"dateModified\":\"2021-10-04T13:30:43+00:00\",\"description\":\"V\u00e4lkommen till Sk\u00f6vde och Billingen - en p\u00e4rla i V\u00e4sterg\u00f6tland! Billingens stugby och camping ligger med naturen utanf\u00f6r knuten men \u00e4nd\u00e5 n\u00e4ra Sk\u00f6vde centrum\",\"breadcrumb\":{\"@id\":\"https:\\\/\\\/billingensstugby.se\\\/de\\\/#breadcrumb\"},\"inLanguage\":\"de\",\"potentialAction\":[{\"@type\":\"ReadAction\",\"target\":[\"https:\\\/\\\/billingensstugby.se\\\/de\\\/\"]}]},{\"@type\":\"BreadcrumbList\",\"@id\":\"https:\\\/\\\/billingensstugby.se\\\/de\\\/#breadcrumb\",\"itemListElement\":[{\"@type\":\"ListItem\",\"position\":1,\"name\":\"Hem\",\"item\":\"https:\\\/\\\/billingensstugby.se\\\/de\\\/\"},{\"@type\":\"ListItem\",\"position\":2,\"name\":\"Home\"}]},{\"@type\":\"WebSite\",\"@id\":\"https:\\\/\\\/billingensstugby.se\\\/de\\\/#website\",\"url\":\"https:\\\/\\\/billingensstugby.se\\\/de\\\/\",\"name\":\"Billingens stugby &amp; camping\",\"description\":\"Natursk\u00f6n stugby &amp; camping bel\u00e4gen 3,5 km fr\u00e5n centrum, p\u00e5 berget Billingen. Hyr ut stugor \u00e5ret runt. STF vandrarhem och SCR camping.\",\"publisher\":{\"@id\":\"https:\\\/\\\/billingensstugby.se\\\/de\\\/#organization\"},\"potentialAction\":[{\"@type\":\"SearchAction\",\"target\":{\"@type\":\"EntryPoint\",\"urlTemplate\":\"https:\\\/\\\/billingensstugby.se\\\/de\\\/?s={search_term_string}\"},\"query-input\":{\"@type\":\"PropertyValueSpecification\",\"valueRequired\":true,\"valueName\":\"search_term_string\"}}],\"inLanguage\":\"de\"},{\"@type\":\"Organization\",\"@id\":\"https:\\\/\\\/billingensstugby.se\\\/de\\\/#organization\",\"name\":\"Billingens stugby och camping\",\"url\":\"https:\\\/\\\/billingensstugby.se\\\/de\\\/\",\"logo\":{\"@type\":\"ImageObject\",\"inLanguage\":\"de\",\"@id\":\"https:\\\/\\\/billingensstugby.se\\\/de\\\/#\\\/schema\\\/logo\\\/image\\\/\",\"url\":\"https:\\\/\\\/billingensstugby.se\\\/wp-content\\\/uploads\\\/2016\\\/11\\\/loggabillingen-e1611223751434.png\",\"contentUrl\":\"https:\\\/\\\/billingensstugby.se\\\/wp-content\\\/uploads\\\/2016\\\/11\\\/loggabillingen-e1611223751434.png\",\"width\":402,\"height\":123,\"caption\":\"Billingens stugby och camping\"},\"image\":{\"@id\":\"https:\\\/\\\/billingensstugby.se\\\/de\\\/#\\\/schema\\\/logo\\\/image\\\/\"},\"sameAs\":[\"https:\\\/\\\/www.instagram.com\\\/billingensstugby\\\/\"]}]}<\/script>\n<!-- \/ Yoast SEO plugin. -->","yoast_head_json":{"title":"Billingens stugby & camping","description":"V\u00e4lkommen till Sk\u00f6vde och Billingen - en p\u00e4rla i V\u00e4sterg\u00f6tland! Billingens stugby och camping ligger med naturen utanf\u00f6r knuten men \u00e4nd\u00e5 n\u00e4ra Sk\u00f6vde centrum","robots":{"index":"index","follow":"follow","max-snippet":"max-snippet:-1","max-image-preview":"max-image-preview:large","max-video-preview":"max-video-preview:-1"},"canonical":"https:\/\/billingensstugby.se\/de\/","og_locale":"de_DE","og_type":"article","og_title":"Billingens stugby & camping","og_description":"V\u00e4lkommen till Sk\u00f6vde och Billingen - en p\u00e4rla i V\u00e4sterg\u00f6tland! Billingens stugby och camping ligger med naturen utanf\u00f6r knuten men \u00e4nd\u00e5 n\u00e4ra Sk\u00f6vde centrum","og_url":"https:\/\/billingensstugby.se\/de\/","og_site_name":"Billingens stugby &amp; camping","article_modified_time":"2021-10-04T13:30:43+00:00","twitter_card":"summary_large_image","twitter_misc":{"Gesch\u00e4tzte Lesezeit":"1\u00a0Minute"},"schema":{"@context":"https:\/\/schema.org","@graph":[{"@type":"WebPage","@id":"https:\/\/billingensstugby.se\/de\/","url":"https:\/\/billingensstugby.se\/de\/","name":"Billingens stugby & camping","isPartOf":{"@id":"https:\/\/billingensstugby.se\/de\/#website"},"datePublished":"2016-11-15T09:18:32+00:00","dateModified":"2021-10-04T13:30:43+00:00","description":"V\u00e4lkommen till Sk\u00f6vde och Billingen - en p\u00e4rla i V\u00e4sterg\u00f6tland! Billingens stugby och camping ligger med naturen utanf\u00f6r knuten men \u00e4nd\u00e5 n\u00e4ra Sk\u00f6vde centrum","breadcrumb":{"@id":"https:\/\/billingensstugby.se\/de\/#breadcrumb"},"inLanguage":"de","potentialAction":[{"@type":"ReadAction","target":["https:\/\/billingensstugby.se\/de\/"]}]},{"@type":"BreadcrumbList","@id":"https:\/\/billingensstugby.se\/de\/#breadcrumb","itemListElement":[{"@type":"ListItem","position":1,"name":"Hem","item":"https:\/\/billingensstugby.se\/de\/"},{"@type":"ListItem","position":2,"name":"Home"}]},{"@type":"WebSite","@id":"https:\/\/billingensstugby.se\/de\/#website","url":"https:\/\/billingensstugby.se\/de\/","name":"Billingens stugby &amp; camping","description":"Natursk\u00f6n stugby &amp; camping bel\u00e4gen 3,5 km fr\u00e5n centrum, p\u00e5 berget Billingen. Hyr ut stugor \u00e5ret runt. STF vandrarhem och SCR camping.","publisher":{"@id":"https:\/\/billingensstugby.se\/de\/#organization"},"potentialAction":[{"@type":"SearchAction","target":{"@type":"EntryPoint","urlTemplate":"https:\/\/billingensstugby.se\/de\/?s={search_term_string}"},"query-input":{"@type":"PropertyValueSpecification","valueRequired":true,"valueName":"search_term_string"}}],"inLanguage":"de"},{"@type":"Organization","@id":"https:\/\/billingensstugby.se\/de\/#organization","name":"Billingens stugby och camping","url":"https:\/\/billingensstugby.se\/de\/","logo":{"@type":"ImageObject","inLanguage":"de","@id":"https:\/\/billingensstugby.se\/de\/#\/schema\/logo\/image\/","url":"https:\/\/billingensstugby.se\/wp-content\/uploads\/2016\/11\/loggabillingen-e1611223751434.png","contentUrl":"https:\/\/billingensstugby.se\/wp-content\/uploads\/2016\/11\/loggabillingen-e1611223751434.png","width":402,"height":123,"caption":"Billingens stugby och camping"},"image":{"@id":"https:\/\/billingensstugby.se\/de\/#\/schema\/logo\/image\/"},"sameAs":["https:\/\/www.instagram.com\/billingensstugby\/"]}]}},"_links":{"self":[{"href":"https:\/\/billingensstugby.se\/de\/wp-json\/wp\/v2\/pages\/2314","targetHints":{"allow":["GET"]}}],"collection":[{"href":"https:\/\/billingensstugby.se\/de\/wp-json\/wp\/v2\/pages"}],"about":[{"href":"https:\/\/billingensstugby.se\/de\/wp-json\/wp\/v2\/types\/page"}],"author":[{"embeddable":true,"href":"https:\/\/billingensstugby.se\/de\/wp-json\/wp\/v2\/users\/12"}],"replies":[{"embeddable":true,"href":"https:\/\/billingensstugby.se\/de\/wp-json\/wp\/v2\/comments?post=2314"}],"version-history":[{"count":8,"href":"https:\/\/billingensstugby.se\/de\/wp-json\/wp\/v2\/pages\/2314\/revisions"}],"predecessor-version":[{"id":2819,"href":"https:\/\/billingensstugby.se\/de\/wp-json\/wp\/v2\/pages\/2314\/revisions\/2819"}],"wp:attachment":[{"href":"https:\/\/billingensstugby.se\/de\/wp-json\/wp\/v2\/media?parent=2314"}],"curies":[{"name":"wp","href":"https:\/\/api.w.org\/{rel}","templated":true}]}}