{"id":2342,"date":"2016-11-15T09:20:34","date_gmt":"2016-11-15T08:20:34","guid":{"rendered":"https:\/\/billingensstugby.se.tuana.hemsida.eu\/konferens\/"},"modified":"2021-09-16T15:19:48","modified_gmt":"2021-09-16T14:19:48","slug":"konferens","status":"publish","type":"page","link":"https:\/\/billingensstugby.se\/de\/konferens\/","title":{"rendered":"Konferenzraum"},"content":{"rendered":"\t\t<div data-elementor-type=\"wp-page\" data-elementor-id=\"2342\" class=\"elementor elementor-2342 elementor-13\" data-elementor-post-type=\"page\">\n\t\t\t\t\t\t<section class=\"elementor-section elementor-top-section elementor-element elementor-element-387dc9d6 elementor-section-height-min-height elementor-section-boxed elementor-section-height-default elementor-section-items-middle\" data-id=\"387dc9d6\" data-element_type=\"section\" data-e-type=\"section\">\n\t\t\t\t\t\t\t<div class=\"elementor-background-overlay\"><\/div>\n\t\t\t\t\t\t\t<div class=\"elementor-container elementor-column-gap-default\">\n\t\t\t\t\t<div class=\"elementor-column elementor-col-100 elementor-top-column elementor-element elementor-element-617bdcc\" data-id=\"617bdcc\" data-element_type=\"column\" data-e-type=\"column\">\n\t\t\t<div class=\"elementor-widget-wrap elementor-element-populated\">\n\t\t\t\t\t\t<div class=\"elementor-element elementor-element-22ab1204 elementor-widget elementor-widget-heading\" data-id=\"22ab1204\" data-element_type=\"widget\" data-e-type=\"widget\" data-widget_type=\"heading.default\">\n\t\t\t\t<div class=\"elementor-widget-container\">\n\t\t\t\t\t<h1 class=\"elementor-heading-title elementor-size-default\">Konferenzraum<\/h1>\t\t\t\t<\/div>\n\t\t\t\t<\/div>\n\t\t\t\t<div class=\"elementor-element elementor-element-b9e1861 elementor-align-center elementor-widget elementor-widget-button\" data-id=\"b9e1861\" data-element_type=\"widget\" data-e-type=\"widget\" data-widget_type=\"button.default\">\n\t\t\t\t<div class=\"elementor-widget-container\">\n\t\t\t\t\t\t\t\t\t<div class=\"elementor-button-wrapper\">\n\t\t\t\t\t<a class=\"elementor-button elementor-button-link elementor-size-sm\" href=\"https:\/\/billingensstugby.se\/de\/bokningsformulaer\/\">\n\t\t\t\t\t\t<span class=\"elementor-button-content-wrapper\">\n\t\t\t\t\t\t<span class=\"elementor-button-icon\">\n\t\t\t\t<i aria-hidden=\"true\" class=\"far fa-calendar-alt\"><\/i>\t\t\t<\/span>\n\t\t\t\t\t\t\t\t\t<span class=\"elementor-button-text\">Bokningsf\u00f6rfr\u00e5gan<\/span>\n\t\t\t\t\t<\/span>\n\t\t\t\t\t<\/a>\n\t\t\t\t<\/div>\n\t\t\t\t\t\t\t\t<\/div>\n\t\t\t\t<\/div>\n\t\t\t\t\t<\/div>\n\t\t<\/div>\n\t\t\t\t\t<\/div>\n\t\t<\/section>\n\t\t\t\t<section class=\"elementor-section elementor-top-section elementor-element elementor-element-47883795 elementor-section-boxed elementor-section-height-default elementor-section-height-default\" data-id=\"47883795\" data-element_type=\"section\" data-e-type=\"section\">\n\t\t\t\t\t\t<div class=\"elementor-container elementor-column-gap-default\">\n\t\t\t\t\t<div class=\"elementor-column elementor-col-100 elementor-top-column elementor-element elementor-element-72d5bbfe\" data-id=\"72d5bbfe\" data-element_type=\"column\" data-e-type=\"column\">\n\t\t\t<div class=\"elementor-widget-wrap elementor-element-populated\">\n\t\t\t\t\t\t<div class=\"elementor-element elementor-element-28cea5d4 elementor-widget elementor-widget-spacer\" data-id=\"28cea5d4\" data-element_type=\"widget\" data-e-type=\"widget\" data-widget_type=\"spacer.default\">\n\t\t\t\t<div class=\"elementor-widget-container\">\n\t\t\t\t\t\t\t<div class=\"elementor-spacer\">\n\t\t\t<div class=\"elementor-spacer-inner\"><\/div>\n\t\t<\/div>\n\t\t\t\t\t\t<\/div>\n\t\t\t\t<\/div>\n\t\t\t\t\t<\/div>\n\t\t<\/div>\n\t\t\t\t\t<\/div>\n\t\t<\/section>\n\t\t\t\t<section class=\"elementor-section elementor-top-section elementor-element elementor-element-7deb87f9 elementor-section-boxed elementor-section-height-default elementor-section-height-default\" data-id=\"7deb87f9\" data-element_type=\"section\" data-e-type=\"section\">\n\t\t\t\t\t\t<div class=\"elementor-container elementor-column-gap-default\">\n\t\t\t\t\t<div class=\"elementor-column elementor-col-50 elementor-top-column elementor-element elementor-element-568df650\" data-id=\"568df650\" data-element_type=\"column\" data-e-type=\"column\">\n\t\t\t<div class=\"elementor-widget-wrap elementor-element-populated\">\n\t\t\t\t\t\t<div class=\"elementor-element elementor-element-23afdb98 elementor-widget elementor-widget-text-editor\" data-id=\"23afdb98\" data-element_type=\"widget\" data-e-type=\"widget\" data-widget_type=\"text-editor.default\">\n\t\t\t\t<div class=\"elementor-widget-container\">\n\t\t\t\t\t\t\t\t\t<p>Wenn Sie auf der Suche nach einer Konferenz- oder Partylocation mitten in der Natur auf Billingen sind, die auch einen angemessenen Preis hat, sind Sie hier genau richtig! Die R\u00e4umlichkeiten sind sehr geeignet f\u00fcr Trainingslager, Schulungen oder private Feiern.<br \/>Jeder Veranstaltungsort bietet Platz f\u00fcr 30-40 Personen (max. 50).<\/p><p>Der Raum ist hell mit vielen Fenstern und hat einen offenen Grundriss und man braucht zwei R\u00e4ume, damit man auch im Esszimmer sitzen kann.<\/p><p>Es gibt einen gem\u00fctlichen Herd, eine voll ausgestattete &#8222;K\u00fcchenk\u00fcche&#8220; mit Kaffeemaschine, Schnellsp\u00fclmaschine, Geschirr und Toiletten sowie einen separaten Eingang.<\/p><p>Der Konferenzraum ist mit Notebooks, Stiften, Whiteboard, Projektorabdeckung, Projektor und Overheadprojektor ausgestattet. Es gibt auch ein Audiosystem und WLAN.<\/p><p>&lt;strong&gt;Preis.&lt;\/strong&gt;<\/p><p>Der Veranstaltungsort ist von 09:00 bis 22:00 Uhr vermietet.<br \/>Preis\/Tag montag-donnerstag: 2600\u00a0SEK in MwSt. (2080\u00a0SEK ohne MwSt)<br \/>Preis\/Tag freitag-sonntag: 4000\u00a0SEK in MwSt. (3200\u00a0SEK ohne MwSt)<\/p><p>Oder Sie k\u00f6nnen das gesamte Geb\u00e4ude mit der Herberge mieten, auf der die G\u00e4ste \u00fcbernachten k\u00f6nnen.<br \/>Die Herberge hat einen guten Standard mit insgesamt 18 Betten und die meisten Zimmer haben Dusche und WC im Zimmer.<br \/>Sie haben dann Zugang zu Konferenz- und Bankettr\u00e4umen mit K\u00fcche, K\u00fchlschrank, allen Ger\u00e4ten und zwischen 09:00 und 11:00 Uhr.<br \/>Das Hostel wird Ihnen am folgenden Tag zwischen 15:00 und 11:00 Uhr Zugang gew\u00e4hren.<br \/>Die Zimmer und Zimmer m\u00fcssen sauber und in ihrem urspr\u00fcnglichen Zustand hinterlassen werden.<\/p><p>Preis\/Tag montag-donnerstag: 6950\u00a0SEK in MwSt. (5560\u00a0SEK ohne MwSt)<br \/>Preis\/Tag freitag-sonntag: 7500\u00a0SEK in MwSt. (6000\u00a0SEK exkl. MwSt.)<\/p><p>Nationale Feiertage wie Weihnachten, Silvester, Mittsommer usw. werden f\u00fcr den h\u00f6heren Preis berechnet!<\/p><p>Gew\u00fcnschte Bettw\u00e4sche wird 75\u00a0SEK \/ Person berechnet. (Bettw\u00e4sche + gro\u00dfes und kleines Handtuch)<\/p><p><strong>Willkommen bei Billingens Stugby &amp; Camping.<\/strong><\/p>\t\t\t\t\t\t\t\t<\/div>\n\t\t\t\t<\/div>\n\t\t\t\t\t<\/div>\n\t\t<\/div>\n\t\t\t\t<div class=\"elementor-column elementor-col-50 elementor-top-column elementor-element elementor-element-2ad99fa8\" data-id=\"2ad99fa8\" data-element_type=\"column\" data-e-type=\"column\">\n\t\t\t<div class=\"elementor-widget-wrap elementor-element-populated\">\n\t\t\t\t\t\t<div class=\"elementor-element elementor-element-70825f48 elementor-skin-carousel elementor-arrows-yes elementor-pagination-type-bullets elementor-pagination-position-outside elementor-widget elementor-widget-media-carousel\" data-id=\"70825f48\" data-element_type=\"widget\" data-e-type=\"widget\" data-settings=\"{&quot;slides_per_view&quot;:&quot;1&quot;,&quot;skin&quot;:&quot;carousel&quot;,&quot;effect&quot;:&quot;slide&quot;,&quot;show_arrows&quot;:&quot;yes&quot;,&quot;pagination&quot;:&quot;bullets&quot;,&quot;speed&quot;:500,&quot;autoplay&quot;:&quot;yes&quot;,&quot;autoplay_speed&quot;:5000,&quot;loop&quot;:&quot;yes&quot;,&quot;pause_on_hover&quot;:&quot;yes&quot;,&quot;pause_on_interaction&quot;:&quot;yes&quot;,&quot;space_between&quot;:{&quot;unit&quot;:&quot;px&quot;,&quot;size&quot;:10,&quot;sizes&quot;:[]},&quot;space_between_tablet&quot;:{&quot;unit&quot;:&quot;px&quot;,&quot;size&quot;:10,&quot;sizes&quot;:[]},&quot;space_between_mobile&quot;:{&quot;unit&quot;:&quot;px&quot;,&quot;size&quot;:10,&quot;sizes&quot;:[]}}\" data-widget_type=\"media-carousel.default\">\n\t\t\t\t<div class=\"elementor-widget-container\">\n\t\t\t\t\t\t\t\t\t<div class=\"elementor-swiper\">\n\t\t\t\t\t<div class=\"elementor-main-swiper swiper\" role=\"region\" aria-roledescription=\"carousel\" aria-label=\"Slider\">\n\t\t\t\t<div class=\"swiper-wrapper\">\n\t\t\t\t\t\t\t\t\t\t\t<div class=\"swiper-slide\" role=\"group\" aria-roledescription=\"slide\">\n\t\t\t\t\t\t\t\t\t<div class=\"elementor-carousel-image\" role=\"img\" aria-label=\"billingen-stugby-foto-tuana-20160408-0374l\" style=\"background-image: url(&#039;https:\/\/billingensstugby.se\/wp-content\/uploads\/2016\/11\/billingen-stugby-foto-tuana-20160408-0374L.jpg&#039;)\">\n\n\t\t\t\n\t\t\t\t\t<\/div>\n\t\t\t\t\t\t\t\t<\/div>\n\t\t\t\t\t\t\t\t\t\t\t<div class=\"swiper-slide\" role=\"group\" aria-roledescription=\"slide\">\n\t\t\t\t\t\t\t\t\t<div class=\"elementor-carousel-image\" role=\"img\" aria-label=\"billingen-stugby-foto-tuana-20160408-0393l\" style=\"background-image: url(&#039;https:\/\/billingensstugby.se\/wp-content\/uploads\/2016\/11\/billingen-stugby-foto-tuana-20160408-0393L.jpg&#039;)\">\n\n\t\t\t\n\t\t\t\t\t<\/div>\n\t\t\t\t\t\t\t\t<\/div>\n\t\t\t\t\t\t\t\t\t\t\t<div class=\"swiper-slide\" role=\"group\" aria-roledescription=\"slide\">\n\t\t\t\t\t\t\t\t\t<div class=\"elementor-carousel-image\" role=\"img\" aria-label=\"billingen-stugby-foto-tuana-20160408-0364l\" style=\"background-image: url(&#039;https:\/\/billingensstugby.se\/wp-content\/uploads\/2016\/11\/billingen-stugby-foto-tuana-20160408-0364L.jpg&#039;)\">\n\n\t\t\t\n\t\t\t\t\t<\/div>\n\t\t\t\t\t\t\t\t<\/div>\n\t\t\t\t\t\t\t\t\t<\/div>\n\t\t\t\t\t\t\t\t\t\t\t\t\t\t\t<div class=\"elementor-swiper-button elementor-swiper-button-prev\" role=\"button\" tabindex=\"0\" aria-label=\"Voriger\">\n\t\t\t\t\t\t\t<i aria-hidden=\"true\" class=\"eicon-chevron-left\"><\/i>\t\t\t\t\t\t<\/div>\n\t\t\t\t\t\t<div class=\"elementor-swiper-button elementor-swiper-button-next\" role=\"button\" tabindex=\"0\" aria-label=\"N\u00e4chster\">\n\t\t\t\t\t\t\t<i aria-hidden=\"true\" class=\"eicon-chevron-right\"><\/i>\t\t\t\t\t\t<\/div>\n\t\t\t\t\t\t\t\t\t\t\t\t\t\t\t\t<div class=\"swiper-pagination\"><\/div>\n\t\t\t\t\t\t\t\t\t\t\t\t<\/div>\n\t\t\t\t<\/div>\n\t\t\t\t\t\t\t\t<\/div>\n\t\t\t\t<\/div>\n\t\t\t\t\t<\/div>\n\t\t<\/div>\n\t\t\t\t\t<\/div>\n\t\t<\/section>\n\t\t\t\t<section class=\"elementor-section elementor-top-section elementor-element elementor-element-30834622 elementor-section-boxed elementor-section-height-default elementor-section-height-default\" data-id=\"30834622\" data-element_type=\"section\" data-e-type=\"section\">\n\t\t\t\t\t\t<div class=\"elementor-container elementor-column-gap-default\">\n\t\t\t\t\t<div class=\"elementor-column elementor-col-100 elementor-top-column elementor-element elementor-element-6c97a146\" data-id=\"6c97a146\" data-element_type=\"column\" data-e-type=\"column\">\n\t\t\t<div class=\"elementor-widget-wrap elementor-element-populated\">\n\t\t\t\t\t\t<div class=\"elementor-element elementor-element-67d1b7f4 elementor-widget elementor-widget-spacer\" data-id=\"67d1b7f4\" data-element_type=\"widget\" data-e-type=\"widget\" data-widget_type=\"spacer.default\">\n\t\t\t\t<div class=\"elementor-widget-container\">\n\t\t\t\t\t\t\t<div class=\"elementor-spacer\">\n\t\t\t<div class=\"elementor-spacer-inner\"><\/div>\n\t\t<\/div>\n\t\t\t\t\t\t<\/div>\n\t\t\t\t<\/div>\n\t\t\t\t\t<\/div>\n\t\t<\/div>\n\t\t\t\t\t<\/div>\n\t\t<\/section>\n\t\t\t\t<\/div>\n\t\t","protected":false},"excerpt":{"rendered":"<p>Bokningsf\u00f6rfr\u00e5gan Wenn Sie auf der Suche nach einer Konferenz- oder Partylocation mitten in der Natur auf Billingen sind, die auch einen angemessenen Preis hat, sind Sie hier genau richtig! Die R\u00e4umlichkeiten sind sehr geeignet f\u00fcr Trainingslager, Schulungen oder private Feiern.Jeder Veranstaltungsort bietet Platz f\u00fcr 30-40 Personen (max. 50). Der Raum ist hell mit vielen Fenstern [&hellip;]<\/p>\n","protected":false},"author":12,"featured_media":0,"parent":0,"menu_order":0,"comment_status":"closed","ping_status":"closed","template":"elementor_header_footer","meta":{"_acf_changed":false,"_genesis_hide_title":false,"_genesis_hide_breadcrumbs":false,"_genesis_hide_singular_image":false,"_genesis_hide_footer_widgets":false,"_genesis_custom_body_class":"","_genesis_custom_post_class":"","_genesis_layout":"","footnotes":""},"class_list":{"0":"post-2342","1":"page","2":"type-page","3":"status-publish","5":"entry"},"acf":[],"yoast_head":"<!-- This site is optimized with the Yoast SEO plugin v27.3 - https:\/\/yoast.com\/product\/yoast-seo-wordpress\/ -->\n<title>Konferenzraum - Billingens stugby &amp; camping<\/title>\n<meta name=\"description\" content=\"P\u00e5 Billingens stugby &amp; camping har vi fin konferenslokal med utrustning som kr\u00e4vs f\u00f6r den mindre konferensen. F\u00e5 inspiration och njut i den mysiga milj\u00f6n.\" \/>\n<meta name=\"robots\" content=\"index, follow, max-snippet:-1, max-image-preview:large, max-video-preview:-1\" \/>\n<link rel=\"canonical\" href=\"https:\/\/billingensstugby.se\/de\/konferens\/\" \/>\n<meta property=\"og:locale\" content=\"de_DE\" \/>\n<meta property=\"og:type\" content=\"article\" \/>\n<meta property=\"og:title\" content=\"Konferenzraum - Billingens stugby &amp; camping\" \/>\n<meta property=\"og:description\" content=\"P\u00e5 Billingens stugby &amp; camping har vi fin konferenslokal med utrustning som kr\u00e4vs f\u00f6r den mindre konferensen. F\u00e5 inspiration och njut i den mysiga milj\u00f6n.\" \/>\n<meta property=\"og:url\" content=\"https:\/\/billingensstugby.se\/de\/konferens\/\" \/>\n<meta property=\"og:site_name\" content=\"Billingens stugby &amp; camping\" \/>\n<meta property=\"article:modified_time\" content=\"2021-09-16T14:19:48+00:00\" \/>\n<meta name=\"twitter:card\" content=\"summary_large_image\" \/>\n<meta name=\"twitter:label1\" content=\"Gesch\u00e4tzte Lesezeit\" \/>\n\t<meta name=\"twitter:data1\" content=\"2\u00a0Minuten\" \/>\n<script type=\"application\/ld+json\" class=\"yoast-schema-graph\">{\"@context\":\"https:\\\/\\\/schema.org\",\"@graph\":[{\"@type\":\"WebPage\",\"@id\":\"https:\\\/\\\/billingensstugby.se\\\/de\\\/konferens\\\/\",\"url\":\"https:\\\/\\\/billingensstugby.se\\\/de\\\/konferens\\\/\",\"name\":\"Konferenzraum - Billingens stugby &amp; camping\",\"isPartOf\":{\"@id\":\"https:\\\/\\\/billingensstugby.se\\\/de\\\/#website\"},\"datePublished\":\"2016-11-15T08:20:34+00:00\",\"dateModified\":\"2021-09-16T14:19:48+00:00\",\"description\":\"P\u00e5 Billingens stugby & camping har vi fin konferenslokal med utrustning som kr\u00e4vs f\u00f6r den mindre konferensen. F\u00e5 inspiration och njut i den mysiga milj\u00f6n.\",\"breadcrumb\":{\"@id\":\"https:\\\/\\\/billingensstugby.se\\\/de\\\/konferens\\\/#breadcrumb\"},\"inLanguage\":\"de\",\"potentialAction\":[{\"@type\":\"ReadAction\",\"target\":[\"https:\\\/\\\/billingensstugby.se\\\/de\\\/konferens\\\/\"]}]},{\"@type\":\"BreadcrumbList\",\"@id\":\"https:\\\/\\\/billingensstugby.se\\\/de\\\/konferens\\\/#breadcrumb\",\"itemListElement\":[{\"@type\":\"ListItem\",\"position\":1,\"name\":\"Hem\",\"item\":\"https:\\\/\\\/billingensstugby.se\\\/de\\\/\"},{\"@type\":\"ListItem\",\"position\":2,\"name\":\"Konferenzraum\"}]},{\"@type\":\"WebSite\",\"@id\":\"https:\\\/\\\/billingensstugby.se\\\/de\\\/#website\",\"url\":\"https:\\\/\\\/billingensstugby.se\\\/de\\\/\",\"name\":\"Billingens stugby &amp; camping\",\"description\":\"Natursk\u00f6n stugby &amp; camping bel\u00e4gen 3,5 km fr\u00e5n centrum, p\u00e5 berget Billingen. Hyr ut stugor \u00e5ret runt. STF vandrarhem och SCR camping.\",\"publisher\":{\"@id\":\"https:\\\/\\\/billingensstugby.se\\\/de\\\/#organization\"},\"potentialAction\":[{\"@type\":\"SearchAction\",\"target\":{\"@type\":\"EntryPoint\",\"urlTemplate\":\"https:\\\/\\\/billingensstugby.se\\\/de\\\/?s={search_term_string}\"},\"query-input\":{\"@type\":\"PropertyValueSpecification\",\"valueRequired\":true,\"valueName\":\"search_term_string\"}}],\"inLanguage\":\"de\"},{\"@type\":\"Organization\",\"@id\":\"https:\\\/\\\/billingensstugby.se\\\/de\\\/#organization\",\"name\":\"Billingens stugby och camping\",\"url\":\"https:\\\/\\\/billingensstugby.se\\\/de\\\/\",\"logo\":{\"@type\":\"ImageObject\",\"inLanguage\":\"de\",\"@id\":\"https:\\\/\\\/billingensstugby.se\\\/de\\\/#\\\/schema\\\/logo\\\/image\\\/\",\"url\":\"https:\\\/\\\/billingensstugby.se\\\/wp-content\\\/uploads\\\/2016\\\/11\\\/loggabillingen-e1611223751434.png\",\"contentUrl\":\"https:\\\/\\\/billingensstugby.se\\\/wp-content\\\/uploads\\\/2016\\\/11\\\/loggabillingen-e1611223751434.png\",\"width\":402,\"height\":123,\"caption\":\"Billingens stugby och camping\"},\"image\":{\"@id\":\"https:\\\/\\\/billingensstugby.se\\\/de\\\/#\\\/schema\\\/logo\\\/image\\\/\"},\"sameAs\":[\"https:\\\/\\\/www.instagram.com\\\/billingensstugby\\\/\"]}]}<\/script>\n<!-- \/ Yoast SEO plugin. -->","yoast_head_json":{"title":"Konferenzraum - Billingens stugby &amp; camping","description":"P\u00e5 Billingens stugby & camping har vi fin konferenslokal med utrustning som kr\u00e4vs f\u00f6r den mindre konferensen. F\u00e5 inspiration och njut i den mysiga milj\u00f6n.","robots":{"index":"index","follow":"follow","max-snippet":"max-snippet:-1","max-image-preview":"max-image-preview:large","max-video-preview":"max-video-preview:-1"},"canonical":"https:\/\/billingensstugby.se\/de\/konferens\/","og_locale":"de_DE","og_type":"article","og_title":"Konferenzraum - Billingens stugby &amp; camping","og_description":"P\u00e5 Billingens stugby & camping har vi fin konferenslokal med utrustning som kr\u00e4vs f\u00f6r den mindre konferensen. F\u00e5 inspiration och njut i den mysiga milj\u00f6n.","og_url":"https:\/\/billingensstugby.se\/de\/konferens\/","og_site_name":"Billingens stugby &amp; camping","article_modified_time":"2021-09-16T14:19:48+00:00","twitter_card":"summary_large_image","twitter_misc":{"Gesch\u00e4tzte Lesezeit":"2\u00a0Minuten"},"schema":{"@context":"https:\/\/schema.org","@graph":[{"@type":"WebPage","@id":"https:\/\/billingensstugby.se\/de\/konferens\/","url":"https:\/\/billingensstugby.se\/de\/konferens\/","name":"Konferenzraum - Billingens stugby &amp; camping","isPartOf":{"@id":"https:\/\/billingensstugby.se\/de\/#website"},"datePublished":"2016-11-15T08:20:34+00:00","dateModified":"2021-09-16T14:19:48+00:00","description":"P\u00e5 Billingens stugby & camping har vi fin konferenslokal med utrustning som kr\u00e4vs f\u00f6r den mindre konferensen. F\u00e5 inspiration och njut i den mysiga milj\u00f6n.","breadcrumb":{"@id":"https:\/\/billingensstugby.se\/de\/konferens\/#breadcrumb"},"inLanguage":"de","potentialAction":[{"@type":"ReadAction","target":["https:\/\/billingensstugby.se\/de\/konferens\/"]}]},{"@type":"BreadcrumbList","@id":"https:\/\/billingensstugby.se\/de\/konferens\/#breadcrumb","itemListElement":[{"@type":"ListItem","position":1,"name":"Hem","item":"https:\/\/billingensstugby.se\/de\/"},{"@type":"ListItem","position":2,"name":"Konferenzraum"}]},{"@type":"WebSite","@id":"https:\/\/billingensstugby.se\/de\/#website","url":"https:\/\/billingensstugby.se\/de\/","name":"Billingens stugby &amp; camping","description":"Natursk\u00f6n stugby &amp; camping bel\u00e4gen 3,5 km fr\u00e5n centrum, p\u00e5 berget Billingen. Hyr ut stugor \u00e5ret runt. STF vandrarhem och SCR camping.","publisher":{"@id":"https:\/\/billingensstugby.se\/de\/#organization"},"potentialAction":[{"@type":"SearchAction","target":{"@type":"EntryPoint","urlTemplate":"https:\/\/billingensstugby.se\/de\/?s={search_term_string}"},"query-input":{"@type":"PropertyValueSpecification","valueRequired":true,"valueName":"search_term_string"}}],"inLanguage":"de"},{"@type":"Organization","@id":"https:\/\/billingensstugby.se\/de\/#organization","name":"Billingens stugby och camping","url":"https:\/\/billingensstugby.se\/de\/","logo":{"@type":"ImageObject","inLanguage":"de","@id":"https:\/\/billingensstugby.se\/de\/#\/schema\/logo\/image\/","url":"https:\/\/billingensstugby.se\/wp-content\/uploads\/2016\/11\/loggabillingen-e1611223751434.png","contentUrl":"https:\/\/billingensstugby.se\/wp-content\/uploads\/2016\/11\/loggabillingen-e1611223751434.png","width":402,"height":123,"caption":"Billingens stugby och camping"},"image":{"@id":"https:\/\/billingensstugby.se\/de\/#\/schema\/logo\/image\/"},"sameAs":["https:\/\/www.instagram.com\/billingensstugby\/"]}]}},"_links":{"self":[{"href":"https:\/\/billingensstugby.se\/de\/wp-json\/wp\/v2\/pages\/2342","targetHints":{"allow":["GET"]}}],"collection":[{"href":"https:\/\/billingensstugby.se\/de\/wp-json\/wp\/v2\/pages"}],"about":[{"href":"https:\/\/billingensstugby.se\/de\/wp-json\/wp\/v2\/types\/page"}],"author":[{"embeddable":true,"href":"https:\/\/billingensstugby.se\/de\/wp-json\/wp\/v2\/users\/12"}],"replies":[{"embeddable":true,"href":"https:\/\/billingensstugby.se\/de\/wp-json\/wp\/v2\/comments?post=2342"}],"version-history":[{"count":11,"href":"https:\/\/billingensstugby.se\/de\/wp-json\/wp\/v2\/pages\/2342\/revisions"}],"predecessor-version":[{"id":2759,"href":"https:\/\/billingensstugby.se\/de\/wp-json\/wp\/v2\/pages\/2342\/revisions\/2759"}],"wp:attachment":[{"href":"https:\/\/billingensstugby.se\/de\/wp-json\/wp\/v2\/media?parent=2342"}],"curies":[{"name":"wp","href":"https:\/\/api.w.org\/{rel}","templated":true}]}}