{"id":2372,"date":"2021-02-08T17:35:07","date_gmt":"2021-02-08T16:35:07","guid":{"rendered":"https:\/\/billingensstugby.se.tuana.hemsida.eu\/personuppgiftspolicy\/"},"modified":"2021-06-15T13:18:24","modified_gmt":"2021-06-15T12:18:24","slug":"personuppgiftspolicy","status":"publish","type":"page","link":"https:\/\/billingensstugby.se\/de\/personuppgiftspolicy\/","title":{"rendered":"Personuppgiftspolicy"},"content":{"rendered":"\n<p>Billingens stugby (genom Schakt Ab B Bergstrand) \u00e4r ansvarig f\u00f6r behandlingen av de personuppgifter du registrerar. N\u00e4r ni g\u00f6r en bokning, skickar ett mail eller fyller i bokningsformul\u00e4r via v\u00e5r hemsida sparar vi de uppgifterna f\u00f6r att kunna vara behj\u00e4lplig med er bokning. Personuppgifterna sparas f\u00f6r att kunna f\u00f6ljas upp, samt fullg\u00f6ra lagliga f\u00f6rpliktelser som st\u00e4lls p\u00e5 bolaget. Vi kan komma att dela dina personuppgifter med en tredje part, f\u00f6rutsatt att vi \u00e4r skyldiga att g\u00f6ra s\u00e5 enligt lag. D\u00e4rut\u00f6ver l\u00e4mnas de aldrig vidare till n\u00e5gon annan och uppgifterna \u00e4r skyddade med l\u00f6senord som endast beh\u00f6rig personal p\u00e5 Billingens stugby &amp; camping har tillg\u00e5ng till.<\/p>\n\n\n\n<p>Vi anv\u00e4nder oss av olika molnbaserade system i v\u00e5rt arbete s\u00e5som bokningssystem, mailutskickssystem osv d\u00e4r vi registrerar era uppgifter. Samtliga system vi anv\u00e4nder oss av f\u00f6ljer GDPR och har en god policy n\u00e4r det g\u00e4ller att hantera personuppgifter.<\/p>\n\n\n\n<p>Du kan n\u00e4r som helst beg\u00e4ra r\u00e4ttelse av eventuellt \u00e4ndrade eller felaktiga uppgifter. Du kan ocks\u00e5 meddela skriftligen att du mots\u00e4tter dig att personuppgifterna anv\u00e4nds f\u00f6r marknadsf\u00f6ring.&nbsp;<\/p>\n\n\n\n<p>Kontakta oss g\u00e4rna om ni har fr\u00e5gor ang\u00e5ende v\u00e5r anv\u00e4ndning av personuppgifter. Vi finns p\u00e5 telefon 0500-471633 eller <a href=\"mailto:info@billingensstugby.se\">info@billingensstugby.se<\/a> &nbsp;<br><br><strong>GDPR.<br><\/strong>Billingens stugby (genom Schakt Ab B bergstrand) \u00e4r ansvarig f\u00f6r behandlingen av de personuppgifter du registrerar. Billingensstugby kommer att behandla dina personuppgifter i syfte att administrera bokning och betalning. Uppgifterna kan \u00e4ven beh\u00f6vas f\u00f6r att fullf\u00f6lja ett avtal samt fullg\u00f6ra lagliga f\u00f6rpliktelser som st\u00e4lls p\u00e5 bolaget. Personuppgifterna behandlas inte f\u00f6r marknadsf\u00f6rings\u00e4ndam\u00e5l av oss. Du har r\u00e4tt att en g\u00e5ng per \u00e5r utan kostnad, skriftligen beg\u00e4ra att f\u00e5 ta del av vilka uppgifter som registrerats, varifr\u00e5n uppgifterna har h\u00e4mtats samt att f\u00e5 information om eventuella mottagare till vilka uppgifterna har l\u00e4mnats ut. Du har r\u00e4tt att n\u00e4r som helst beg\u00e4ra r\u00e4ttelse av eventuellt \u00e4ndrade eller felaktiga uppgifter. Du kan ocks\u00e5 meddela att du mots\u00e4tter dig att personuppgifterna anv\u00e4nds f\u00f6r marknadsf\u00f6ring. F\u00f6r fr\u00e5gor kontakta oss, 556093-2864 Alphyddev\u00e4gen, 54133 Sk\u00f6vde. Er registrerade mailadress kommer att anv\u00e4ndas f\u00f6r bekr\u00e4ftelser samt fakturor<\/p>\n\n\n\n<p><strong>N\u00e4r du bes\u00f6ker v\u00e5r webbplats<\/strong><br>N\u00e4r bes\u00f6kare l\u00e4mnar kommentarer p\u00e5 webbplatsen samlar vi in de uppgifter som visas i kommentarsformul\u00e4ret samt bes\u00f6karens IP-adress och webbl\u00e4sarens anv\u00e4ndaragent-str\u00e4ng som hj\u00e4lp f\u00f6r detektering av skr\u00e4ppost.En anonymiserad str\u00e4ng som skapats utifr\u00e5n din e-postadress (\u00e4ven kallat hash-v\u00e4rde) kan komma att s\u00e4ndas till tj\u00e4nsten Gravatar f\u00f6r att avg\u00f6ra om du finns registrerad d\u00e4r. Integritetspolicyn f\u00f6r tj\u00e4nsten Gravatar finns p\u00e5 https:\/\/automattic.com\/privacy\/. N\u00e4r din kommentar har godk\u00e4nts visas din profilbild offentligt tillsammans med din kommentar.<\/p>\n\n\n\n<p><strong>Cookie-filer<\/strong><br>Om du l\u00e4mnar en kommentar p\u00e5 v\u00e5r webbplats kan du v\u00e4lja att spara ditt namn, din e-postadress och webbplatsadress i cookie-filer. Detta \u00e4r f\u00f6r din bekv\u00e4mlighet f\u00f6r att du inte ska beh\u00f6va fylla i dessa uppgifter igen n\u00e4sta g\u00e5ng du skriver en kommentar. Dessa cookie-filer g\u00e4ller i ett \u00e5r.<\/p>\n\n\n\n<p><strong>Inb\u00e4ddad inneh\u00e5ll fr\u00e5n andra webbplatser<\/strong><br>Artiklar p\u00e5 denna webbplats kan inneh\u00e5lla inb\u00e4ddat inneh\u00e5ll (exempelvis videoklipp, bilder, artiklar o.s.v.). Inb\u00e4ddat inneh\u00e5ll fr\u00e5n andra webbplatser beter sig precis p\u00e5 samma s\u00e4tt som om bes\u00f6karen har bes\u00f6kt den andra webbplatsen. Dessa webbplatser kan samla in uppgifter om dig, anv\u00e4nda cookie-filer, b\u00e4dda in ytterligare sp\u00e5rning fr\u00e5n tredje part och \u00f6vervaka din interaktion med sagda inb\u00e4ddade inneh\u00e5ll, inklusive sp\u00e5rning av din interaktion med detta inb\u00e4ddade inneh\u00e5ll om du har ett konto och \u00e4r inloggad p\u00e5 webbplatsen i fr\u00e5ga.<\/p>\n","protected":false},"excerpt":{"rendered":"<p>Billingens stugby (genom Schakt Ab B Bergstrand) \u00e4r ansvarig f\u00f6r behandlingen av de personuppgifter du registrerar. N\u00e4r ni g\u00f6r en bokning, skickar ett mail eller fyller i bokningsformul\u00e4r via v\u00e5r hemsida sparar vi de uppgifterna f\u00f6r att kunna vara behj\u00e4lplig med er bokning. Personuppgifterna sparas f\u00f6r att kunna f\u00f6ljas upp, samt fullg\u00f6ra lagliga f\u00f6rpliktelser som [&hellip;]<\/p>\n","protected":false},"author":6,"featured_media":0,"parent":0,"menu_order":0,"comment_status":"closed","ping_status":"closed","template":"","meta":{"_acf_changed":false,"_genesis_hide_title":false,"_genesis_hide_breadcrumbs":false,"_genesis_hide_singular_image":false,"_genesis_hide_footer_widgets":false,"_genesis_custom_body_class":"","_genesis_custom_post_class":"","_genesis_layout":"","footnotes":""},"class_list":{"0":"post-2372","1":"page","2":"type-page","3":"status-publish","5":"entry"},"acf":[],"yoast_head":"<!-- This site is optimized with the Yoast SEO plugin v27.4 - https:\/\/yoast.com\/product\/yoast-seo-wordpress\/ -->\n<title>Personuppgiftspolicy - Billingens stugby &amp; camping<\/title>\n<meta name=\"robots\" content=\"index, follow, max-snippet:-1, max-image-preview:large, max-video-preview:-1\" \/>\n<link rel=\"canonical\" href=\"https:\/\/billingensstugby.se\/de\/personuppgiftspolicy\/\" \/>\n<meta property=\"og:locale\" content=\"de_DE\" \/>\n<meta property=\"og:type\" content=\"article\" \/>\n<meta property=\"og:title\" content=\"Personuppgiftspolicy - Billingens stugby &amp; camping\" \/>\n<meta property=\"og:description\" content=\"Billingens stugby (genom Schakt Ab B Bergstrand) \u00e4r ansvarig f\u00f6r behandlingen av de personuppgifter du registrerar. N\u00e4r ni g\u00f6r en bokning, skickar ett mail eller fyller i bokningsformul\u00e4r via v\u00e5r hemsida sparar vi de uppgifterna f\u00f6r att kunna vara behj\u00e4lplig med er bokning. Personuppgifterna sparas f\u00f6r att kunna f\u00f6ljas upp, samt fullg\u00f6ra lagliga f\u00f6rpliktelser som [&hellip;]\" \/>\n<meta property=\"og:url\" content=\"https:\/\/billingensstugby.se\/de\/personuppgiftspolicy\/\" \/>\n<meta property=\"og:site_name\" content=\"Billingens stugby &amp; camping\" \/>\n<meta property=\"article:modified_time\" content=\"2021-06-15T12:18:24+00:00\" \/>\n<meta name=\"twitter:card\" content=\"summary_large_image\" \/>\n<meta name=\"twitter:label1\" content=\"Gesch\u00e4tzte Lesezeit\" \/>\n\t<meta name=\"twitter:data1\" content=\"3\u00a0Minuten\" \/>\n<script type=\"application\/ld+json\" class=\"yoast-schema-graph\">{\"@context\":\"https:\\\/\\\/schema.org\",\"@graph\":[{\"@type\":\"WebPage\",\"@id\":\"https:\\\/\\\/billingensstugby.se\\\/de\\\/personuppgiftspolicy\\\/\",\"url\":\"https:\\\/\\\/billingensstugby.se\\\/de\\\/personuppgiftspolicy\\\/\",\"name\":\"Personuppgiftspolicy - Billingens stugby &amp; camping\",\"isPartOf\":{\"@id\":\"https:\\\/\\\/billingensstugby.se\\\/de\\\/#website\"},\"datePublished\":\"2021-02-08T16:35:07+00:00\",\"dateModified\":\"2021-06-15T12:18:24+00:00\",\"breadcrumb\":{\"@id\":\"https:\\\/\\\/billingensstugby.se\\\/de\\\/personuppgiftspolicy\\\/#breadcrumb\"},\"inLanguage\":\"de\",\"potentialAction\":[{\"@type\":\"ReadAction\",\"target\":[\"https:\\\/\\\/billingensstugby.se\\\/de\\\/personuppgiftspolicy\\\/\"]}]},{\"@type\":\"BreadcrumbList\",\"@id\":\"https:\\\/\\\/billingensstugby.se\\\/de\\\/personuppgiftspolicy\\\/#breadcrumb\",\"itemListElement\":[{\"@type\":\"ListItem\",\"position\":1,\"name\":\"Hem\",\"item\":\"https:\\\/\\\/billingensstugby.se\\\/de\\\/\"},{\"@type\":\"ListItem\",\"position\":2,\"name\":\"Personuppgiftspolicy\"}]},{\"@type\":\"WebSite\",\"@id\":\"https:\\\/\\\/billingensstugby.se\\\/de\\\/#website\",\"url\":\"https:\\\/\\\/billingensstugby.se\\\/de\\\/\",\"name\":\"Billingens stugby &amp; camping\",\"description\":\"Natursk\u00f6n stugby &amp; camping bel\u00e4gen 3,5 km fr\u00e5n centrum, p\u00e5 berget Billingen. Hyr ut stugor \u00e5ret runt. STF vandrarhem och SCR camping.\",\"publisher\":{\"@id\":\"https:\\\/\\\/billingensstugby.se\\\/de\\\/#organization\"},\"potentialAction\":[{\"@type\":\"SearchAction\",\"target\":{\"@type\":\"EntryPoint\",\"urlTemplate\":\"https:\\\/\\\/billingensstugby.se\\\/de\\\/?s={search_term_string}\"},\"query-input\":{\"@type\":\"PropertyValueSpecification\",\"valueRequired\":true,\"valueName\":\"search_term_string\"}}],\"inLanguage\":\"de\"},{\"@type\":\"Organization\",\"@id\":\"https:\\\/\\\/billingensstugby.se\\\/de\\\/#organization\",\"name\":\"Billingens stugby och camping\",\"url\":\"https:\\\/\\\/billingensstugby.se\\\/de\\\/\",\"logo\":{\"@type\":\"ImageObject\",\"inLanguage\":\"de\",\"@id\":\"https:\\\/\\\/billingensstugby.se\\\/de\\\/#\\\/schema\\\/logo\\\/image\\\/\",\"url\":\"https:\\\/\\\/billingensstugby.se\\\/wp-content\\\/uploads\\\/2016\\\/11\\\/loggabillingen-e1611223751434.png\",\"contentUrl\":\"https:\\\/\\\/billingensstugby.se\\\/wp-content\\\/uploads\\\/2016\\\/11\\\/loggabillingen-e1611223751434.png\",\"width\":402,\"height\":123,\"caption\":\"Billingens stugby och camping\"},\"image\":{\"@id\":\"https:\\\/\\\/billingensstugby.se\\\/de\\\/#\\\/schema\\\/logo\\\/image\\\/\"},\"sameAs\":[\"https:\\\/\\\/www.instagram.com\\\/billingensstugby\\\/\"]}]}<\/script>\n<!-- \/ Yoast SEO plugin. -->","yoast_head_json":{"title":"Personuppgiftspolicy - Billingens stugby &amp; camping","robots":{"index":"index","follow":"follow","max-snippet":"max-snippet:-1","max-image-preview":"max-image-preview:large","max-video-preview":"max-video-preview:-1"},"canonical":"https:\/\/billingensstugby.se\/de\/personuppgiftspolicy\/","og_locale":"de_DE","og_type":"article","og_title":"Personuppgiftspolicy - Billingens stugby &amp; camping","og_description":"Billingens stugby (genom Schakt Ab B Bergstrand) \u00e4r ansvarig f\u00f6r behandlingen av de personuppgifter du registrerar. N\u00e4r ni g\u00f6r en bokning, skickar ett mail eller fyller i bokningsformul\u00e4r via v\u00e5r hemsida sparar vi de uppgifterna f\u00f6r att kunna vara behj\u00e4lplig med er bokning. Personuppgifterna sparas f\u00f6r att kunna f\u00f6ljas upp, samt fullg\u00f6ra lagliga f\u00f6rpliktelser som [&hellip;]","og_url":"https:\/\/billingensstugby.se\/de\/personuppgiftspolicy\/","og_site_name":"Billingens stugby &amp; camping","article_modified_time":"2021-06-15T12:18:24+00:00","twitter_card":"summary_large_image","twitter_misc":{"Gesch\u00e4tzte Lesezeit":"3\u00a0Minuten"},"schema":{"@context":"https:\/\/schema.org","@graph":[{"@type":"WebPage","@id":"https:\/\/billingensstugby.se\/de\/personuppgiftspolicy\/","url":"https:\/\/billingensstugby.se\/de\/personuppgiftspolicy\/","name":"Personuppgiftspolicy - Billingens stugby &amp; camping","isPartOf":{"@id":"https:\/\/billingensstugby.se\/de\/#website"},"datePublished":"2021-02-08T16:35:07+00:00","dateModified":"2021-06-15T12:18:24+00:00","breadcrumb":{"@id":"https:\/\/billingensstugby.se\/de\/personuppgiftspolicy\/#breadcrumb"},"inLanguage":"de","potentialAction":[{"@type":"ReadAction","target":["https:\/\/billingensstugby.se\/de\/personuppgiftspolicy\/"]}]},{"@type":"BreadcrumbList","@id":"https:\/\/billingensstugby.se\/de\/personuppgiftspolicy\/#breadcrumb","itemListElement":[{"@type":"ListItem","position":1,"name":"Hem","item":"https:\/\/billingensstugby.se\/de\/"},{"@type":"ListItem","position":2,"name":"Personuppgiftspolicy"}]},{"@type":"WebSite","@id":"https:\/\/billingensstugby.se\/de\/#website","url":"https:\/\/billingensstugby.se\/de\/","name":"Billingens stugby &amp; camping","description":"Natursk\u00f6n stugby &amp; camping bel\u00e4gen 3,5 km fr\u00e5n centrum, p\u00e5 berget Billingen. Hyr ut stugor \u00e5ret runt. STF vandrarhem och SCR camping.","publisher":{"@id":"https:\/\/billingensstugby.se\/de\/#organization"},"potentialAction":[{"@type":"SearchAction","target":{"@type":"EntryPoint","urlTemplate":"https:\/\/billingensstugby.se\/de\/?s={search_term_string}"},"query-input":{"@type":"PropertyValueSpecification","valueRequired":true,"valueName":"search_term_string"}}],"inLanguage":"de"},{"@type":"Organization","@id":"https:\/\/billingensstugby.se\/de\/#organization","name":"Billingens stugby och camping","url":"https:\/\/billingensstugby.se\/de\/","logo":{"@type":"ImageObject","inLanguage":"de","@id":"https:\/\/billingensstugby.se\/de\/#\/schema\/logo\/image\/","url":"https:\/\/billingensstugby.se\/wp-content\/uploads\/2016\/11\/loggabillingen-e1611223751434.png","contentUrl":"https:\/\/billingensstugby.se\/wp-content\/uploads\/2016\/11\/loggabillingen-e1611223751434.png","width":402,"height":123,"caption":"Billingens stugby och camping"},"image":{"@id":"https:\/\/billingensstugby.se\/de\/#\/schema\/logo\/image\/"},"sameAs":["https:\/\/www.instagram.com\/billingensstugby\/"]}]}},"_links":{"self":[{"href":"https:\/\/billingensstugby.se\/de\/wp-json\/wp\/v2\/pages\/2372","targetHints":{"allow":["GET"]}}],"collection":[{"href":"https:\/\/billingensstugby.se\/de\/wp-json\/wp\/v2\/pages"}],"about":[{"href":"https:\/\/billingensstugby.se\/de\/wp-json\/wp\/v2\/types\/page"}],"author":[{"embeddable":true,"href":"https:\/\/billingensstugby.se\/de\/wp-json\/wp\/v2\/users\/6"}],"replies":[{"embeddable":true,"href":"https:\/\/billingensstugby.se\/de\/wp-json\/wp\/v2\/comments?post=2372"}],"version-history":[{"count":1,"href":"https:\/\/billingensstugby.se\/de\/wp-json\/wp\/v2\/pages\/2372\/revisions"}],"predecessor-version":[{"id":2376,"href":"https:\/\/billingensstugby.se\/de\/wp-json\/wp\/v2\/pages\/2372\/revisions\/2376"}],"wp:attachment":[{"href":"https:\/\/billingensstugby.se\/de\/wp-json\/wp\/v2\/media?parent=2372"}],"curies":[{"name":"wp","href":"https:\/\/api.w.org\/{rel}","templated":true}]}}