{"id":2378,"date":"2021-02-08T17:19:11","date_gmt":"2021-02-08T16:19:11","guid":{"rendered":"https:\/\/billingensstugby.se.tuana.hemsida.eu\/corona-info\/"},"modified":"2021-06-15T13:20:42","modified_gmt":"2021-06-15T12:20:42","slug":"corona-info","status":"publish","type":"page","link":"https:\/\/billingensstugby.se\/de\/corona-info\/","title":{"rendered":"S\u00e5 h\u00e4r hanterar vi Corona"},"content":{"rendered":"\t\t<div data-elementor-type=\"wp-page\" data-elementor-id=\"2378\" class=\"elementor elementor-2378 elementor-1799\" data-elementor-post-type=\"page\">\n\t\t\t\t\t\t<section class=\"elementor-section elementor-top-section elementor-element elementor-element-22e6a8e3 elementor-section-boxed elementor-section-height-default elementor-section-height-default\" data-id=\"22e6a8e3\" data-element_type=\"section\" data-e-type=\"section\">\n\t\t\t\t\t\t<div class=\"elementor-container elementor-column-gap-default\">\n\t\t\t\t\t<div class=\"elementor-column elementor-col-100 elementor-top-column elementor-element elementor-element-c1306fe\" data-id=\"c1306fe\" data-element_type=\"column\" data-e-type=\"column\">\n\t\t\t<div class=\"elementor-widget-wrap elementor-element-populated\">\n\t\t\t\t\t\t<div class=\"elementor-element elementor-element-3fda59 elementor-widget elementor-widget-text-editor\" data-id=\"3fda59\" data-element_type=\"widget\" data-e-type=\"widget\" data-widget_type=\"text-editor.default\">\n\t\t\t\t<div class=\"elementor-widget-container\">\n\t\t\t\t\t\t\t\t\t<h2><span style=\"color: var( --e-global-color-text ); font-family: var( --e-global-typography-text-font-family ), Sans-serif; font-size: var( --e-global-typography-text-font-size ); font-weight: var( --e-global-typography-text-font-weight );\">Vi p\u00e5 Billingens stugby &amp; camping vill minimera risken f\u00f6r eventuell spridning av Covid-19. Har du symtom, \u00e4ven milda, ska du stanna hemma tills du \u00e4r helt frisk plus tv\u00e5 dagar. L\u00e4s mer <\/span><a href=\"https:\/\/www.krisinformation.se\/corona\" target=\"_blank\" rel=\"noreferrer noopener\" style=\"font-family: var( --e-global-typography-text-font-family ), Sans-serif; font-size: var( --e-global-typography-text-font-size ); font-weight: var( --e-global-typography-text-font-weight );\">h\u00e4r<\/a><br><\/h2>\n<p>Covid-19 p\u00e5verkar oss alla. V\u00e5ra g\u00e4sters och medarbetares h\u00e4lsa \u00e4r av st\u00f6rsta vikt. Vi f\u00f6ljer h\u00e4ndelseutvecklingen och anpassar v\u00e5r verksamhet efter g\u00e4llande rekommendationer. Detta g\u00f6r att vi har begr\u00e4nsade \u00f6ppettider i den fysiska receptionen b\u00e5de f\u00f6r er skull och f\u00f6r v\u00e5r egen, men vi finns antr\u00e4ffbara via telefon och mail f\u00f6r att svara p\u00e5 fr\u00e5gor och ta emot bokningar.<br>Ni som bor hos oss bor i \u201degna hem\u201d antingen i er husvagn\/husbil eller i n\u00e5gon av v\u00e5ra stugor. I servicehuset har vi ber\u00f6ringsfria tv\u00e5l och pappersautomater och vi anv\u00e4nder oss av desinficerad tv\u00e5l. Var noggrann med att tv\u00e4tta h\u00e4nder b\u00e5de f\u00f6re och efter ert bes\u00f6k i servicehuset. T\u00e4nk p\u00e5 att h\u00e5lla arml\u00e4ngds avst\u00e5nd till andra g\u00e4ster och v\u00e5r personal.<\/p>\n<p>Stugbyn ligger precis intill Billingens fritidsomr\u00e5de med h\u00e4rligt frisk luft och gott om utrymme f\u00f6r skid\u00e5kning b\u00e5de utf\u00f6r och p\u00e5 l\u00e4ngden, fiske, lek och vandring. H\u00e4r finns gott om eldst\u00e4der f\u00f6r att kunna umg\u00e5s p\u00e5 ett l\u00e4ttsamt s\u00e4tt med sina v\u00e4nner utomhus.<\/p>\n<p>Vi r\u00e4knar med att ha \u00f6ppet hela \u00e5ret och till\u00e4mpar ordinarie regler f\u00f6r bokning och avbokning. Om vi tvingas att st\u00e4nga kommer vi att till\u00e4mpa de regler f\u00f6r ombokning och \u00e5terbetalning som d\u00e5 rekommenderas f\u00f6r v\u00e5r bransch av konsumentverket och allm\u00e4nna reklamationsn\u00e4mnden.<\/p>\n<p>Varmt v\u00e4lkomna till Billingen!<\/p>\t\t\t\t\t\t\t\t<\/div>\n\t\t\t\t<\/div>\n\t\t\t\t\t<\/div>\n\t\t<\/div>\n\t\t\t\t\t<\/div>\n\t\t<\/section>\n\t\t\t\t<\/div>\n\t\t","protected":false},"excerpt":{"rendered":"<p>Vi p\u00e5 Billingens stugby &amp; camping vill minimera risken f\u00f6r eventuell spridning av Covid-19. Har du symtom, \u00e4ven milda, ska du stanna hemma tills du \u00e4r helt frisk plus tv\u00e5 dagar. L\u00e4s mer h\u00e4r Covid-19 p\u00e5verkar oss alla. V\u00e5ra g\u00e4sters och medarbetares h\u00e4lsa \u00e4r av st\u00f6rsta vikt. Vi f\u00f6ljer h\u00e4ndelseutvecklingen och anpassar v\u00e5r verksamhet efter [&hellip;]<\/p>\n","protected":false},"author":6,"featured_media":0,"parent":0,"menu_order":0,"comment_status":"closed","ping_status":"closed","template":"","meta":{"_acf_changed":false,"_genesis_hide_title":false,"_genesis_hide_breadcrumbs":false,"_genesis_hide_singular_image":false,"_genesis_hide_footer_widgets":false,"_genesis_custom_body_class":"","_genesis_custom_post_class":"","_genesis_layout":"","footnotes":""},"class_list":{"0":"post-2378","1":"page","2":"type-page","3":"status-publish","5":"entry"},"acf":[],"yoast_head":"<!-- This site is optimized with the Yoast SEO plugin v27.4 - https:\/\/yoast.com\/product\/yoast-seo-wordpress\/ -->\n<title>S\u00e5 h\u00e4r hanterar vi Corona - Billingens stugby &amp; camping<\/title>\n<meta name=\"robots\" content=\"index, follow, max-snippet:-1, max-image-preview:large, max-video-preview:-1\" \/>\n<link rel=\"canonical\" href=\"https:\/\/billingensstugby.se\/de\/corona-info\/\" \/>\n<meta property=\"og:locale\" content=\"de_DE\" \/>\n<meta property=\"og:type\" content=\"article\" \/>\n<meta property=\"og:title\" content=\"S\u00e5 h\u00e4r hanterar vi Corona - Billingens stugby &amp; camping\" \/>\n<meta property=\"og:description\" content=\"Vi p\u00e5 Billingens stugby &amp; camping vill minimera risken f\u00f6r eventuell spridning av Covid-19. Har du symtom, \u00e4ven milda, ska du stanna hemma tills du \u00e4r helt frisk plus tv\u00e5 dagar. L\u00e4s mer h\u00e4r Covid-19 p\u00e5verkar oss alla. V\u00e5ra g\u00e4sters och medarbetares h\u00e4lsa \u00e4r av st\u00f6rsta vikt. Vi f\u00f6ljer h\u00e4ndelseutvecklingen och anpassar v\u00e5r verksamhet efter [&hellip;]\" \/>\n<meta property=\"og:url\" content=\"https:\/\/billingensstugby.se\/de\/corona-info\/\" \/>\n<meta property=\"og:site_name\" content=\"Billingens stugby &amp; camping\" \/>\n<meta property=\"article:modified_time\" content=\"2021-06-15T12:20:42+00:00\" \/>\n<meta name=\"twitter:card\" content=\"summary_large_image\" \/>\n<meta name=\"twitter:label1\" content=\"Gesch\u00e4tzte Lesezeit\" \/>\n\t<meta name=\"twitter:data1\" content=\"2\u00a0Minuten\" \/>\n<script type=\"application\/ld+json\" class=\"yoast-schema-graph\">{\"@context\":\"https:\\\/\\\/schema.org\",\"@graph\":[{\"@type\":\"WebPage\",\"@id\":\"https:\\\/\\\/billingensstugby.se\\\/de\\\/corona-info\\\/\",\"url\":\"https:\\\/\\\/billingensstugby.se\\\/de\\\/corona-info\\\/\",\"name\":\"S\u00e5 h\u00e4r hanterar vi Corona - Billingens stugby &amp; camping\",\"isPartOf\":{\"@id\":\"https:\\\/\\\/billingensstugby.se\\\/de\\\/#website\"},\"datePublished\":\"2021-02-08T16:19:11+00:00\",\"dateModified\":\"2021-06-15T12:20:42+00:00\",\"breadcrumb\":{\"@id\":\"https:\\\/\\\/billingensstugby.se\\\/de\\\/corona-info\\\/#breadcrumb\"},\"inLanguage\":\"de\",\"potentialAction\":[{\"@type\":\"ReadAction\",\"target\":[\"https:\\\/\\\/billingensstugby.se\\\/de\\\/corona-info\\\/\"]}]},{\"@type\":\"BreadcrumbList\",\"@id\":\"https:\\\/\\\/billingensstugby.se\\\/de\\\/corona-info\\\/#breadcrumb\",\"itemListElement\":[{\"@type\":\"ListItem\",\"position\":1,\"name\":\"Hem\",\"item\":\"https:\\\/\\\/billingensstugby.se\\\/de\\\/\"},{\"@type\":\"ListItem\",\"position\":2,\"name\":\"S\u00e5 h\u00e4r hanterar vi Corona\"}]},{\"@type\":\"WebSite\",\"@id\":\"https:\\\/\\\/billingensstugby.se\\\/de\\\/#website\",\"url\":\"https:\\\/\\\/billingensstugby.se\\\/de\\\/\",\"name\":\"Billingens stugby &amp; camping\",\"description\":\"Natursk\u00f6n stugby &amp; camping bel\u00e4gen 3,5 km fr\u00e5n centrum, p\u00e5 berget Billingen. Hyr ut stugor \u00e5ret runt. STF vandrarhem och SCR camping.\",\"publisher\":{\"@id\":\"https:\\\/\\\/billingensstugby.se\\\/de\\\/#organization\"},\"potentialAction\":[{\"@type\":\"SearchAction\",\"target\":{\"@type\":\"EntryPoint\",\"urlTemplate\":\"https:\\\/\\\/billingensstugby.se\\\/de\\\/?s={search_term_string}\"},\"query-input\":{\"@type\":\"PropertyValueSpecification\",\"valueRequired\":true,\"valueName\":\"search_term_string\"}}],\"inLanguage\":\"de\"},{\"@type\":\"Organization\",\"@id\":\"https:\\\/\\\/billingensstugby.se\\\/de\\\/#organization\",\"name\":\"Billingens stugby och camping\",\"url\":\"https:\\\/\\\/billingensstugby.se\\\/de\\\/\",\"logo\":{\"@type\":\"ImageObject\",\"inLanguage\":\"de\",\"@id\":\"https:\\\/\\\/billingensstugby.se\\\/de\\\/#\\\/schema\\\/logo\\\/image\\\/\",\"url\":\"https:\\\/\\\/billingensstugby.se\\\/wp-content\\\/uploads\\\/2016\\\/11\\\/loggabillingen-e1611223751434.png\",\"contentUrl\":\"https:\\\/\\\/billingensstugby.se\\\/wp-content\\\/uploads\\\/2016\\\/11\\\/loggabillingen-e1611223751434.png\",\"width\":402,\"height\":123,\"caption\":\"Billingens stugby och camping\"},\"image\":{\"@id\":\"https:\\\/\\\/billingensstugby.se\\\/de\\\/#\\\/schema\\\/logo\\\/image\\\/\"},\"sameAs\":[\"https:\\\/\\\/www.instagram.com\\\/billingensstugby\\\/\"]}]}<\/script>\n<!-- \/ Yoast SEO plugin. -->","yoast_head_json":{"title":"S\u00e5 h\u00e4r hanterar vi Corona - Billingens stugby &amp; camping","robots":{"index":"index","follow":"follow","max-snippet":"max-snippet:-1","max-image-preview":"max-image-preview:large","max-video-preview":"max-video-preview:-1"},"canonical":"https:\/\/billingensstugby.se\/de\/corona-info\/","og_locale":"de_DE","og_type":"article","og_title":"S\u00e5 h\u00e4r hanterar vi Corona - Billingens stugby &amp; camping","og_description":"Vi p\u00e5 Billingens stugby &amp; camping vill minimera risken f\u00f6r eventuell spridning av Covid-19. Har du symtom, \u00e4ven milda, ska du stanna hemma tills du \u00e4r helt frisk plus tv\u00e5 dagar. L\u00e4s mer h\u00e4r Covid-19 p\u00e5verkar oss alla. V\u00e5ra g\u00e4sters och medarbetares h\u00e4lsa \u00e4r av st\u00f6rsta vikt. Vi f\u00f6ljer h\u00e4ndelseutvecklingen och anpassar v\u00e5r verksamhet efter [&hellip;]","og_url":"https:\/\/billingensstugby.se\/de\/corona-info\/","og_site_name":"Billingens stugby &amp; camping","article_modified_time":"2021-06-15T12:20:42+00:00","twitter_card":"summary_large_image","twitter_misc":{"Gesch\u00e4tzte Lesezeit":"2\u00a0Minuten"},"schema":{"@context":"https:\/\/schema.org","@graph":[{"@type":"WebPage","@id":"https:\/\/billingensstugby.se\/de\/corona-info\/","url":"https:\/\/billingensstugby.se\/de\/corona-info\/","name":"S\u00e5 h\u00e4r hanterar vi Corona - Billingens stugby &amp; camping","isPartOf":{"@id":"https:\/\/billingensstugby.se\/de\/#website"},"datePublished":"2021-02-08T16:19:11+00:00","dateModified":"2021-06-15T12:20:42+00:00","breadcrumb":{"@id":"https:\/\/billingensstugby.se\/de\/corona-info\/#breadcrumb"},"inLanguage":"de","potentialAction":[{"@type":"ReadAction","target":["https:\/\/billingensstugby.se\/de\/corona-info\/"]}]},{"@type":"BreadcrumbList","@id":"https:\/\/billingensstugby.se\/de\/corona-info\/#breadcrumb","itemListElement":[{"@type":"ListItem","position":1,"name":"Hem","item":"https:\/\/billingensstugby.se\/de\/"},{"@type":"ListItem","position":2,"name":"S\u00e5 h\u00e4r hanterar vi Corona"}]},{"@type":"WebSite","@id":"https:\/\/billingensstugby.se\/de\/#website","url":"https:\/\/billingensstugby.se\/de\/","name":"Billingens stugby &amp; camping","description":"Natursk\u00f6n stugby &amp; camping bel\u00e4gen 3,5 km fr\u00e5n centrum, p\u00e5 berget Billingen. Hyr ut stugor \u00e5ret runt. STF vandrarhem och SCR camping.","publisher":{"@id":"https:\/\/billingensstugby.se\/de\/#organization"},"potentialAction":[{"@type":"SearchAction","target":{"@type":"EntryPoint","urlTemplate":"https:\/\/billingensstugby.se\/de\/?s={search_term_string}"},"query-input":{"@type":"PropertyValueSpecification","valueRequired":true,"valueName":"search_term_string"}}],"inLanguage":"de"},{"@type":"Organization","@id":"https:\/\/billingensstugby.se\/de\/#organization","name":"Billingens stugby och camping","url":"https:\/\/billingensstugby.se\/de\/","logo":{"@type":"ImageObject","inLanguage":"de","@id":"https:\/\/billingensstugby.se\/de\/#\/schema\/logo\/image\/","url":"https:\/\/billingensstugby.se\/wp-content\/uploads\/2016\/11\/loggabillingen-e1611223751434.png","contentUrl":"https:\/\/billingensstugby.se\/wp-content\/uploads\/2016\/11\/loggabillingen-e1611223751434.png","width":402,"height":123,"caption":"Billingens stugby och camping"},"image":{"@id":"https:\/\/billingensstugby.se\/de\/#\/schema\/logo\/image\/"},"sameAs":["https:\/\/www.instagram.com\/billingensstugby\/"]}]}},"_links":{"self":[{"href":"https:\/\/billingensstugby.se\/de\/wp-json\/wp\/v2\/pages\/2378","targetHints":{"allow":["GET"]}}],"collection":[{"href":"https:\/\/billingensstugby.se\/de\/wp-json\/wp\/v2\/pages"}],"about":[{"href":"https:\/\/billingensstugby.se\/de\/wp-json\/wp\/v2\/types\/page"}],"author":[{"embeddable":true,"href":"https:\/\/billingensstugby.se\/de\/wp-json\/wp\/v2\/users\/6"}],"replies":[{"embeddable":true,"href":"https:\/\/billingensstugby.se\/de\/wp-json\/wp\/v2\/comments?post=2378"}],"version-history":[{"count":1,"href":"https:\/\/billingensstugby.se\/de\/wp-json\/wp\/v2\/pages\/2378\/revisions"}],"predecessor-version":[{"id":2379,"href":"https:\/\/billingensstugby.se\/de\/wp-json\/wp\/v2\/pages\/2378\/revisions\/2379"}],"wp:attachment":[{"href":"https:\/\/billingensstugby.se\/de\/wp-json\/wp\/v2\/media?parent=2378"}],"curies":[{"name":"wp","href":"https:\/\/api.w.org\/{rel}","templated":true}]}}