{"id":2284,"date":"2017-01-19T12:13:30","date_gmt":"2017-01-19T11:13:30","guid":{"rendered":"https:\/\/billingensstugby.se.tuana.hemsida.eu\/bokningsvillkor\/"},"modified":"2021-06-15T11:16:12","modified_gmt":"2021-06-15T10:16:12","slug":"bokningsvillkor","status":"publish","type":"page","link":"https:\/\/billingensstugby.se\/en\/bokningsvillkor\/","title":{"rendered":"Booking terms"},"content":{"rendered":"<p><strong>Cancellation.<\/strong><\/p>\n<p>In case of cancellation:<br \/>\n-more than three days before arrival no cost will be charged.<br \/>\n-1-3 days before arrival we charge 50% on the first day and 25% on the second day.<br \/>\n-day of arrival, we charge 100% on the first day, 50% on the second day and 25% on the third day.<\/p>\n<p><strong>Cancellation major bookings apply to other rules!<\/strong><\/p>\n<p><strong>Check-in and check-out.<\/strong><\/p>\n<p>Cabins and hostels are available from 03:00 pm the day of arrival until 11:00 am on the day of departure.<br \/>\nUpon check-out, the room or cabin must be cleaned and fresh for the next guest.<br \/>\nCampsite is available from 03:00\u00a0pm the day of arrival until 03:00 pm on the day of departure.<br \/>\nCheck-out after the stated time will be charged for the next night.<\/p>\n<p><strong>Driveway bars.<\/strong><\/p>\n<p>In the area, there is a speedlimit of 10km\/h.<br \/>\nAvoid driving in the area unnecessarily as we try to provide a high level of safety for our guests.<br \/>\nBetween 11:00 pm and 07:00 am the bars are locked.<\/p>\n<p><strong>Line-up.<\/strong><\/p>\n<p>Tents, caravans and RV\u00b4s must be in placed in the dedicated area with a safety distance of 4 meters.<br \/>\nCaravans must be placed on the gravel surface with the towbar towards the road. The car must be parked on the gravel surface in front.<\/p>\n<p><strong>Electrical outlets.<\/strong><\/p>\n<p>There are 10A or 16A electrical connection depending on location.<\/p>\n<p><strong>Wireless Internet \/ Wi-Fi.<\/strong><\/p>\n<p>Available to buy at the reception. Price 20sek\/day or 35sek\/week.<br \/>\n2 devices can be connected to one code.<\/p>\n<p><strong>Payment<\/strong>.<\/p>\n<p>You can pay with SEK or EURO, as well as most debit cards.<\/p>\n<p><strong>Laundry<\/strong>.<\/p>\n<p>There are two washing machines and two dryers in the service house.<br \/>\nThese are booked through the reception.<\/p>\n<p><strong>Miniature golf.<\/strong><\/p>\n<p>We have a classic 10-hole course in good quality.<br \/>\nClubs and balls are available at the reception.<\/p>\n<p><strong>Sauna<\/strong>.<\/p>\n<p>The sauna can be booked through the reception for 60sek\/hour.<br \/>\nThere is plenty of room for about 8 people. Shower and wc is in the same building.<br \/>\nOpen all year round.<\/p>\n<p><strong>Satisfaction policy<\/strong>.<\/p>\n<p>In our area there must be quiet between 11:00 pm and 07:00 am. That is as respect for our guests every day in the week.<\/p>\n<p><strong>Non smoking.<\/strong><\/p>\n<p>With in the hostel there is no smoking!.<\/p>\n<p><strong>Recycling station.<\/strong><\/p>\n<p>Beside the servicehouse there is an recyclingstation where you can sort garbage for glass, metal and household waste.<\/p>\n","protected":false},"excerpt":{"rendered":"<p>Cancellation. In case of cancellation: -more than three days before arrival no cost will be charged. -1-3 days before arrival we charge 50% on the first day and 25% on the second day. -day of arrival, we charge 100% on the first day, 50% on the second day and 25% on the third day. Cancellation [&hellip;]<\/p>\n","protected":false},"author":12,"featured_media":0,"parent":0,"menu_order":0,"comment_status":"closed","ping_status":"closed","template":"elementor_header_footer","meta":{"_acf_changed":false,"_genesis_hide_title":false,"_genesis_hide_breadcrumbs":false,"_genesis_hide_singular_image":false,"_genesis_hide_footer_widgets":false,"_genesis_custom_body_class":"","_genesis_custom_post_class":"","_genesis_layout":"","footnotes":""},"class_list":{"0":"post-2284","1":"page","2":"type-page","3":"status-publish","5":"entry"},"acf":[],"yoast_head":"<!-- This site is optimized with the Yoast SEO plugin v27.4 - https:\/\/yoast.com\/product\/yoast-seo-wordpress\/ -->\n<title>Booking terms - Billingens stugby &amp; camping<\/title>\n<meta name=\"description\" content=\"H\u00e4r ser du vilka bokningsvilkor som g\u00e4ller f\u00f6r Billingens stugby och camping.\" \/>\n<meta name=\"robots\" content=\"index, follow, max-snippet:-1, max-image-preview:large, max-video-preview:-1\" \/>\n<link rel=\"canonical\" href=\"https:\/\/billingensstugby.se\/en\/bokningsvillkor\/\" \/>\n<meta property=\"og:locale\" content=\"en_US\" \/>\n<meta property=\"og:type\" content=\"article\" \/>\n<meta property=\"og:title\" content=\"Booking terms - Billingens stugby &amp; camping\" \/>\n<meta property=\"og:description\" content=\"H\u00e4r ser du vilka bokningsvilkor som g\u00e4ller f\u00f6r Billingens stugby och camping.\" \/>\n<meta property=\"og:url\" content=\"https:\/\/billingensstugby.se\/en\/bokningsvillkor\/\" \/>\n<meta property=\"og:site_name\" content=\"Billingens stugby &amp; camping\" \/>\n<meta property=\"article:modified_time\" content=\"2021-06-15T10:16:12+00:00\" \/>\n<meta name=\"twitter:card\" content=\"summary_large_image\" \/>\n<meta name=\"twitter:label1\" content=\"Est. reading time\" \/>\n\t<meta name=\"twitter:data1\" content=\"2 minutes\" \/>\n<script type=\"application\/ld+json\" class=\"yoast-schema-graph\">{\"@context\":\"https:\\\/\\\/schema.org\",\"@graph\":[{\"@type\":\"WebPage\",\"@id\":\"https:\\\/\\\/billingensstugby.se\\\/en\\\/bokningsvillkor\\\/\",\"url\":\"https:\\\/\\\/billingensstugby.se\\\/en\\\/bokningsvillkor\\\/\",\"name\":\"Booking terms - Billingens stugby &amp; camping\",\"isPartOf\":{\"@id\":\"https:\\\/\\\/billingensstugby.se\\\/en\\\/#website\"},\"datePublished\":\"2017-01-19T11:13:30+00:00\",\"dateModified\":\"2021-06-15T10:16:12+00:00\",\"description\":\"H\u00e4r ser du vilka bokningsvilkor som g\u00e4ller f\u00f6r Billingens stugby och camping.\",\"breadcrumb\":{\"@id\":\"https:\\\/\\\/billingensstugby.se\\\/en\\\/bokningsvillkor\\\/#breadcrumb\"},\"inLanguage\":\"en-US\",\"potentialAction\":[{\"@type\":\"ReadAction\",\"target\":[\"https:\\\/\\\/billingensstugby.se\\\/en\\\/bokningsvillkor\\\/\"]}]},{\"@type\":\"BreadcrumbList\",\"@id\":\"https:\\\/\\\/billingensstugby.se\\\/en\\\/bokningsvillkor\\\/#breadcrumb\",\"itemListElement\":[{\"@type\":\"ListItem\",\"position\":1,\"name\":\"Hem\",\"item\":\"https:\\\/\\\/billingensstugby.se\\\/en\\\/\"},{\"@type\":\"ListItem\",\"position\":2,\"name\":\"Booking terms\"}]},{\"@type\":\"WebSite\",\"@id\":\"https:\\\/\\\/billingensstugby.se\\\/en\\\/#website\",\"url\":\"https:\\\/\\\/billingensstugby.se\\\/en\\\/\",\"name\":\"Billingens stugby &amp; camping\",\"description\":\"Natursk\u00f6n stugby &amp; camping bel\u00e4gen 3,5 km fr\u00e5n centrum, p\u00e5 berget Billingen. Hyr ut stugor \u00e5ret runt. STF vandrarhem och SCR camping.\",\"publisher\":{\"@id\":\"https:\\\/\\\/billingensstugby.se\\\/en\\\/#organization\"},\"potentialAction\":[{\"@type\":\"SearchAction\",\"target\":{\"@type\":\"EntryPoint\",\"urlTemplate\":\"https:\\\/\\\/billingensstugby.se\\\/en\\\/?s={search_term_string}\"},\"query-input\":{\"@type\":\"PropertyValueSpecification\",\"valueRequired\":true,\"valueName\":\"search_term_string\"}}],\"inLanguage\":\"en-US\"},{\"@type\":\"Organization\",\"@id\":\"https:\\\/\\\/billingensstugby.se\\\/en\\\/#organization\",\"name\":\"Billingens stugby och camping\",\"url\":\"https:\\\/\\\/billingensstugby.se\\\/en\\\/\",\"logo\":{\"@type\":\"ImageObject\",\"inLanguage\":\"en-US\",\"@id\":\"https:\\\/\\\/billingensstugby.se\\\/en\\\/#\\\/schema\\\/logo\\\/image\\\/\",\"url\":\"https:\\\/\\\/billingensstugby.se\\\/wp-content\\\/uploads\\\/2016\\\/11\\\/loggabillingen-e1611223751434.png\",\"contentUrl\":\"https:\\\/\\\/billingensstugby.se\\\/wp-content\\\/uploads\\\/2016\\\/11\\\/loggabillingen-e1611223751434.png\",\"width\":402,\"height\":123,\"caption\":\"Billingens stugby och camping\"},\"image\":{\"@id\":\"https:\\\/\\\/billingensstugby.se\\\/en\\\/#\\\/schema\\\/logo\\\/image\\\/\"},\"sameAs\":[\"https:\\\/\\\/www.instagram.com\\\/billingensstugby\\\/\"]}]}<\/script>\n<!-- \/ Yoast SEO plugin. -->","yoast_head_json":{"title":"Booking terms - Billingens stugby &amp; camping","description":"H\u00e4r ser du vilka bokningsvilkor som g\u00e4ller f\u00f6r Billingens stugby och camping.","robots":{"index":"index","follow":"follow","max-snippet":"max-snippet:-1","max-image-preview":"max-image-preview:large","max-video-preview":"max-video-preview:-1"},"canonical":"https:\/\/billingensstugby.se\/en\/bokningsvillkor\/","og_locale":"en_US","og_type":"article","og_title":"Booking terms - Billingens stugby &amp; camping","og_description":"H\u00e4r ser du vilka bokningsvilkor som g\u00e4ller f\u00f6r Billingens stugby och camping.","og_url":"https:\/\/billingensstugby.se\/en\/bokningsvillkor\/","og_site_name":"Billingens stugby &amp; camping","article_modified_time":"2021-06-15T10:16:12+00:00","twitter_card":"summary_large_image","twitter_misc":{"Est. reading time":"2 minutes"},"schema":{"@context":"https:\/\/schema.org","@graph":[{"@type":"WebPage","@id":"https:\/\/billingensstugby.se\/en\/bokningsvillkor\/","url":"https:\/\/billingensstugby.se\/en\/bokningsvillkor\/","name":"Booking terms - Billingens stugby &amp; camping","isPartOf":{"@id":"https:\/\/billingensstugby.se\/en\/#website"},"datePublished":"2017-01-19T11:13:30+00:00","dateModified":"2021-06-15T10:16:12+00:00","description":"H\u00e4r ser du vilka bokningsvilkor som g\u00e4ller f\u00f6r Billingens stugby och camping.","breadcrumb":{"@id":"https:\/\/billingensstugby.se\/en\/bokningsvillkor\/#breadcrumb"},"inLanguage":"en-US","potentialAction":[{"@type":"ReadAction","target":["https:\/\/billingensstugby.se\/en\/bokningsvillkor\/"]}]},{"@type":"BreadcrumbList","@id":"https:\/\/billingensstugby.se\/en\/bokningsvillkor\/#breadcrumb","itemListElement":[{"@type":"ListItem","position":1,"name":"Hem","item":"https:\/\/billingensstugby.se\/en\/"},{"@type":"ListItem","position":2,"name":"Booking terms"}]},{"@type":"WebSite","@id":"https:\/\/billingensstugby.se\/en\/#website","url":"https:\/\/billingensstugby.se\/en\/","name":"Billingens stugby &amp; camping","description":"Natursk\u00f6n stugby &amp; camping bel\u00e4gen 3,5 km fr\u00e5n centrum, p\u00e5 berget Billingen. Hyr ut stugor \u00e5ret runt. STF vandrarhem och SCR camping.","publisher":{"@id":"https:\/\/billingensstugby.se\/en\/#organization"},"potentialAction":[{"@type":"SearchAction","target":{"@type":"EntryPoint","urlTemplate":"https:\/\/billingensstugby.se\/en\/?s={search_term_string}"},"query-input":{"@type":"PropertyValueSpecification","valueRequired":true,"valueName":"search_term_string"}}],"inLanguage":"en-US"},{"@type":"Organization","@id":"https:\/\/billingensstugby.se\/en\/#organization","name":"Billingens stugby och camping","url":"https:\/\/billingensstugby.se\/en\/","logo":{"@type":"ImageObject","inLanguage":"en-US","@id":"https:\/\/billingensstugby.se\/en\/#\/schema\/logo\/image\/","url":"https:\/\/billingensstugby.se\/wp-content\/uploads\/2016\/11\/loggabillingen-e1611223751434.png","contentUrl":"https:\/\/billingensstugby.se\/wp-content\/uploads\/2016\/11\/loggabillingen-e1611223751434.png","width":402,"height":123,"caption":"Billingens stugby och camping"},"image":{"@id":"https:\/\/billingensstugby.se\/en\/#\/schema\/logo\/image\/"},"sameAs":["https:\/\/www.instagram.com\/billingensstugby\/"]}]}},"_links":{"self":[{"href":"https:\/\/billingensstugby.se\/en\/wp-json\/wp\/v2\/pages\/2284","targetHints":{"allow":["GET"]}}],"collection":[{"href":"https:\/\/billingensstugby.se\/en\/wp-json\/wp\/v2\/pages"}],"about":[{"href":"https:\/\/billingensstugby.se\/en\/wp-json\/wp\/v2\/types\/page"}],"author":[{"embeddable":true,"href":"https:\/\/billingensstugby.se\/en\/wp-json\/wp\/v2\/users\/12"}],"replies":[{"embeddable":true,"href":"https:\/\/billingensstugby.se\/en\/wp-json\/wp\/v2\/comments?post=2284"}],"version-history":[{"count":2,"href":"https:\/\/billingensstugby.se\/en\/wp-json\/wp\/v2\/pages\/2284\/revisions"}],"predecessor-version":[{"id":2292,"href":"https:\/\/billingensstugby.se\/en\/wp-json\/wp\/v2\/pages\/2284\/revisions\/2292"}],"wp:attachment":[{"href":"https:\/\/billingensstugby.se\/en\/wp-json\/wp\/v2\/media?parent=2284"}],"curies":[{"name":"wp","href":"https:\/\/api.w.org\/{rel}","templated":true}]}}