{"id":2312,"date":"2021-06-15T11:24:36","date_gmt":"2021-06-15T10:24:36","guid":{"rendered":"https:\/\/billingensstugby.se.tuana.hemsida.eu\/?page_id=2312"},"modified":"2021-06-15T11:24:37","modified_gmt":"2021-06-15T10:24:37","slug":"sustainability","status":"publish","type":"page","link":"https:\/\/billingensstugby.se\/en\/sustainability\/","title":{"rendered":"Sustainability"},"content":{"rendered":"\n<h2 class=\"wp-block-heading\">At Billingen stugby och camping we work for a sustainable development.<\/h2>\n\n\n\n<p>The first ten cabains at our resort was built as early as 1985 after which it have expanded to what we are today. We work with ongoing maintenance of the entire facility to keep the premises fresh and long lasting. For several years now, we have had solar panels on the roof of the service building that supply energie for all the showers, kitchens and the laundry room with the hot water that is used during the bright part of the year. In the service house and in the hostel we also have low-fluch shower heads, something we also plan to put in the cabins when we fins the right model. Virtually all the lightning we use are led. In the area we transport ourselves with an electric \u201cgolf cart\u201d, both to sav our legs and for the enviroment. Most repairs that need to be done are carried out by our own caretakers, but if we need to hire craftsmen, we prefer to hire local craftsmen and choose local suppliers as much as possible. Our staff mainly comes from the immediate area. We are working actively with our finicial profitability as it is important to be able to invest in the future both in terms of personal and sustainable slutions.<\/p>\n","protected":false},"excerpt":{"rendered":"<p>At Billingen stugby och camping we work for a sustainable development. The first ten cabains at our resort was built as early as 1985 after which it have expanded to what we are today. We work with ongoing maintenance of the entire facility to keep the premises fresh and long lasting. For several years now, [&hellip;]<\/p>\n","protected":false},"author":12,"featured_media":0,"parent":0,"menu_order":0,"comment_status":"closed","ping_status":"closed","template":"","meta":{"_acf_changed":false,"_genesis_hide_title":false,"_genesis_hide_breadcrumbs":false,"_genesis_hide_singular_image":false,"_genesis_hide_footer_widgets":false,"_genesis_custom_body_class":"","_genesis_custom_post_class":"","_genesis_layout":"","footnotes":""},"class_list":{"0":"post-2312","1":"page","2":"type-page","3":"status-publish","5":"entry"},"acf":[],"yoast_head":"<!-- This site is optimized with the Yoast SEO plugin v27.4 - https:\/\/yoast.com\/product\/yoast-seo-wordpress\/ -->\n<title>Sustainability - Billingens stugby &amp; camping<\/title>\n<meta name=\"robots\" content=\"index, follow, max-snippet:-1, max-image-preview:large, max-video-preview:-1\" \/>\n<link rel=\"canonical\" href=\"https:\/\/billingensstugby.se\/en\/sustainability\/\" \/>\n<meta property=\"og:locale\" content=\"en_US\" \/>\n<meta property=\"og:type\" content=\"article\" \/>\n<meta property=\"og:title\" content=\"Sustainability - Billingens stugby &amp; camping\" \/>\n<meta property=\"og:description\" content=\"At Billingen stugby och camping we work for a sustainable development. The first ten cabains at our resort was built as early as 1985 after which it have expanded to what we are today. We work with ongoing maintenance of the entire facility to keep the premises fresh and long lasting. For several years now, [&hellip;]\" \/>\n<meta property=\"og:url\" content=\"https:\/\/billingensstugby.se\/en\/sustainability\/\" \/>\n<meta property=\"og:site_name\" content=\"Billingens stugby &amp; camping\" \/>\n<meta property=\"article:modified_time\" content=\"2021-06-15T10:24:37+00:00\" \/>\n<meta name=\"twitter:card\" content=\"summary_large_image\" \/>\n<meta name=\"twitter:label1\" content=\"Est. reading time\" \/>\n\t<meta name=\"twitter:data1\" content=\"1 minute\" \/>\n<script type=\"application\/ld+json\" class=\"yoast-schema-graph\">{\"@context\":\"https:\\\/\\\/schema.org\",\"@graph\":[{\"@type\":\"WebPage\",\"@id\":\"https:\\\/\\\/billingensstugby.se\\\/en\\\/sustainability\\\/\",\"url\":\"https:\\\/\\\/billingensstugby.se\\\/en\\\/sustainability\\\/\",\"name\":\"Sustainability - Billingens stugby &amp; camping\",\"isPartOf\":{\"@id\":\"https:\\\/\\\/billingensstugby.se\\\/en\\\/#website\"},\"datePublished\":\"2021-06-15T10:24:36+00:00\",\"dateModified\":\"2021-06-15T10:24:37+00:00\",\"breadcrumb\":{\"@id\":\"https:\\\/\\\/billingensstugby.se\\\/en\\\/sustainability\\\/#breadcrumb\"},\"inLanguage\":\"en-US\",\"potentialAction\":[{\"@type\":\"ReadAction\",\"target\":[\"https:\\\/\\\/billingensstugby.se\\\/en\\\/sustainability\\\/\"]}]},{\"@type\":\"BreadcrumbList\",\"@id\":\"https:\\\/\\\/billingensstugby.se\\\/en\\\/sustainability\\\/#breadcrumb\",\"itemListElement\":[{\"@type\":\"ListItem\",\"position\":1,\"name\":\"Hem\",\"item\":\"https:\\\/\\\/billingensstugby.se\\\/en\\\/\"},{\"@type\":\"ListItem\",\"position\":2,\"name\":\"Sustainability\"}]},{\"@type\":\"WebSite\",\"@id\":\"https:\\\/\\\/billingensstugby.se\\\/en\\\/#website\",\"url\":\"https:\\\/\\\/billingensstugby.se\\\/en\\\/\",\"name\":\"Billingens stugby &amp; camping\",\"description\":\"Natursk\u00f6n stugby &amp; camping bel\u00e4gen 3,5 km fr\u00e5n centrum, p\u00e5 berget Billingen. Hyr ut stugor \u00e5ret runt. STF vandrarhem och SCR camping.\",\"publisher\":{\"@id\":\"https:\\\/\\\/billingensstugby.se\\\/en\\\/#organization\"},\"potentialAction\":[{\"@type\":\"SearchAction\",\"target\":{\"@type\":\"EntryPoint\",\"urlTemplate\":\"https:\\\/\\\/billingensstugby.se\\\/en\\\/?s={search_term_string}\"},\"query-input\":{\"@type\":\"PropertyValueSpecification\",\"valueRequired\":true,\"valueName\":\"search_term_string\"}}],\"inLanguage\":\"en-US\"},{\"@type\":\"Organization\",\"@id\":\"https:\\\/\\\/billingensstugby.se\\\/en\\\/#organization\",\"name\":\"Billingens stugby och camping\",\"url\":\"https:\\\/\\\/billingensstugby.se\\\/en\\\/\",\"logo\":{\"@type\":\"ImageObject\",\"inLanguage\":\"en-US\",\"@id\":\"https:\\\/\\\/billingensstugby.se\\\/en\\\/#\\\/schema\\\/logo\\\/image\\\/\",\"url\":\"https:\\\/\\\/billingensstugby.se\\\/wp-content\\\/uploads\\\/2016\\\/11\\\/loggabillingen-e1611223751434.png\",\"contentUrl\":\"https:\\\/\\\/billingensstugby.se\\\/wp-content\\\/uploads\\\/2016\\\/11\\\/loggabillingen-e1611223751434.png\",\"width\":402,\"height\":123,\"caption\":\"Billingens stugby och camping\"},\"image\":{\"@id\":\"https:\\\/\\\/billingensstugby.se\\\/en\\\/#\\\/schema\\\/logo\\\/image\\\/\"},\"sameAs\":[\"https:\\\/\\\/www.instagram.com\\\/billingensstugby\\\/\"]}]}<\/script>\n<!-- \/ Yoast SEO plugin. -->","yoast_head_json":{"title":"Sustainability - Billingens stugby &amp; camping","robots":{"index":"index","follow":"follow","max-snippet":"max-snippet:-1","max-image-preview":"max-image-preview:large","max-video-preview":"max-video-preview:-1"},"canonical":"https:\/\/billingensstugby.se\/en\/sustainability\/","og_locale":"en_US","og_type":"article","og_title":"Sustainability - Billingens stugby &amp; camping","og_description":"At Billingen stugby och camping we work for a sustainable development. The first ten cabains at our resort was built as early as 1985 after which it have expanded to what we are today. We work with ongoing maintenance of the entire facility to keep the premises fresh and long lasting. For several years now, [&hellip;]","og_url":"https:\/\/billingensstugby.se\/en\/sustainability\/","og_site_name":"Billingens stugby &amp; camping","article_modified_time":"2021-06-15T10:24:37+00:00","twitter_card":"summary_large_image","twitter_misc":{"Est. reading time":"1 minute"},"schema":{"@context":"https:\/\/schema.org","@graph":[{"@type":"WebPage","@id":"https:\/\/billingensstugby.se\/en\/sustainability\/","url":"https:\/\/billingensstugby.se\/en\/sustainability\/","name":"Sustainability - Billingens stugby &amp; camping","isPartOf":{"@id":"https:\/\/billingensstugby.se\/en\/#website"},"datePublished":"2021-06-15T10:24:36+00:00","dateModified":"2021-06-15T10:24:37+00:00","breadcrumb":{"@id":"https:\/\/billingensstugby.se\/en\/sustainability\/#breadcrumb"},"inLanguage":"en-US","potentialAction":[{"@type":"ReadAction","target":["https:\/\/billingensstugby.se\/en\/sustainability\/"]}]},{"@type":"BreadcrumbList","@id":"https:\/\/billingensstugby.se\/en\/sustainability\/#breadcrumb","itemListElement":[{"@type":"ListItem","position":1,"name":"Hem","item":"https:\/\/billingensstugby.se\/en\/"},{"@type":"ListItem","position":2,"name":"Sustainability"}]},{"@type":"WebSite","@id":"https:\/\/billingensstugby.se\/en\/#website","url":"https:\/\/billingensstugby.se\/en\/","name":"Billingens stugby &amp; camping","description":"Natursk\u00f6n stugby &amp; camping bel\u00e4gen 3,5 km fr\u00e5n centrum, p\u00e5 berget Billingen. Hyr ut stugor \u00e5ret runt. STF vandrarhem och SCR camping.","publisher":{"@id":"https:\/\/billingensstugby.se\/en\/#organization"},"potentialAction":[{"@type":"SearchAction","target":{"@type":"EntryPoint","urlTemplate":"https:\/\/billingensstugby.se\/en\/?s={search_term_string}"},"query-input":{"@type":"PropertyValueSpecification","valueRequired":true,"valueName":"search_term_string"}}],"inLanguage":"en-US"},{"@type":"Organization","@id":"https:\/\/billingensstugby.se\/en\/#organization","name":"Billingens stugby och camping","url":"https:\/\/billingensstugby.se\/en\/","logo":{"@type":"ImageObject","inLanguage":"en-US","@id":"https:\/\/billingensstugby.se\/en\/#\/schema\/logo\/image\/","url":"https:\/\/billingensstugby.se\/wp-content\/uploads\/2016\/11\/loggabillingen-e1611223751434.png","contentUrl":"https:\/\/billingensstugby.se\/wp-content\/uploads\/2016\/11\/loggabillingen-e1611223751434.png","width":402,"height":123,"caption":"Billingens stugby och camping"},"image":{"@id":"https:\/\/billingensstugby.se\/en\/#\/schema\/logo\/image\/"},"sameAs":["https:\/\/www.instagram.com\/billingensstugby\/"]}]}},"_links":{"self":[{"href":"https:\/\/billingensstugby.se\/en\/wp-json\/wp\/v2\/pages\/2312","targetHints":{"allow":["GET"]}}],"collection":[{"href":"https:\/\/billingensstugby.se\/en\/wp-json\/wp\/v2\/pages"}],"about":[{"href":"https:\/\/billingensstugby.se\/en\/wp-json\/wp\/v2\/types\/page"}],"author":[{"embeddable":true,"href":"https:\/\/billingensstugby.se\/en\/wp-json\/wp\/v2\/users\/12"}],"replies":[{"embeddable":true,"href":"https:\/\/billingensstugby.se\/en\/wp-json\/wp\/v2\/comments?post=2312"}],"version-history":[{"count":1,"href":"https:\/\/billingensstugby.se\/en\/wp-json\/wp\/v2\/pages\/2312\/revisions"}],"predecessor-version":[{"id":2313,"href":"https:\/\/billingensstugby.se\/en\/wp-json\/wp\/v2\/pages\/2312\/revisions\/2313"}],"wp:attachment":[{"href":"https:\/\/billingensstugby.se\/en\/wp-json\/wp\/v2\/media?parent=2312"}],"curies":[{"name":"wp","href":"https:\/\/api.w.org\/{rel}","templated":true}]}}