{"id":2417,"date":"2016-11-15T09:20:44","date_gmt":"2016-11-15T08:20:44","guid":{"rendered":"https:\/\/billingensstugby.se.tuana.hemsida.eu\/hitta-hit\/"},"modified":"2021-06-15T13:35:31","modified_gmt":"2021-06-15T12:35:31","slug":"contact","status":"publish","type":"page","link":"https:\/\/billingensstugby.se\/en\/contact\/","title":{"rendered":"Contact"},"content":{"rendered":"\t\t<div data-elementor-type=\"wp-page\" data-elementor-id=\"2417\" class=\"elementor elementor-2417 elementor-14\" data-elementor-post-type=\"page\">\n\t\t\t\t\t\t<section class=\"elementor-section elementor-top-section elementor-element elementor-element-68ff0862 elementor-section-height-min-height elementor-section-boxed elementor-section-height-default elementor-section-items-middle\" data-id=\"68ff0862\" data-element_type=\"section\" data-e-type=\"section\">\n\t\t\t\t\t\t\t<div class=\"elementor-background-overlay\"><\/div>\n\t\t\t\t\t\t\t<div class=\"elementor-container elementor-column-gap-default\">\n\t\t\t\t\t<div class=\"elementor-column elementor-col-100 elementor-top-column elementor-element elementor-element-70e3ae3d\" data-id=\"70e3ae3d\" data-element_type=\"column\" data-e-type=\"column\">\n\t\t\t<div class=\"elementor-widget-wrap elementor-element-populated\">\n\t\t\t\t\t\t<div class=\"elementor-element elementor-element-4637bfdd elementor-widget elementor-widget-heading\" data-id=\"4637bfdd\" data-element_type=\"widget\" data-e-type=\"widget\" data-widget_type=\"heading.default\">\n\t\t\t\t<div class=\"elementor-widget-container\">\n\t\t\t\t\t<h1 class=\"elementor-heading-title elementor-size-default\">Contact<\/h1>\t\t\t\t<\/div>\n\t\t\t\t<\/div>\n\t\t\t\t\t<\/div>\n\t\t<\/div>\n\t\t\t\t\t<\/div>\n\t\t<\/section>\n\t\t\t\t<section class=\"elementor-section elementor-top-section elementor-element elementor-element-350ace95 elementor-section-boxed elementor-section-height-default elementor-section-height-default\" data-id=\"350ace95\" data-element_type=\"section\" data-e-type=\"section\">\n\t\t\t\t\t\t<div class=\"elementor-container elementor-column-gap-default\">\n\t\t\t\t\t<div class=\"elementor-column elementor-col-100 elementor-top-column elementor-element elementor-element-1775277a\" data-id=\"1775277a\" data-element_type=\"column\" data-e-type=\"column\">\n\t\t\t<div class=\"elementor-widget-wrap elementor-element-populated\">\n\t\t\t\t\t\t<div class=\"elementor-element elementor-element-2c47abd elementor-widget elementor-widget-spacer\" data-id=\"2c47abd\" data-element_type=\"widget\" data-e-type=\"widget\" data-widget_type=\"spacer.default\">\n\t\t\t\t<div class=\"elementor-widget-container\">\n\t\t\t\t\t\t\t<div class=\"elementor-spacer\">\n\t\t\t<div class=\"elementor-spacer-inner\"><\/div>\n\t\t<\/div>\n\t\t\t\t\t\t<\/div>\n\t\t\t\t<\/div>\n\t\t\t\t\t<\/div>\n\t\t<\/div>\n\t\t\t\t\t<\/div>\n\t\t<\/section>\n\t\t\t\t<section class=\"elementor-section elementor-top-section elementor-element elementor-element-552143ba elementor-section-boxed elementor-section-height-default elementor-section-height-default\" data-id=\"552143ba\" data-element_type=\"section\" data-e-type=\"section\">\n\t\t\t\t\t\t<div class=\"elementor-container elementor-column-gap-default\">\n\t\t\t\t\t<div class=\"elementor-column elementor-col-50 elementor-top-column elementor-element elementor-element-6ff3e925\" data-id=\"6ff3e925\" data-element_type=\"column\" data-e-type=\"column\">\n\t\t\t<div class=\"elementor-widget-wrap elementor-element-populated\">\n\t\t\t\t\t\t<div class=\"elementor-element elementor-element-32c206e4 elementor-widget elementor-widget-text-editor\" data-id=\"32c206e4\" data-element_type=\"widget\" data-e-type=\"widget\" data-widget_type=\"text-editor.default\">\n\t\t\t\t<div class=\"elementor-widget-container\">\n\t\t\t\t\t\t\t\t\t<p>Billingens Stugby &amp; Camping is on the top of mount Billingen. You pass Hotel Billingehus with about 200 meters. Follow camping signs from Sk\u00f6vde city.<br \/>Follow link to <a href=\"https:\/\/goo.gl\/maps\/fSJxpMdgSAG2\" target=\"_blank\" rel=\"noopener\"><strong><span style=\"color: #0000ff;\">google maps:<\/span><\/strong><\/a><\/p><p><strong>Address:<\/strong><br \/>Billingens Stugby &amp; Camping<br \/>Alphyddev\u00e4gen<br \/>541 33 SK\u00d6VDE<\/p><p>Phone: +46 500-47 16 33<br \/>Email: info@billingensstugby.se<\/p><p>Coordinate:<br \/>RT90: X: 6477656, Y: 1383867<br \/>WGS84: Lat N 58\u00b0 24&#8242; 23&#8243; Lon E 13\u00b0 49&#8242; 6&#8243;<br \/>Decimal: 58.4066, 13.8185<\/p><p><strong>Phone time weekdays:<\/strong> 09:00 am to 01:00 pm and 03:00 pm to 05:00 pm.<br \/>saturday: 09:00 am to 04:00 pm and sunday: 10:00 am to 02:00 pm.<\/p>\t\t\t\t\t\t\t\t<\/div>\n\t\t\t\t<\/div>\n\t\t\t\t\t<\/div>\n\t\t<\/div>\n\t\t\t\t<div class=\"elementor-column elementor-col-50 elementor-top-column elementor-element elementor-element-3a7c07b7\" data-id=\"3a7c07b7\" data-element_type=\"column\" data-e-type=\"column\">\n\t\t\t<div class=\"elementor-widget-wrap elementor-element-populated\">\n\t\t\t\t\t\t<div class=\"elementor-element elementor-element-9e4585f elementor-widget elementor-widget-google_maps\" data-id=\"9e4585f\" data-element_type=\"widget\" data-e-type=\"widget\" data-widget_type=\"google_maps.default\">\n\t\t\t\t<div class=\"elementor-widget-container\">\n\t\t\t\t\t\t\t<div class=\"elementor-custom-embed\">\n\t\t\t<iframe loading=\"lazy\"\n\t\t\t\t\tsrc=\"https:\/\/maps.google.com\/maps?q=Billingenstugby&#038;t=m&#038;z=13&#038;output=embed&#038;iwloc=near\"\n\t\t\t\t\ttitle=\"Billingenstugby\"\n\t\t\t\t\taria-label=\"Billingenstugby\"\n\t\t\t><\/iframe>\n\t\t<\/div>\n\t\t\t\t\t\t<\/div>\n\t\t\t\t<\/div>\n\t\t\t\t\t<\/div>\n\t\t<\/div>\n\t\t\t\t\t<\/div>\n\t\t<\/section>\n\t\t\t\t<section class=\"elementor-section elementor-top-section elementor-element elementor-element-681fd1a elementor-section-boxed elementor-section-height-default elementor-section-height-default\" data-id=\"681fd1a\" data-element_type=\"section\" data-e-type=\"section\">\n\t\t\t\t\t\t<div class=\"elementor-container elementor-column-gap-default\">\n\t\t\t\t\t<div class=\"elementor-column elementor-col-100 elementor-top-column elementor-element elementor-element-2b51e7b\" data-id=\"2b51e7b\" data-element_type=\"column\" data-e-type=\"column\">\n\t\t\t<div class=\"elementor-widget-wrap elementor-element-populated\">\n\t\t\t\t\t\t\t<\/div>\n\t\t<\/div>\n\t\t\t\t\t<\/div>\n\t\t<\/section>\n\t\t\t\t<section class=\"elementor-section elementor-top-section elementor-element elementor-element-23fa27d5 elementor-section-boxed elementor-section-height-default elementor-section-height-default\" data-id=\"23fa27d5\" data-element_type=\"section\" data-e-type=\"section\">\n\t\t\t\t\t\t<div class=\"elementor-container elementor-column-gap-default\">\n\t\t\t\t\t<div class=\"elementor-column elementor-col-100 elementor-top-column elementor-element elementor-element-95400d0\" data-id=\"95400d0\" data-element_type=\"column\" data-e-type=\"column\">\n\t\t\t<div class=\"elementor-widget-wrap elementor-element-populated\">\n\t\t\t\t\t\t<div class=\"elementor-element elementor-element-509442b7 elementor-widget elementor-widget-spacer\" data-id=\"509442b7\" data-element_type=\"widget\" data-e-type=\"widget\" data-widget_type=\"spacer.default\">\n\t\t\t\t<div class=\"elementor-widget-container\">\n\t\t\t\t\t\t\t<div class=\"elementor-spacer\">\n\t\t\t<div class=\"elementor-spacer-inner\"><\/div>\n\t\t<\/div>\n\t\t\t\t\t\t<\/div>\n\t\t\t\t<\/div>\n\t\t\t\t\t<\/div>\n\t\t<\/div>\n\t\t\t\t\t<\/div>\n\t\t<\/section>\n\t\t\t\t<\/div>\n\t\t","protected":false},"excerpt":{"rendered":"<p>Billingens Stugby &amp; Camping is on the top of mount Billingen. You pass Hotel Billingehus with about 200 meters. Follow camping signs from Sk\u00f6vde city. Follow link to google maps: Address: Billingens Stugby &amp; Camping Alphyddev\u00e4gen 541 33 SK\u00d6VDE Phone: +46 500-47 16 33 Email: info@billingensstugby.se Coordinate: RT90: X: 6477656, Y: 1383867 WGS84: Lat N [&hellip;]<\/p>\n","protected":false},"author":12,"featured_media":3755,"parent":0,"menu_order":0,"comment_status":"closed","ping_status":"closed","template":"elementor_header_footer","meta":{"_acf_changed":false,"_genesis_hide_title":false,"_genesis_hide_breadcrumbs":false,"_genesis_hide_singular_image":false,"_genesis_hide_footer_widgets":false,"_genesis_custom_body_class":"","_genesis_custom_post_class":"","_genesis_layout":"","footnotes":""},"class_list":{"0":"post-2417","1":"page","2":"type-page","3":"status-publish","4":"has-post-thumbnail","6":"entry"},"acf":[],"yoast_head":"<!-- This site is optimized with the Yoast SEO plugin v27.4 - https:\/\/yoast.com\/product\/yoast-seo-wordpress\/ -->\n<title>Contact - Billingens stugby &amp; camping<\/title>\n<meta name=\"description\" content=\"Billingens stugby &amp; camping ligger p\u00e5 berget Billingen endast 3 km fr\u00e5n Sk\u00f6vde centrum, h\u00e4r hittar du beskrivning p\u00e5 hur du tar dig b\u00e4st hit. V\u00e4lkommen!\" \/>\n<meta name=\"robots\" content=\"index, follow, max-snippet:-1, max-image-preview:large, max-video-preview:-1\" \/>\n<link rel=\"canonical\" href=\"https:\/\/billingensstugby.se\/en\/contact\/\" \/>\n<meta property=\"og:locale\" content=\"en_US\" \/>\n<meta property=\"og:type\" content=\"article\" \/>\n<meta property=\"og:title\" content=\"Contact - Billingens stugby &amp; camping\" \/>\n<meta property=\"og:description\" content=\"Billingens stugby &amp; camping ligger p\u00e5 berget Billingen endast 3 km fr\u00e5n Sk\u00f6vde centrum, h\u00e4r hittar du beskrivning p\u00e5 hur du tar dig b\u00e4st hit. V\u00e4lkommen!\" \/>\n<meta property=\"og:url\" content=\"https:\/\/billingensstugby.se\/en\/contact\/\" \/>\n<meta property=\"og:site_name\" content=\"Billingens stugby &amp; camping\" \/>\n<meta property=\"article:modified_time\" content=\"2021-06-15T12:35:31+00:00\" \/>\n<meta property=\"og:image\" content=\"https:\/\/billingensstugby.se\/wp-content\/uploads\/2016\/11\/reception-e1479468726868.jpg\" \/>\n\t<meta property=\"og:image:width\" content=\"447\" \/>\n\t<meta property=\"og:image:height\" content=\"299\" \/>\n\t<meta property=\"og:image:type\" content=\"image\/jpeg\" \/>\n<meta name=\"twitter:card\" content=\"summary_large_image\" \/>\n<meta name=\"twitter:label1\" content=\"Est. reading time\" \/>\n\t<meta name=\"twitter:data1\" content=\"1 minute\" \/>\n<script type=\"application\/ld+json\" class=\"yoast-schema-graph\">{\"@context\":\"https:\\\/\\\/schema.org\",\"@graph\":[{\"@type\":\"WebPage\",\"@id\":\"https:\\\/\\\/billingensstugby.se\\\/en\\\/contact\\\/\",\"url\":\"https:\\\/\\\/billingensstugby.se\\\/en\\\/contact\\\/\",\"name\":\"Contact - Billingens stugby &amp; camping\",\"isPartOf\":{\"@id\":\"https:\\\/\\\/billingensstugby.se\\\/en\\\/#website\"},\"primaryImageOfPage\":{\"@id\":\"https:\\\/\\\/billingensstugby.se\\\/en\\\/contact\\\/#primaryimage\"},\"image\":{\"@id\":\"https:\\\/\\\/billingensstugby.se\\\/en\\\/contact\\\/#primaryimage\"},\"thumbnailUrl\":\"https:\\\/\\\/billingensstugby.se\\\/wp-content\\\/uploads\\\/2024\\\/07\\\/705x542-billingen-stugby-foto-tuana-20160702-0027-copy.jpg\",\"datePublished\":\"2016-11-15T08:20:44+00:00\",\"dateModified\":\"2021-06-15T12:35:31+00:00\",\"description\":\"Billingens stugby & camping ligger p\u00e5 berget Billingen endast 3 km fr\u00e5n Sk\u00f6vde centrum, h\u00e4r hittar du beskrivning p\u00e5 hur du tar dig b\u00e4st hit. V\u00e4lkommen!\",\"breadcrumb\":{\"@id\":\"https:\\\/\\\/billingensstugby.se\\\/en\\\/contact\\\/#breadcrumb\"},\"inLanguage\":\"en-US\",\"potentialAction\":[{\"@type\":\"ReadAction\",\"target\":[\"https:\\\/\\\/billingensstugby.se\\\/en\\\/contact\\\/\"]}]},{\"@type\":\"ImageObject\",\"inLanguage\":\"en-US\",\"@id\":\"https:\\\/\\\/billingensstugby.se\\\/en\\\/contact\\\/#primaryimage\",\"url\":\"https:\\\/\\\/billingensstugby.se\\\/wp-content\\\/uploads\\\/2024\\\/07\\\/705x542-billingen-stugby-foto-tuana-20160702-0027-copy.jpg\",\"contentUrl\":\"https:\\\/\\\/billingensstugby.se\\\/wp-content\\\/uploads\\\/2024\\\/07\\\/705x542-billingen-stugby-foto-tuana-20160702-0027-copy.jpg\",\"width\":833,\"height\":644},{\"@type\":\"BreadcrumbList\",\"@id\":\"https:\\\/\\\/billingensstugby.se\\\/en\\\/contact\\\/#breadcrumb\",\"itemListElement\":[{\"@type\":\"ListItem\",\"position\":1,\"name\":\"Hem\",\"item\":\"https:\\\/\\\/billingensstugby.se\\\/en\\\/\"},{\"@type\":\"ListItem\",\"position\":2,\"name\":\"Contact\"}]},{\"@type\":\"WebSite\",\"@id\":\"https:\\\/\\\/billingensstugby.se\\\/en\\\/#website\",\"url\":\"https:\\\/\\\/billingensstugby.se\\\/en\\\/\",\"name\":\"Billingens stugby &amp; camping\",\"description\":\"Natursk\u00f6n stugby &amp; camping bel\u00e4gen 3,5 km fr\u00e5n centrum, p\u00e5 berget Billingen. Hyr ut stugor \u00e5ret runt. STF vandrarhem och SCR camping.\",\"publisher\":{\"@id\":\"https:\\\/\\\/billingensstugby.se\\\/en\\\/#organization\"},\"potentialAction\":[{\"@type\":\"SearchAction\",\"target\":{\"@type\":\"EntryPoint\",\"urlTemplate\":\"https:\\\/\\\/billingensstugby.se\\\/en\\\/?s={search_term_string}\"},\"query-input\":{\"@type\":\"PropertyValueSpecification\",\"valueRequired\":true,\"valueName\":\"search_term_string\"}}],\"inLanguage\":\"en-US\"},{\"@type\":\"Organization\",\"@id\":\"https:\\\/\\\/billingensstugby.se\\\/en\\\/#organization\",\"name\":\"Billingens stugby och camping\",\"url\":\"https:\\\/\\\/billingensstugby.se\\\/en\\\/\",\"logo\":{\"@type\":\"ImageObject\",\"inLanguage\":\"en-US\",\"@id\":\"https:\\\/\\\/billingensstugby.se\\\/en\\\/#\\\/schema\\\/logo\\\/image\\\/\",\"url\":\"https:\\\/\\\/billingensstugby.se\\\/wp-content\\\/uploads\\\/2016\\\/11\\\/loggabillingen-e1611223751434.png\",\"contentUrl\":\"https:\\\/\\\/billingensstugby.se\\\/wp-content\\\/uploads\\\/2016\\\/11\\\/loggabillingen-e1611223751434.png\",\"width\":402,\"height\":123,\"caption\":\"Billingens stugby och camping\"},\"image\":{\"@id\":\"https:\\\/\\\/billingensstugby.se\\\/en\\\/#\\\/schema\\\/logo\\\/image\\\/\"},\"sameAs\":[\"https:\\\/\\\/www.instagram.com\\\/billingensstugby\\\/\"]}]}<\/script>\n<!-- \/ Yoast SEO plugin. -->","yoast_head_json":{"title":"Contact - Billingens stugby &amp; camping","description":"Billingens stugby & camping ligger p\u00e5 berget Billingen endast 3 km fr\u00e5n Sk\u00f6vde centrum, h\u00e4r hittar du beskrivning p\u00e5 hur du tar dig b\u00e4st hit. V\u00e4lkommen!","robots":{"index":"index","follow":"follow","max-snippet":"max-snippet:-1","max-image-preview":"max-image-preview:large","max-video-preview":"max-video-preview:-1"},"canonical":"https:\/\/billingensstugby.se\/en\/contact\/","og_locale":"en_US","og_type":"article","og_title":"Contact - Billingens stugby &amp; camping","og_description":"Billingens stugby & camping ligger p\u00e5 berget Billingen endast 3 km fr\u00e5n Sk\u00f6vde centrum, h\u00e4r hittar du beskrivning p\u00e5 hur du tar dig b\u00e4st hit. V\u00e4lkommen!","og_url":"https:\/\/billingensstugby.se\/en\/contact\/","og_site_name":"Billingens stugby &amp; camping","article_modified_time":"2021-06-15T12:35:31+00:00","og_image":[{"width":447,"height":299,"url":"https:\/\/billingensstugby.se\/wp-content\/uploads\/2016\/11\/reception-e1479468726868.jpg","type":"image\/jpeg"}],"twitter_card":"summary_large_image","twitter_misc":{"Est. reading time":"1 minute"},"schema":{"@context":"https:\/\/schema.org","@graph":[{"@type":"WebPage","@id":"https:\/\/billingensstugby.se\/en\/contact\/","url":"https:\/\/billingensstugby.se\/en\/contact\/","name":"Contact - Billingens stugby &amp; camping","isPartOf":{"@id":"https:\/\/billingensstugby.se\/en\/#website"},"primaryImageOfPage":{"@id":"https:\/\/billingensstugby.se\/en\/contact\/#primaryimage"},"image":{"@id":"https:\/\/billingensstugby.se\/en\/contact\/#primaryimage"},"thumbnailUrl":"https:\/\/billingensstugby.se\/wp-content\/uploads\/2024\/07\/705x542-billingen-stugby-foto-tuana-20160702-0027-copy.jpg","datePublished":"2016-11-15T08:20:44+00:00","dateModified":"2021-06-15T12:35:31+00:00","description":"Billingens stugby & camping ligger p\u00e5 berget Billingen endast 3 km fr\u00e5n Sk\u00f6vde centrum, h\u00e4r hittar du beskrivning p\u00e5 hur du tar dig b\u00e4st hit. V\u00e4lkommen!","breadcrumb":{"@id":"https:\/\/billingensstugby.se\/en\/contact\/#breadcrumb"},"inLanguage":"en-US","potentialAction":[{"@type":"ReadAction","target":["https:\/\/billingensstugby.se\/en\/contact\/"]}]},{"@type":"ImageObject","inLanguage":"en-US","@id":"https:\/\/billingensstugby.se\/en\/contact\/#primaryimage","url":"https:\/\/billingensstugby.se\/wp-content\/uploads\/2024\/07\/705x542-billingen-stugby-foto-tuana-20160702-0027-copy.jpg","contentUrl":"https:\/\/billingensstugby.se\/wp-content\/uploads\/2024\/07\/705x542-billingen-stugby-foto-tuana-20160702-0027-copy.jpg","width":833,"height":644},{"@type":"BreadcrumbList","@id":"https:\/\/billingensstugby.se\/en\/contact\/#breadcrumb","itemListElement":[{"@type":"ListItem","position":1,"name":"Hem","item":"https:\/\/billingensstugby.se\/en\/"},{"@type":"ListItem","position":2,"name":"Contact"}]},{"@type":"WebSite","@id":"https:\/\/billingensstugby.se\/en\/#website","url":"https:\/\/billingensstugby.se\/en\/","name":"Billingens stugby &amp; camping","description":"Natursk\u00f6n stugby &amp; camping bel\u00e4gen 3,5 km fr\u00e5n centrum, p\u00e5 berget Billingen. Hyr ut stugor \u00e5ret runt. STF vandrarhem och SCR camping.","publisher":{"@id":"https:\/\/billingensstugby.se\/en\/#organization"},"potentialAction":[{"@type":"SearchAction","target":{"@type":"EntryPoint","urlTemplate":"https:\/\/billingensstugby.se\/en\/?s={search_term_string}"},"query-input":{"@type":"PropertyValueSpecification","valueRequired":true,"valueName":"search_term_string"}}],"inLanguage":"en-US"},{"@type":"Organization","@id":"https:\/\/billingensstugby.se\/en\/#organization","name":"Billingens stugby och camping","url":"https:\/\/billingensstugby.se\/en\/","logo":{"@type":"ImageObject","inLanguage":"en-US","@id":"https:\/\/billingensstugby.se\/en\/#\/schema\/logo\/image\/","url":"https:\/\/billingensstugby.se\/wp-content\/uploads\/2016\/11\/loggabillingen-e1611223751434.png","contentUrl":"https:\/\/billingensstugby.se\/wp-content\/uploads\/2016\/11\/loggabillingen-e1611223751434.png","width":402,"height":123,"caption":"Billingens stugby och camping"},"image":{"@id":"https:\/\/billingensstugby.se\/en\/#\/schema\/logo\/image\/"},"sameAs":["https:\/\/www.instagram.com\/billingensstugby\/"]}]}},"_links":{"self":[{"href":"https:\/\/billingensstugby.se\/en\/wp-json\/wp\/v2\/pages\/2417","targetHints":{"allow":["GET"]}}],"collection":[{"href":"https:\/\/billingensstugby.se\/en\/wp-json\/wp\/v2\/pages"}],"about":[{"href":"https:\/\/billingensstugby.se\/en\/wp-json\/wp\/v2\/types\/page"}],"author":[{"embeddable":true,"href":"https:\/\/billingensstugby.se\/en\/wp-json\/wp\/v2\/users\/12"}],"replies":[{"embeddable":true,"href":"https:\/\/billingensstugby.se\/en\/wp-json\/wp\/v2\/comments?post=2417"}],"version-history":[{"count":7,"href":"https:\/\/billingensstugby.se\/en\/wp-json\/wp\/v2\/pages\/2417\/revisions"}],"predecessor-version":[{"id":2430,"href":"https:\/\/billingensstugby.se\/en\/wp-json\/wp\/v2\/pages\/2417\/revisions\/2430"}],"wp:featuredmedia":[{"embeddable":true,"href":"https:\/\/billingensstugby.se\/en\/wp-json\/wp\/v2\/media\/3755"}],"wp:attachment":[{"href":"https:\/\/billingensstugby.se\/en\/wp-json\/wp\/v2\/media?parent=2417"}],"curies":[{"name":"wp","href":"https:\/\/api.w.org\/{rel}","templated":true}]}}